{"id":85642,"date":"2021-09-19T13:13:48","date_gmt":"2021-09-19T09:21:11","guid":{"rendered":"https:\/\/www.seaflowerstore.com\/nl\/ezeclean-pump-equipment-cleaner-350g\/"},"modified":"2024-03-19T15:47:49","modified_gmt":"2024-03-19T14:47:49","slug":"ezeclean-pump-equipment-cleaner-350g","status":"publish","type":"product","link":"https:\/\/www.seaflowerstore.com\/de\/ezeclean-pump-equipment-cleaner-350g\/","title":{"rendered":"Ezeclean Pump &amp; Equipment Cleaner &#8211; 350g"},"content":{"rendered":"<h2>Ezeclean Pump &amp; Equipment Cleaner &#8211; 350g quickly and easily remove calcareous deposits from your saltwater equipment<\/h2>\n<p>EzeClean wurde entwickelt, um Kalkablagerungen schnell und m\u00fchelos von Ihrer Salzwasserausr\u00fcstung zu entfernen, sodass sie wieder wie neu aussieht. Diese Pulverl\u00f6sung l\u00e4sst sich leicht mit Wasser mischen und ergibt eine S\u00e4urel\u00f6sung, die dicke, verh\u00e4rtete Kalkablagerungen wirksam beseitigt, die mit herk\u00f6mmlichen L\u00f6sungen wie Essig nicht zu bew\u00e4ltigen sind.<\/p>\n<p><strong>1000 Anwendungen<\/strong><\/p>\n<p>Die Formel von EzeClean ist vielseitig und kann \u00fcberall dort eingesetzt werden, wo sich Kalkablagerungen gebildet haben, sei es auf Aquarienausr\u00fcstung oder in Haushalten mit hartem Leitungswasser, das Probleme verursacht. EzeClean entfernt effizient selbst die hartn\u00e4ckigsten Kalkablagerungen. Sie k\u00f6nnen EzeClean zum Reinigen von Pumpen, Absch\u00e4umern, Rohrleitungen, UV-Sterilisatoren, Kalkreaktoren, alten Aquarien und sogar den wei\u00dfen Ablagerungen auf Kalkwasserr\u00fchrern verwenden und so sowohl Funktionalit\u00e4t als auch Aussehen wiederherstellen.<\/p>\n<h2 class=\"sub-title increase-decrease-\">Warnung<\/h2>\n<ul>\n<li>Niemals direkt ins Aquarium geben.<\/li>\n<li>Das Einatmen des Pulvers vermeiden.<\/li>\n<li>Bei Augenkontakt sofort mit reichlich lauwarmem Wasser aussp\u00fclen.<\/li>\n<\/ul>\n","protected":false},"excerpt":{"rendered":"<p>Ezeclean Pump &amp; Equipment Cleaner &#8211; 350g quickly and easily remove calcareous deposits from your saltwater equipment<\/p>\n","protected":false},"featured_media":83798,"template":"","meta":[],"pwb-brand":[2137],"product_cat":[1430],"product_tag":[],"class_list":{"0":"post-85642","1":"product","2":"type-product","3":"status-publish","4":"has-post-thumbnail","6":"pwb-brand-d-d-the-aquarium-solution","7":"product_cat-reinigungsmittel","9":"first","10":"instock","11":"taxable","12":"shipping-taxable","13":"purchasable","14":"product-type-simple"},"acf":[],"brands":[{"id":2137,"name":"D-D the aquarium solution","slug":"d-d-the-aquarium-solution"}],"_links":{"self":[{"href":"https:\/\/www.seaflowerstore.com\/de\/wp-json\/wp\/v2\/product\/85642","targetHints":{"allow":["GET"]}}],"collection":[{"href":"https:\/\/www.seaflowerstore.com\/de\/wp-json\/wp\/v2\/product"}],"about":[{"href":"https:\/\/www.seaflowerstore.com\/de\/wp-json\/wp\/v2\/types\/product"}],"wp:featuredmedia":[{"embeddable":true,"href":"https:\/\/www.seaflowerstore.com\/de\/wp-json\/wp\/v2\/media\/83798"}],"wp:attachment":[{"href":"https:\/\/www.seaflowerstore.com\/de\/wp-json\/wp\/v2\/media?parent=85642"}],"wp:term":[{"taxonomy":"pwb-brand","embeddable":true,"href":"https:\/\/www.seaflowerstore.com\/de\/wp-json\/wp\/v2\/pwb-brand?post=85642"},{"taxonomy":"product_cat","embeddable":true,"href":"https:\/\/www.seaflowerstore.com\/de\/wp-json\/wp\/v2\/product_cat?post=85642"},{"taxonomy":"product_tag","embeddable":true,"href":"https:\/\/www.seaflowerstore.com\/de\/wp-json\/wp\/v2\/product_tag?post=85642"}],"curies":[{"name":"wp","href":"https:\/\/api.w.org\/{rel}","templated":true}]}}