{"id":85643,"date":"2021-09-16T13:43:15","date_gmt":"2021-09-16T11:43:15","guid":{"rendered":"https:\/\/www.seaflowerstore.com\/nl\/esha-ndx-20ml\/"},"modified":"2025-07-10T16:40:23","modified_gmt":"2025-07-10T14:40:23","slug":"esha-ndx-20ml","status":"publish","type":"product","link":"https:\/\/www.seaflowerstore.com\/de\/esha-ndx-20ml\/","title":{"rendered":"eSHa -ndx &#8211; 20ml"},"content":{"rendered":"<h2>eSHa -ndx &#8211; 20ml against parasitic Nematodes (roundworms) in freshwater and seawater<\/h2>\n<p><strong>eSHa-ndx<\/strong> ist eine spezielle Antihelminthikum-L\u00f6sung f\u00fcr Zierfische in S\u00fc\u00df- und Salzwasser. Dieses Produkt bek\u00e4mpft wirksam verschiedene parasit\u00e4re Fadenwurmarten, darunter:<\/p>\n<ul>\n<li>Anisakis<\/li>\n<li>Camallanus<\/li>\n<li>Capillaria<\/li>\n<li>Pseudocapillaria<\/li>\n<li>Oxyuris<\/li>\n<li>Eustrongylides<\/li>\n<li>Und viele andere<\/li>\n<\/ul>\n<p>Neben seiner Wirksamkeit gegen Fadenw\u00fcrmer beseitigt es auch Planarien und andere nichtparasit\u00e4re W\u00fcrmer. M\u00f6glicherweise bemerken Sie Symptome eines Nematodenbefalls, wie Gewichtsverlust, verminderten Appetit oder sichtbare Ausst\u00fclpungen um den After, insbesondere bei Camallanus cotti.<\/p>\n<p>Mit dieser 20-ml-Flasche k\u00f6nnen bis zu 450 Liter Aquarienwasser behandelt werden, was sie zu einer hervorragenden Wahl f\u00fcr die Aufrechterhaltung einer gesunden Umgebung f\u00fcr Ihre Fische macht.<\/p>\n","protected":false},"excerpt":{"rendered":"<p>eSHa -ndx &#8211; 20ml against parasitic Nematodes (roundworms) in freshwater and seawater<\/p>\n","protected":false},"featured_media":83797,"template":"","meta":[],"pwb-brand":[2287],"product_cat":[1390,1432],"product_tag":[],"class_list":{"0":"post-85643","1":"product","2":"type-product","3":"status-publish","4":"has-post-thumbnail","6":"pwb-brand-esha","7":"product_cat-medikamente","8":"product_cat-medikation","10":"first","11":"outofstock","12":"sale","13":"taxable","14":"shipping-taxable","15":"purchasable","16":"product-type-simple"},"acf":[],"brands":[{"id":2287,"name":"eSHa","slug":"esha"}],"_links":{"self":[{"href":"https:\/\/www.seaflowerstore.com\/de\/wp-json\/wp\/v2\/product\/85643","targetHints":{"allow":["GET"]}}],"collection":[{"href":"https:\/\/www.seaflowerstore.com\/de\/wp-json\/wp\/v2\/product"}],"about":[{"href":"https:\/\/www.seaflowerstore.com\/de\/wp-json\/wp\/v2\/types\/product"}],"wp:featuredmedia":[{"embeddable":true,"href":"https:\/\/www.seaflowerstore.com\/de\/wp-json\/wp\/v2\/media\/83797"}],"wp:attachment":[{"href":"https:\/\/www.seaflowerstore.com\/de\/wp-json\/wp\/v2\/media?parent=85643"}],"wp:term":[{"taxonomy":"pwb-brand","embeddable":true,"href":"https:\/\/www.seaflowerstore.com\/de\/wp-json\/wp\/v2\/pwb-brand?post=85643"},{"taxonomy":"product_cat","embeddable":true,"href":"https:\/\/www.seaflowerstore.com\/de\/wp-json\/wp\/v2\/product_cat?post=85643"},{"taxonomy":"product_tag","embeddable":true,"href":"https:\/\/www.seaflowerstore.com\/de\/wp-json\/wp\/v2\/product_tag?post=85643"}],"curies":[{"name":"wp","href":"https:\/\/api.w.org\/{rel}","templated":true}]}}