{"id":85652,"date":"2021-09-14T19:40:49","date_gmt":"2021-09-14T17:40:49","guid":{"rendered":"https:\/\/www.seaflowerstore.com\/nl\/adaptive-reef-controller-cabinet-recessed-faceplate-white\/"},"modified":"2024-03-19T15:47:37","modified_gmt":"2024-03-19T14:47:37","slug":"adaptive-reef-controller-cabinet-recessed-faceplate-white","status":"publish","type":"product","link":"https:\/\/www.seaflowerstore.com\/de\/adaptive-reef-controller-cabinet-recessed-faceplate-white\/","title":{"rendered":"Adaptive Reef Controller Cabinet Recessed Faceplate &#8211; White"},"content":{"rendered":"<h2>Adaptive Reef Controller Cabinet Recessed Faceplate &#8211; White &#8211; Double Slat<\/h2>\n<p>Versenkte Frontplatten erm\u00f6glichen eine elegante und b\u00fcndige Installation und verbessern das Gesamterscheinungsbild Ihres Schranks f\u00fcr ein gehobeneres und individuelleres Aussehen. Sie sind mit einer Vielzahl von Aquariensteuerungen, Pumpensteuerungen und automatischen Nachf\u00fcllsteuerungen (ATO) kompatibel.<\/p>\n<p><strong>Einige beliebte Beispiele sind:<\/strong><\/p>\n<ul>\n<li>EcoTech Marine VorTech Pumpensteuerungen<\/li>\n<li>IceCap Gyre Dual Pumpensteuerungen<\/li>\n<li>Reef Octopus VarioS und Octo Pulse Steuerungen<\/li>\n<li>HYDROS-Reihe intelligenter Ger\u00e4te \u2013 einschlie\u00dflich WaveEngine, Control 2 und Control 4.<\/li>\n<\/ul>\n<p>Diese Frontplatte nutzt zwei der acht verf\u00fcgbaren Steckpl\u00e4tze im Controller-Schrank.<\/p>\n","protected":false},"excerpt":{"rendered":"<p>Adaptive Reef Controller Cabinet Recessed Faceplate &#8211; White &#8211; Double Slat<\/p>\n","protected":false},"featured_media":83789,"template":"","meta":[],"pwb-brand":[2301],"product_cat":[1451],"product_tag":[],"class_list":{"0":"post-85652","1":"product","2":"type-product","3":"status-publish","4":"has-post-thumbnail","6":"pwb-brand-adaptive-reef","7":"product_cat-zubehoer","9":"first","10":"instock","11":"taxable","12":"shipping-taxable","13":"purchasable","14":"product-type-simple"},"acf":[],"brands":[{"id":2301,"name":"Adaptive Reef","slug":"adaptive-reef"}],"_links":{"self":[{"href":"https:\/\/www.seaflowerstore.com\/de\/wp-json\/wp\/v2\/product\/85652","targetHints":{"allow":["GET"]}}],"collection":[{"href":"https:\/\/www.seaflowerstore.com\/de\/wp-json\/wp\/v2\/product"}],"about":[{"href":"https:\/\/www.seaflowerstore.com\/de\/wp-json\/wp\/v2\/types\/product"}],"wp:featuredmedia":[{"embeddable":true,"href":"https:\/\/www.seaflowerstore.com\/de\/wp-json\/wp\/v2\/media\/83789"}],"wp:attachment":[{"href":"https:\/\/www.seaflowerstore.com\/de\/wp-json\/wp\/v2\/media?parent=85652"}],"wp:term":[{"taxonomy":"pwb-brand","embeddable":true,"href":"https:\/\/www.seaflowerstore.com\/de\/wp-json\/wp\/v2\/pwb-brand?post=85652"},{"taxonomy":"product_cat","embeddable":true,"href":"https:\/\/www.seaflowerstore.com\/de\/wp-json\/wp\/v2\/product_cat?post=85652"},{"taxonomy":"product_tag","embeddable":true,"href":"https:\/\/www.seaflowerstore.com\/de\/wp-json\/wp\/v2\/product_tag?post=85652"}],"curies":[{"name":"wp","href":"https:\/\/api.w.org\/{rel}","templated":true}]}}