{"id":85657,"date":"2021-09-11T18:09:54","date_gmt":"2021-09-11T14:11:12","guid":{"rendered":"https:\/\/www.seaflowerstore.com\/nl\/adaptive-reef-deluxe-aquarium-controller-board-white\/"},"modified":"2024-03-19T15:47:30","modified_gmt":"2024-03-19T14:47:30","slug":"adaptive-reef-deluxe-aquarium-controller-board-white","status":"publish","type":"product","link":"https:\/\/www.seaflowerstore.com\/de\/adaptive-reef-deluxe-aquarium-controller-board-white\/","title":{"rendered":"Adaptive Reef Deluxe Aquarium Controller Board White"},"content":{"rendered":"<h2>Adaptive Reef Deluxe Aquarium Controller Board White<\/h2>\n<p>Das Deluxe Controller Board ist mit 13 Ausschnitten ausgestattet \u2013 9 kleine (3&#8243; B x 1,25&#8243; H) und 4 gro\u00dfe (1,25&#8243; B x 6&#8243; H) \u2013 die eine einfache Kabelf\u00fchrung hinter dem Board erm\u00f6glichen. Dieses Kit enth\u00e4lt au\u00dferdem Ausschnittstopfen und verf\u00fcgt \u00fcber 2 kleine Ablagen auf der R\u00fcckseite sowie vier kleine Schienen zur Sicherung der Kabel und zur Aufrechterhaltung einer ordentlichen Anordnung. Zus\u00e4tzlich sind gr\u00f6\u00dfere Zubeh\u00f6rregale separat erh\u00e4ltlich, die an der Platine montiert werden k\u00f6nnen, um verschiedene Arten von Ger\u00e4ten zu tragen, wie Dosierpumpen oder Beh\u00e4lter, die nicht direkt montiert werden k\u00f6nnen.<\/p>\n<h3><strong>Spezifikationen:<\/strong><\/h3>\n<p><strong>Platinenabmessungen: <\/strong>41 x 64 x 9 cm<\/p>\n<p><strong>Dicke der Frontplatte:<\/strong> 1,27 cm<\/p>\n<p><strong>Kabelaussparungen:<\/strong> 13 insgesamt (9 x 7,60 x 3, 4 x 4 x 3 x 15 cm)<\/p>\n<p><strong>Internes Regal:<\/strong> 2 x 18 x 6,35 cm<\/p>\n<p><strong>Kabelschienen:<\/strong> 4<\/p>\n<h3><strong>Enthalten:<\/strong><\/h3>\n<ul>\n<li>1x Deluxe Controller Board, Wei\u00df<\/li>\n<li>6x Kabelaussparungsstopfen<\/li>\n<li>3x Kabelf\u00fchrungst\u00fcllen<\/li>\n<\/ul>\n","protected":false},"excerpt":{"rendered":"<p>Keep all of your aquarium equipment safe and organized with the Adaptive Reef\u00a0<span style=\"font-size: 14.4px\">Deluxe<\/span><span style=\"font-size: 14.4px\"> Aquarium Controller Board<\/span><\/p>\n","protected":false},"featured_media":83783,"template":"","meta":[],"pwb-brand":[2301],"product_cat":[1496],"product_tag":[],"class_list":{"0":"post-85657","1":"product","2":"type-product","3":"status-publish","4":"has-post-thumbnail","6":"pwb-brand-adaptive-reef","7":"product_cat-adaptive-reef","9":"first","10":"instock","11":"taxable","12":"shipping-taxable","13":"purchasable","14":"product-type-simple"},"acf":[],"brands":[{"id":2301,"name":"Adaptive Reef","slug":"adaptive-reef"}],"_links":{"self":[{"href":"https:\/\/www.seaflowerstore.com\/de\/wp-json\/wp\/v2\/product\/85657","targetHints":{"allow":["GET"]}}],"collection":[{"href":"https:\/\/www.seaflowerstore.com\/de\/wp-json\/wp\/v2\/product"}],"about":[{"href":"https:\/\/www.seaflowerstore.com\/de\/wp-json\/wp\/v2\/types\/product"}],"wp:featuredmedia":[{"embeddable":true,"href":"https:\/\/www.seaflowerstore.com\/de\/wp-json\/wp\/v2\/media\/83783"}],"wp:attachment":[{"href":"https:\/\/www.seaflowerstore.com\/de\/wp-json\/wp\/v2\/media?parent=85657"}],"wp:term":[{"taxonomy":"pwb-brand","embeddable":true,"href":"https:\/\/www.seaflowerstore.com\/de\/wp-json\/wp\/v2\/pwb-brand?post=85657"},{"taxonomy":"product_cat","embeddable":true,"href":"https:\/\/www.seaflowerstore.com\/de\/wp-json\/wp\/v2\/product_cat?post=85657"},{"taxonomy":"product_tag","embeddable":true,"href":"https:\/\/www.seaflowerstore.com\/de\/wp-json\/wp\/v2\/product_tag?post=85657"}],"curies":[{"name":"wp","href":"https:\/\/api.w.org\/{rel}","templated":true}]}}