{"id":85658,"date":"2021-09-11T17:57:20","date_gmt":"2021-09-11T13:58:07","guid":{"rendered":"https:\/\/www.seaflowerstore.com\/nl\/adaptive-reef-deluxe-aquarium-controller-board-black\/"},"modified":"2024-03-19T15:47:29","modified_gmt":"2024-03-19T14:47:29","slug":"adaptive-reef-deluxe-aquarium-controller-board-black","status":"publish","type":"product","link":"https:\/\/www.seaflowerstore.com\/de\/adaptive-reef-deluxe-aquarium-controller-board-black\/","title":{"rendered":"Adaptive Reef Deluxe Aquarium Controller Board Black"},"content":{"rendered":"<h2>Adaptive Reef Deluxe Aquarium Controller Board Black<\/h2>\n<p>Das Deluxe Controller Board ist mit 13 Ausschnitten ausgestattet, darunter 9 kleine (3&#8243; B x 1,25&#8243; H) und 4 gro\u00dfe (1,25&#8243; B x 6&#8243; H), sodass sich Kabel einfach hinter dem Board verlegen lassen. Das Kit wird mit Ausschnittstopfen geliefert und verf\u00fcgt \u00fcber 2 kleine Ablagen auf der R\u00fcckseite. Zus\u00e4tzlich gibt es auf der R\u00fcckseite des Boards vier kleine Schienen, um die Kabel zu sichern und alles ordentlich zu halten. F\u00fcr diejenigen, die mehr Platz ben\u00f6tigen, sind gr\u00f6\u00dfere Zubeh\u00f6rablagen separat erh\u00e4ltlich. Diese Regale k\u00f6nnen an der Platine befestigt werden und eignen sich perfekt zur Aufnahme anderer Ger\u00e4te wie Dosierpumpen oder Beh\u00e4lter, die nicht direkt an der Platine befestigt werden k\u00f6nnen.<\/p>\n<h3><strong>Spezifikationen:<\/strong><\/h3>\n<p><strong>Plattenabmessungen:<\/strong> 41 x 64 x 9 cm<\/p>\n<p><strong>Dicke der Frontplatte:<\/strong> 1,27 cm<\/p>\n<p><strong>Kabelaussparungen:<\/strong> 13 insgesamt (9 x 7,60 x 3 cm, 4 x 4 x 3 x 15 cm)<\/p>\n<p><strong>Internes Regal:<\/strong> 2 x 18 x 6,35 cm<\/p>\n<p><strong>Kabelschienen:<\/strong> 4<\/p>\n<h3><strong>Im Lieferumfang enthalten<\/strong><\/h3>\n<ul>\n<li>1 x Deluxe-Controller-Platine, schwarz<\/li>\n<li>6 x Kabel Ausschnittstopfen<\/li>\n<li>3x Kabelf\u00fchrungst\u00fcllen<\/li>\n<\/ul>\n","protected":false},"excerpt":{"rendered":"<p>Keep all of your aquarium equipment safe and organized with the Adaptive Reef\u00a0<span style=\"font-size: 14.4px\">Deluxe<\/span><span style=\"font-size: 14.4px\"> Aquarium Controller Board<\/span><\/p>\n","protected":false},"featured_media":83781,"template":"","meta":[],"pwb-brand":[2301],"product_cat":[1496],"product_tag":[],"class_list":{"0":"post-85658","1":"product","2":"type-product","3":"status-publish","4":"has-post-thumbnail","6":"pwb-brand-adaptive-reef","7":"product_cat-adaptive-reef","9":"first","10":"instock","11":"taxable","12":"shipping-taxable","13":"purchasable","14":"product-type-simple"},"acf":[],"brands":[{"id":2301,"name":"Adaptive Reef","slug":"adaptive-reef"}],"_links":{"self":[{"href":"https:\/\/www.seaflowerstore.com\/de\/wp-json\/wp\/v2\/product\/85658","targetHints":{"allow":["GET"]}}],"collection":[{"href":"https:\/\/www.seaflowerstore.com\/de\/wp-json\/wp\/v2\/product"}],"about":[{"href":"https:\/\/www.seaflowerstore.com\/de\/wp-json\/wp\/v2\/types\/product"}],"wp:featuredmedia":[{"embeddable":true,"href":"https:\/\/www.seaflowerstore.com\/de\/wp-json\/wp\/v2\/media\/83781"}],"wp:attachment":[{"href":"https:\/\/www.seaflowerstore.com\/de\/wp-json\/wp\/v2\/media?parent=85658"}],"wp:term":[{"taxonomy":"pwb-brand","embeddable":true,"href":"https:\/\/www.seaflowerstore.com\/de\/wp-json\/wp\/v2\/pwb-brand?post=85658"},{"taxonomy":"product_cat","embeddable":true,"href":"https:\/\/www.seaflowerstore.com\/de\/wp-json\/wp\/v2\/product_cat?post=85658"},{"taxonomy":"product_tag","embeddable":true,"href":"https:\/\/www.seaflowerstore.com\/de\/wp-json\/wp\/v2\/product_tag?post=85658"}],"curies":[{"name":"wp","href":"https:\/\/api.w.org\/{rel}","templated":true}]}}