{"id":85660,"date":"2021-09-09T14:29:10","date_gmt":"2021-09-09T12:29:10","guid":{"rendered":"https:\/\/www.seaflowerstore.com\/nl\/hanna-dist-4-ec-tot-1999-ms-cm-tester\/"},"modified":"2024-03-19T15:47:16","modified_gmt":"2024-03-19T14:47:16","slug":"hanna-dist-4-ec-tot-1999-ms-cm-tester","status":"publish","type":"product","link":"https:\/\/www.seaflowerstore.com\/de\/hanna-dist-4-ec-tot-1999-ms-cm-tester\/","title":{"rendered":"Hanna Dist 4 EC tot 19,99 mS\/cm tester"},"content":{"rendered":"<h2>Hanna Dist 4 HI98304 pocket conductivity (EC) up to 19.99 mS\/cm tester<\/h2>\n<p>Der Hanna Instruments HI98304 DiST 4 ist ein erstklassiger elektrolytischer Leitf\u00e4higkeitstester (EC), der Werte bis zu 20,00 mS\/cm messen kann. Diese Funktion macht ihn perfekt f\u00fcr eine breite Palette von Anwendungen, wie Wasseraufbereitung, Kessel, K\u00fchlt\u00fcrme, Landwirtschaft (einschlie\u00dflich Hydrokultur) und allgemeine Laboraufgaben.<\/p>\n<p>Der DiST 4 ist ein langlebiger und zuverl\u00e4ssiger Tester im Taschenformat, der sowohl f\u00fcr den Einsatz im Labor als auch im Feld geeignet ist. Mit seinem modernen Design ist er nur 0,7 Zoll dick, sodass er bequem in Ihrer Hand liegt.<\/p>\n<p>Dieser Tester ist auf Einfachheit ausgelegt und verf\u00fcgt \u00fcber eine unkomplizierte Zwei-Tasten-Bedienung: eine Taste zum Ein- und Ausschalten und die andere zur Kalibrierung.<\/p>\n<ul>\n<li><strong>Gro\u00dfes mehrstufiges LCD<\/strong><\/li>\n<li><strong>Freiliegender Temperaturf\u00fchler f\u00fcr schnelle Reaktion<\/strong><\/li>\n<li><strong>Einfache Zwei-Tasten-Bedienung<\/strong><\/li>\n<\/ul>\n","protected":false},"excerpt":{"rendered":"<p>Hanna Dist 4 HI98304 pocket conductivity (EC) up to 19.99 mS\/cm tester<\/p>\n","protected":false},"featured_media":83761,"template":"","meta":[],"pwb-brand":[2229],"product_cat":[1400],"product_tag":[],"class_list":{"0":"post-85660","1":"product","2":"type-product","3":"status-publish","4":"has-post-thumbnail","6":"pwb-brand-hanna-instruments","7":"product_cat-tester","9":"first","10":"instock","11":"taxable","12":"shipping-taxable","13":"purchasable","14":"product-type-simple"},"acf":[],"brands":[{"id":2229,"name":"Hanna Instruments","slug":"hanna-instruments"}],"_links":{"self":[{"href":"https:\/\/www.seaflowerstore.com\/de\/wp-json\/wp\/v2\/product\/85660","targetHints":{"allow":["GET"]}}],"collection":[{"href":"https:\/\/www.seaflowerstore.com\/de\/wp-json\/wp\/v2\/product"}],"about":[{"href":"https:\/\/www.seaflowerstore.com\/de\/wp-json\/wp\/v2\/types\/product"}],"wp:featuredmedia":[{"embeddable":true,"href":"https:\/\/www.seaflowerstore.com\/de\/wp-json\/wp\/v2\/media\/83761"}],"wp:attachment":[{"href":"https:\/\/www.seaflowerstore.com\/de\/wp-json\/wp\/v2\/media?parent=85660"}],"wp:term":[{"taxonomy":"pwb-brand","embeddable":true,"href":"https:\/\/www.seaflowerstore.com\/de\/wp-json\/wp\/v2\/pwb-brand?post=85660"},{"taxonomy":"product_cat","embeddable":true,"href":"https:\/\/www.seaflowerstore.com\/de\/wp-json\/wp\/v2\/product_cat?post=85660"},{"taxonomy":"product_tag","embeddable":true,"href":"https:\/\/www.seaflowerstore.com\/de\/wp-json\/wp\/v2\/product_tag?post=85660"}],"curies":[{"name":"wp","href":"https:\/\/api.w.org\/{rel}","templated":true}]}}