{"id":85662,"date":"2021-09-09T12:05:25","date_gmt":"2021-09-09T10:05:25","guid":{"rendered":"https:\/\/www.seaflowerstore.com\/nl\/soft-spirulina-soft-pearls-l\/"},"modified":"2025-01-31T09:18:14","modified_gmt":"2025-01-31T08:18:14","slug":"soft-spirulina-soft-pearls-l","status":"publish","type":"product","link":"https:\/\/www.seaflowerstore.com\/de\/soft-spirulina-soft-pearls-l\/","title":{"rendered":"Soft Spirulina Soft Pearls L"},"content":{"rendered":"<h2>Fauna Marin Soft Spirulina Soft Pearls L is a soft granulate feed with extremely high nutrients and active ingredients for all herbivorous marine fish<\/h2>\n<p>Fauna Marin Soft Spirulina ist ein Hauptfutter f\u00fcr Meerwasserzierfische. Es liefert vollwertige und fl\u00fcchtige Proteine, sorgt f\u00fcr eine bestm\u00f6gliche Futterverwertung und n\u00e4hrt gleichzeitig die Korallen in Ihrem Meerwasseraquarium. Dieses Produkt bietet hochwertige Proteine, die das Wachstum der Fische unterst\u00fctzen und ihr Immunsystem st\u00e4rken und ist somit ein Alleinfuttermittel f\u00fcr Meerwasserzierfische.<\/p>\n<p><strong>F\u00fctterungsempfehlung:<\/strong> F\u00fcttern Sie mehrmals t\u00e4glich in kleinen Dosen.<\/p>\n<p lang=\"de-DE\" align=\"LEFT\"><span style=\"color: #000000\"><span lang=\"en-US\">Dieses hochn\u00e4hrstoffreiche Futter ist ideal f\u00fcr alle Meerwasserzierfische. Es ist reich an Rohprotein, verdaulichen Aminos\u00e4uren, Fetts\u00e4uren und essentiellen Vitaminen und eignet sich daher ideal zur St\u00e4rkung des Immunsystems Ihrer Fische und liefert ihnen die wichtigsten N\u00e4hrstoffe, die sie f\u00fcr eine vollwertige Ern\u00e4hrung ben\u00f6tigen.<\/span><\/span><\/p>\n<p lang=\"de-DE\" align=\"LEFT\"><span style=\"color: #000000\"><span lang=\"en-US\">Die Formel enth\u00e4lt essentielle Meeresalgen und Kelp.<\/span><\/span><\/p>\n<p lang=\"de-DE\" align=\"LEFT\"><span style=\"color: #000000\"><span lang=\"en-US\">Granulatgr\u00f6\u00dfe: \u201eL\u201c: 1,8 mm<\/span><\/span><\/p>\n<p lang=\"de-DE\" align=\"LEFT\"><span style=\"color: #000000\"><span lang=\"en-US\"><strong>ZUTATEN:<\/strong> Ganze Fische und Fischnebenprodukte, Weich- und Krebstiere, \u00d6le und Fette, 2 % Algen (Spirulina), Hefen.<\/span><\/span><\/p>\n<p lang=\"de-DE\" align=\"LEFT\"><span style=\"color: #000000\"><span lang=\"en-US\">ZUSATZSTOFFE pro kg: Vitamin D3 (E671) 600 i.E.; Spurenelemente: Eisensulfat-Monohydrat (E1) 50 mg, Calciumjodat, wasserfrei (E2) 2,2 mg, Kupfersulfat-Pentahydrat (E4) 6 mg, Mangansulfat-Monohydrat (E5) 17 mg, Zinksulfat-Monohydrat (E6) 120 mg; Antioxidantien: 57 mg;<\/span><\/span><\/p>\n<p lang=\"de-DE\" align=\"LEFT\"><span style=\"color: #000000\"><span lang=\"en-US\">N\u00e4hrstoffzusammensetzung: Protein 59 %, Fett 16 %, Ballaststoffe 1 %, Asche 9 %.<\/span><\/span><\/p>\n<p lang=\"de-DE\" align=\"LEFT\"><span style=\"color: #000000\"><span lang=\"en-US\">HAFTUNGSAUSSCHLUSS: Dieses Produkt ist nur zur F\u00fctterung von Zierfischen bestimmt.<\/span><\/span><\/p>\n","protected":false},"excerpt":{"rendered":"<p>Fauna Marin Soft Spirulina Soft Pearls L is a soft granulate feed with extremely high nutrients and active ingredients for all herbivorous marine fish<\/p>\n","protected":false},"featured_media":83756,"template":"","meta":[],"pwb-brand":[2177],"product_cat":[1437,1438,1424,741],"product_tag":[],"class_list":{"0":"post-85662","1":"product","2":"type-product","3":"status-publish","4":"has-post-thumbnail","6":"pwb-brand-fauna-marin","7":"product_cat-fauna-marin-de","8":"product_cat-fischfutter","9":"product_cat-futter","10":"product_cat-brands","11":"pa_content-100-ml","12":"pa_content-250-ml","13":"pa_inhoud-100-ml-de","14":"pa_inhoud-250-ml-de","16":"first","17":"instock","18":"taxable","19":"shipping-taxable","20":"purchasable","21":"product-type-variable"},"acf":[],"brands":[{"id":2177,"name":"Fauna Marin","slug":"fauna-marin"}],"_links":{"self":[{"href":"https:\/\/www.seaflowerstore.com\/de\/wp-json\/wp\/v2\/product\/85662","targetHints":{"allow":["GET"]}}],"collection":[{"href":"https:\/\/www.seaflowerstore.com\/de\/wp-json\/wp\/v2\/product"}],"about":[{"href":"https:\/\/www.seaflowerstore.com\/de\/wp-json\/wp\/v2\/types\/product"}],"wp:featuredmedia":[{"embeddable":true,"href":"https:\/\/www.seaflowerstore.com\/de\/wp-json\/wp\/v2\/media\/83756"}],"wp:attachment":[{"href":"https:\/\/www.seaflowerstore.com\/de\/wp-json\/wp\/v2\/media?parent=85662"}],"wp:term":[{"taxonomy":"pwb-brand","embeddable":true,"href":"https:\/\/www.seaflowerstore.com\/de\/wp-json\/wp\/v2\/pwb-brand?post=85662"},{"taxonomy":"product_cat","embeddable":true,"href":"https:\/\/www.seaflowerstore.com\/de\/wp-json\/wp\/v2\/product_cat?post=85662"},{"taxonomy":"product_tag","embeddable":true,"href":"https:\/\/www.seaflowerstore.com\/de\/wp-json\/wp\/v2\/product_tag?post=85662"}],"curies":[{"name":"wp","href":"https:\/\/api.w.org\/{rel}","templated":true}]}}