{"id":85665,"date":"2021-09-09T09:52:38","date_gmt":"2021-09-09T07:52:38","guid":{"rendered":"https:\/\/www.seaflowerstore.com\/nl\/soft-spirulina-soft-pearls-m\/"},"modified":"2025-01-10T17:57:25","modified_gmt":"2025-01-10T16:57:25","slug":"soft-spirulina-soft-pearls-m","status":"publish","type":"product","link":"https:\/\/www.seaflowerstore.com\/de\/soft-spirulina-soft-pearls-m\/","title":{"rendered":"Soft Spirulina Soft Pearls M"},"content":{"rendered":"<h2>Fauna Marin Soft Spirulina Soft Pearls M is a soft granulate feed with extremely high nutrients and active ingredients for all herbivorous marine fish<\/h2>\n<p>Fauna Marin Soft Spirulina dient als Hauptfutter f\u00fcr Meerwasserzierfische. Es liefert vollwertige und fl\u00fcchtige Proteine, sorgt f\u00fcr eine optimale Futterverwertung und kommt gleichzeitig den Korallen in Ihrem Meerwasseraquarium zugute. Dieses hochwertige Futter unterst\u00fctzt das Fischwachstum und st\u00e4rkt ihr Immunsystem, was es zu einer vollst\u00e4ndigen Ern\u00e4hrungsl\u00f6sung f\u00fcr Meerwasserzierfische macht.<\/p>\n<p><strong>F\u00fctterungsempfehlung:<\/strong><\/p>\n<p>Es wird empfohlen, mehrmals t\u00e4glich in kleinen Dosen zu f\u00fcttern.<\/p>\n<p>Dieses sehr nahrhafte Futter ist perfekt f\u00fcr alle Meerwasserzierfische. Es ist reich an Rohprotein, verdaulichen Aminos\u00e4uren, Fetts\u00e4uren und essentiellen Vitaminen. Dieses Produkt ist ideal, um das Immunsystem Ihrer Fische zu st\u00e4rken und ihnen die wichtigsten N\u00e4hrstoffe f\u00fcr eine umfassende Ern\u00e4hrung zu liefern.<\/p>\n<p>Es enth\u00e4lt wichtige Meeresalgen und Kelp.<\/p>\n<p><strong>Granulatgr\u00f6\u00dfe: \u201eM\u201c: 1 mm<\/strong><\/p>\n<p><strong>ZUTATEN:<\/strong> Ganze Fische und Fischnebenerzeugnisse, Weich- und Krebstiere, \u00d6le und Fette, 2 % Algen (Spirulina), Hefen.<\/p>\n<p><strong>ZUSATZSTOFFE pro kg:<\/strong> Vitamin D3 (E671) 600 i.E.; Spurenelemente: Eisensulfat-Monohydrat (E1) 50 mg, Calciumjodat, wasserfrei (E2) 2,2 mg, Kupfersulfat-Pentahydrat (E4) 6 mg, Mangansulfat-Monohydrat (E5) 17 mg, Zinksulfat-Monohydrat (E6) 120 mg; Antioxidantien: 57 mg.<\/p>\n<p><strong>N\u00c4HRWERTE:<\/strong> Protein 59 %, Fett 16 %, Ballaststoffe 1 %, Asche 9 %.<\/p>\n<p><strong>HAFTUNGSAUSSCHLUSS:<\/strong> Bitte verwenden Sie dieses Produkt ausschlie\u00dflich zur F\u00fctterung von Zierfischen.<\/p>\n","protected":false},"excerpt":{"rendered":"<p>Fauna Marin Soft Spirulina Soft Pearls M is a soft granulate feed with extremely high nutrients and active ingredients for all herbivorous marine fish<\/p>\n","protected":false},"featured_media":83754,"template":"","meta":[],"pwb-brand":[2177],"product_cat":[1437,1438,1424,741],"product_tag":[],"class_list":{"0":"post-85665","1":"product","2":"type-product","3":"status-publish","4":"has-post-thumbnail","6":"pwb-brand-fauna-marin","7":"product_cat-fauna-marin-de","8":"product_cat-fischfutter","9":"product_cat-futter","10":"product_cat-brands","11":"pa_content-100-ml","12":"pa_content-250-ml","13":"pa_inhoud-100-ml-de","14":"pa_inhoud-250-ml-de","16":"first","17":"instock","18":"taxable","19":"shipping-taxable","20":"purchasable","21":"product-type-variable"},"acf":[],"brands":[{"id":2177,"name":"Fauna Marin","slug":"fauna-marin"}],"_links":{"self":[{"href":"https:\/\/www.seaflowerstore.com\/de\/wp-json\/wp\/v2\/product\/85665","targetHints":{"allow":["GET"]}}],"collection":[{"href":"https:\/\/www.seaflowerstore.com\/de\/wp-json\/wp\/v2\/product"}],"about":[{"href":"https:\/\/www.seaflowerstore.com\/de\/wp-json\/wp\/v2\/types\/product"}],"wp:featuredmedia":[{"embeddable":true,"href":"https:\/\/www.seaflowerstore.com\/de\/wp-json\/wp\/v2\/media\/83754"}],"wp:attachment":[{"href":"https:\/\/www.seaflowerstore.com\/de\/wp-json\/wp\/v2\/media?parent=85665"}],"wp:term":[{"taxonomy":"pwb-brand","embeddable":true,"href":"https:\/\/www.seaflowerstore.com\/de\/wp-json\/wp\/v2\/pwb-brand?post=85665"},{"taxonomy":"product_cat","embeddable":true,"href":"https:\/\/www.seaflowerstore.com\/de\/wp-json\/wp\/v2\/product_cat?post=85665"},{"taxonomy":"product_tag","embeddable":true,"href":"https:\/\/www.seaflowerstore.com\/de\/wp-json\/wp\/v2\/product_tag?post=85665"}],"curies":[{"name":"wp","href":"https:\/\/api.w.org\/{rel}","templated":true}]}}