{"id":85668,"date":"2021-09-05T16:26:58","date_gmt":"2021-09-05T14:26:58","guid":{"rendered":"https:\/\/www.seaflowerstore.com\/nl\/fauna-marin-soft-protect-l\/"},"modified":"2024-03-19T15:47:07","modified_gmt":"2024-03-19T14:47:07","slug":"fauna-marin-soft-protect-l","status":"publish","type":"product","link":"https:\/\/www.seaflowerstore.com\/de\/fauna-marin-soft-protect-l\/","title":{"rendered":"Fauna Marin Soft Protect L"},"content":{"rendered":"<h2>Fauna Marin Soft Protect L (1,8mm) Supports the immune system and improves overall fish health<\/h2>\n<p>Marine Soft Protect ist ein Spezialfutter f\u00fcr Meereszierfische. Es soll die Regeneration und die nat\u00fcrlichen Abwehrkr\u00e4fte der Fische f\u00f6rdern und ihre Vitalfunktionen st\u00e4rken. Dieses Futter eignet sich hervorragend zur Erstf\u00fctterung nach Transporten, zur Eingew\u00f6hnung, nach Erkrankungen und in anderen Stresssituationen. Es reduziert die Ausfallrate importierter Fische deutlich.<\/p>\n<p>Die Rezeptur von Marine Soft Protect erfreut sich einer hohen Akzeptanz und wird selbst von den empfindlichsten Essern schnell angenommen. Die wertvollen Inhaltsstoffe, darunter Omega-3-Fetts\u00e4uren, mehrfach unges\u00e4ttigte Fetts\u00e4uren, \u00d6le, Vitamine und wertvolle Pflanzenextrakte, stehen den Fischen ohne Einschr\u00e4nkungen zur Verf\u00fcgung.<\/p>\n<h4><strong>F\u00dcTTERUNGSEMPFEHLUNG:<\/strong><\/h4>\n<p>Mehrmals t\u00e4glich kleine Portionen f\u00fcttern.<\/p>\n<h4><strong>GRANULATGR\u00d6SSE:<\/strong><\/h4>\n<p>\u201eM\u201c: 1 mm, \u201eL\u201c: 1,8 mm<\/p>\n<h4><strong>ZUTATEN:<\/strong><\/h4>\n<p>Ganzer Fisch und Fischnebenerzeugnisse, Weich- und Krebstiere, \u00d6le und Fette, Algen, Hefen.<\/p>\n<h4><strong>ZUSATZSTOFFE PRO KG:<\/strong><\/h4>\n<p>Vitamin D3 (E671) 600 i.E. <br \/> SPURENELEMENTE: Eisensulfat-Monohydrat (E1) 50 mg, Calciumjodat, wasserfrei (E2) 2,2 mg, Kupfersulfatpentahydrat (E4) 6 mg, Mangansulfatmonohydrat (E5) 17 mg, Zinksulfatmonohydrat (E6) 120 mg, Antioxidantien 57 mg.<\/p>\n<h4><strong>ROHE ZUTATEN:<\/strong><\/h4>\n<ul>\n<li>Protein 59 %<\/li>\n<li>Fett 25 %<\/li>\n<li>Ballaststoffe 11 %<\/li>\n<li>Asche 1,2 %<\/li>\n<\/ul>\n","protected":false},"excerpt":{"rendered":"<p>Fauna Marin Soft Protect L (1,8mm) Supports the immune system and improves overall fish health<\/p>\n","protected":false},"featured_media":83741,"template":"","meta":[],"pwb-brand":[2177],"product_cat":[1437,1438,1424,741],"product_tag":[],"class_list":{"0":"post-85668","1":"product","2":"type-product","3":"status-publish","4":"has-post-thumbnail","6":"pwb-brand-fauna-marin","7":"product_cat-fauna-marin-de","8":"product_cat-fischfutter","9":"product_cat-futter","10":"product_cat-brands","11":"pa_content-100-ml","12":"pa_content-250-ml","13":"pa_inhoud-100-ml-de","14":"pa_inhoud-250-ml-de","16":"first","17":"outofstock","18":"taxable","19":"shipping-taxable","20":"purchasable","21":"product-type-variable"},"acf":[],"brands":[{"id":2177,"name":"Fauna Marin","slug":"fauna-marin"}],"_links":{"self":[{"href":"https:\/\/www.seaflowerstore.com\/de\/wp-json\/wp\/v2\/product\/85668","targetHints":{"allow":["GET"]}}],"collection":[{"href":"https:\/\/www.seaflowerstore.com\/de\/wp-json\/wp\/v2\/product"}],"about":[{"href":"https:\/\/www.seaflowerstore.com\/de\/wp-json\/wp\/v2\/types\/product"}],"wp:featuredmedia":[{"embeddable":true,"href":"https:\/\/www.seaflowerstore.com\/de\/wp-json\/wp\/v2\/media\/83741"}],"wp:attachment":[{"href":"https:\/\/www.seaflowerstore.com\/de\/wp-json\/wp\/v2\/media?parent=85668"}],"wp:term":[{"taxonomy":"pwb-brand","embeddable":true,"href":"https:\/\/www.seaflowerstore.com\/de\/wp-json\/wp\/v2\/pwb-brand?post=85668"},{"taxonomy":"product_cat","embeddable":true,"href":"https:\/\/www.seaflowerstore.com\/de\/wp-json\/wp\/v2\/product_cat?post=85668"},{"taxonomy":"product_tag","embeddable":true,"href":"https:\/\/www.seaflowerstore.com\/de\/wp-json\/wp\/v2\/product_tag?post=85668"}],"curies":[{"name":"wp","href":"https:\/\/api.w.org\/{rel}","templated":true}]}}