{"id":85671,"date":"2021-09-05T13:57:23","date_gmt":"2021-09-05T11:57:23","guid":{"rendered":"https:\/\/www.seaflowerstore.com\/nl\/microbe-lift-xtreme\/"},"modified":"2024-03-19T15:47:04","modified_gmt":"2024-03-19T14:47:04","slug":"microbe-lift-xtreme","status":"publish","type":"product","link":"https:\/\/www.seaflowerstore.com\/de\/microbe-lift-xtreme\/","title":{"rendered":"Microbe-Lift Xtreme"},"content":{"rendered":"<h2>Microbe-Lift Xtreme Water Conditioner for Salt &#038; Freshwater<\/h2>\n<p class=\"h2\">\u201eAltert\u201c Wasser sofort<\/p>\n<ul>\n<li>Entfernt Ammoniak<\/li>\n<li>Entfernt Chlor<\/li>\n<li>Zerst\u00f6rt Chloramine<\/li>\n<li>Entgiftet Schwermetalle<\/li>\n<li>Ideal f\u00fcr die Einrichtung neuer Aquarien und Wasserwechsel<\/li>\n<\/ul>\n<p><strong>MICROBE-LIFT Xtreme Water Conditioner<\/strong> ist eine Komplettl\u00f6sung zur effektiven Aufbereitung von neuem Wasser. Es altert das Wasser sofort und ist daher perfekt f\u00fcr die Einrichtung eines neuen Aquariums, Wasserwechsel oder das Hinzuf\u00fcgen neuer Schildkr\u00f6ten. Hier sind einige wichtige Vorteile:<\/p>\n<ul>\n<li>Es entfernt sowohl Ammoniak als auch Chlor durch eine chemische Reaktion.<\/li>\n<li>Es entgiftet Schwermetalle wie Kupfer und Blei durch Chelat- und Niederschlagsmethoden.<\/li>\n<\/ul>\n<p class=\"h2\">Empfehlungen<\/p>\n<ul>\n<li>F\u00fchren Sie regelm\u00e4\u00dfig Wasserwechsel durch, um eine stabile Alkalinit\u00e4t und einen stabilen pH-Wert aufrechtzuerhalten.<\/li>\n<li>Verwenden Sie <strong>MICROBE-LIFT Xtreme Water Conditioner<\/strong> in der empfohlenen Dosierung, um jedes gemessene 1 mg\/l oder einen beliebigen Anteil davon an Gesamtammoniak zu entfernen und zu kontrollieren.<\/li>\n<li>Verwenden Sie ein Salicylat-Testkit (Indolphenol) f\u00fcr Gesamtammoniak f\u00fcr genaue Messwerte.<\/li>\n<\/ul>\n<h3>Dosierung<\/h3>\n<ul>\n<li>Sch\u00fctteln Sie die Flasche vor Gebrauch gut.<\/li>\n<li>Um Wasser f\u00fcr neue Aquarien oder Teiche vollst\u00e4ndig aufzubereiten, unabh\u00e4ngig davon, ob Sie Wasser oder das Einsetzen neuer Fische, Amphibien, Wirbelloser oder Pflanzen:<\/li>\n<li>F\u00fcgen Sie 10 ml <strong>MICROBE-LIFT Xtreme<\/strong> pro 100 Liter Wasser hinzu.<\/li>\n<\/ul>\n<p>Es ist ungiftig f\u00fcr Menschen, Haustiere und Wasserlebewesen und somit eine sichere Wahl f\u00fcr Ihre Wasserumgebung.<\/p>\n","protected":false},"excerpt":{"rendered":"<p>Microbe-Lift Xtreme Water Conditioner A Full-function, Buffered, Water Conditioner For Aquariums<\/p>\n","protected":false},"featured_media":83740,"template":"","meta":[],"pwb-brand":[2227],"product_cat":[1391,515],"product_tag":[],"class_list":{"0":"post-85671","1":"product","2":"type-product","3":"status-publish","4":"has-post-thumbnail","6":"pwb-brand-microbe-lift","7":"product_cat-ergaenzungen","8":"product_cat-additives","9":"pa_content-118-ml","10":"pa_content-236-ml","11":"pa_content-473-ml","12":"pa_inhoud-118-ml-de","13":"pa_inhoud-236-ml-de","14":"pa_inhoud-473-ml-de","16":"first","17":"instock","18":"taxable","19":"shipping-taxable","20":"product-type-variable"},"acf":[],"brands":[{"id":2227,"name":"Microbe-Lift","slug":"microbe-lift"}],"_links":{"self":[{"href":"https:\/\/www.seaflowerstore.com\/de\/wp-json\/wp\/v2\/product\/85671","targetHints":{"allow":["GET"]}}],"collection":[{"href":"https:\/\/www.seaflowerstore.com\/de\/wp-json\/wp\/v2\/product"}],"about":[{"href":"https:\/\/www.seaflowerstore.com\/de\/wp-json\/wp\/v2\/types\/product"}],"wp:featuredmedia":[{"embeddable":true,"href":"https:\/\/www.seaflowerstore.com\/de\/wp-json\/wp\/v2\/media\/83740"}],"wp:attachment":[{"href":"https:\/\/www.seaflowerstore.com\/de\/wp-json\/wp\/v2\/media?parent=85671"}],"wp:term":[{"taxonomy":"pwb-brand","embeddable":true,"href":"https:\/\/www.seaflowerstore.com\/de\/wp-json\/wp\/v2\/pwb-brand?post=85671"},{"taxonomy":"product_cat","embeddable":true,"href":"https:\/\/www.seaflowerstore.com\/de\/wp-json\/wp\/v2\/product_cat?post=85671"},{"taxonomy":"product_tag","embeddable":true,"href":"https:\/\/www.seaflowerstore.com\/de\/wp-json\/wp\/v2\/product_tag?post=85671"}],"curies":[{"name":"wp","href":"https:\/\/api.w.org\/{rel}","templated":true}]}}