{"id":85675,"date":"2021-09-05T14:29:29","date_gmt":"2021-09-05T12:29:29","guid":{"rendered":"https:\/\/www.seaflowerstore.com\/nl\/fauna-marin-food-energizer-100-ml\/"},"modified":"2025-01-10T17:57:23","modified_gmt":"2025-01-10T16:57:23","slug":"fauna-marin-food-energizer-100-ml","status":"publish","type":"product","link":"https:\/\/www.seaflowerstore.com\/de\/fauna-marin-food-energizer-100-ml\/","title":{"rendered":"Fauna Marin Food Energizer 100 ml"},"content":{"rendered":"<h2>Fauna Marin Food Energizer 100 ml<\/h2>\n<p><strong>Fauna Marin Food Energizer<\/strong> ist eine erstklassige Mischung, die speziell zur Anreicherung von gefriergetrocknetem Futter entwickelt wurde. Diese hochwertige Emulsion besteht aus Meeres\u00f6len, Vitaminen, Kr\u00e4uterextrakten und wertvollen Aminos\u00e4uren. Sie eignet sich besonders zur Anreicherung von gefriergetrocknetem Futter sowie Algen und Bl\u00e4ttern. Die enthaltenen Kr\u00e4uterextrakte helfen, die Abwehrkr\u00e4fte Ihrer Fische zu st\u00e4rken und ihre Laichf\u00e4rbung zu f\u00f6rdern.<\/p>\n<p>Der Food Energizer enth\u00e4lt eine sorgf\u00e4ltig ausgew\u00e4hlte Mischung aus hochwertigen \u00d6len und Omega-3-Fetts\u00e4uren, die auf die speziellen Bed\u00fcrfnisse von Korallenfischen abgestimmt ist.<\/p>\n<p><strong>Dosierung:<\/strong> Vor Gebrauch gut sch\u00fctteln. Schon wenige Tropfen auf eine Futterportion (20 g) gen\u00fcgen. Eine \u00dcberdosierung des Fauna Marin Food Energizer ist nicht m\u00f6glich, jedoch sollte er sparsam verwendet werden.<\/p>\n<p><strong>Lagerung:<\/strong> Bitte k\u00fchl und trocken lagern.<\/p>\n<p><strong>Zutaten:<\/strong> Der Food Energizer enth\u00e4lt:<\/p>\n<ul>\n<li>Wasser 30%<\/li>\n<li>Fett 67%<\/li>\n<li>Vitamin A 40.000,00 \u03bc \/ kg<\/li>\n<li>Vitamin D3 4000 \u03bc \/ kg<\/li>\n<li>Vitamin E 3.600 mg \/ kg<\/li>\n<li>Vitamin C 8500 mg \/ kg<\/li>\n<li>Vitamin B12 30 mg \/ kg<\/li>\n<li>Vitamin B6 15 mg \/ kg<\/li>\n<li>Organische S\u00e4uren 5%<\/li>\n<li>Aminos\u00e4urenmischung 6%<\/li>\n<li>Omega-3-Fetts\u00e4uren 800 mg\/g<\/li>\n<li>Nat\u00fcrliche Carotinoide<\/li>\n<li>Knoblauchextrakt<\/li>\n<li>Nat\u00fcrliche Meeres\u00f6le<\/li>\n<\/ul>\n","protected":false},"excerpt":{"rendered":"<p>Fauna Marin Food Energizer Vitamin 100 ml Especially for enrichment of freeze-dried food<\/p>\n","protected":false},"featured_media":83738,"template":"","meta":[],"pwb-brand":[2177],"product_cat":[1402,1437],"product_tag":[],"class_list":{"0":"post-85675","1":"product","2":"type-product","3":"status-publish","4":"has-post-thumbnail","6":"pwb-brand-fauna-marin","7":"product_cat-verschieden","8":"product_cat-fauna-marin-de","10":"first","11":"outofstock","12":"taxable","13":"shipping-taxable","14":"purchasable","15":"product-type-simple"},"acf":[],"brands":[{"id":2177,"name":"Fauna Marin","slug":"fauna-marin"}],"_links":{"self":[{"href":"https:\/\/www.seaflowerstore.com\/de\/wp-json\/wp\/v2\/product\/85675","targetHints":{"allow":["GET"]}}],"collection":[{"href":"https:\/\/www.seaflowerstore.com\/de\/wp-json\/wp\/v2\/product"}],"about":[{"href":"https:\/\/www.seaflowerstore.com\/de\/wp-json\/wp\/v2\/types\/product"}],"wp:featuredmedia":[{"embeddable":true,"href":"https:\/\/www.seaflowerstore.com\/de\/wp-json\/wp\/v2\/media\/83738"}],"wp:attachment":[{"href":"https:\/\/www.seaflowerstore.com\/de\/wp-json\/wp\/v2\/media?parent=85675"}],"wp:term":[{"taxonomy":"pwb-brand","embeddable":true,"href":"https:\/\/www.seaflowerstore.com\/de\/wp-json\/wp\/v2\/pwb-brand?post=85675"},{"taxonomy":"product_cat","embeddable":true,"href":"https:\/\/www.seaflowerstore.com\/de\/wp-json\/wp\/v2\/product_cat?post=85675"},{"taxonomy":"product_tag","embeddable":true,"href":"https:\/\/www.seaflowerstore.com\/de\/wp-json\/wp\/v2\/product_tag?post=85675"}],"curies":[{"name":"wp","href":"https:\/\/api.w.org\/{rel}","templated":true}]}}