{"id":85676,"date":"2021-09-04T20:52:08","date_gmt":"2021-09-04T16:53:13","guid":{"rendered":"https:\/\/www.seaflowerstore.com\/nl\/adaptive-reef-controller-cabinet-dos-faceplate-black\/"},"modified":"2024-03-19T15:46:58","modified_gmt":"2024-03-19T14:46:58","slug":"adaptive-reef-controller-cabinet-dos-faceplate-black","status":"publish","type":"product","link":"https:\/\/www.seaflowerstore.com\/de\/adaptive-reef-controller-cabinet-dos-faceplate-black\/","title":{"rendered":"Adaptive Reef Controller Cabinet DOS Faceplate &#8211; Black"},"content":{"rendered":"<h2>Adaptive Reef Controller Cabinet Neptune DOS Faceplate &#8211; Black double slot<\/h2>\n<p>Das Neptune Systems D\u014cS Dosier- und Fl\u00fcssigkeitsmesssystem ist eine beliebte automatische Dosierl\u00f6sung, die sich in Kombination mit der D\u014cS-Frontplatte wunderbar in das Controllergeh\u00e4use integrieren l\u00e4sst. Mit dieser Konfiguration k\u00f6nnen Sie das Ger\u00e4t diskret im St\u00e4nder platzieren und so eine sauberere und sicherere Installation erzielen.<\/p>\n<p>Der Ausschnitt in der Frontplatte passt perfekt zum D\u014cS und stellt sicher, dass die beiden Dosierk\u00f6pfe und Tasten auf der Vorderseite leicht zug\u00e4nglich sind. Dar\u00fcber hinaus befinden sich an der Unterseite der Frontplatte zwei schmale Schlitzausschnitte, die dazu dienen, die Schl\u00e4uche von Ihrem D\u014cS zur\u00fcck in das Geh\u00e4use zu f\u00fchren. Dieses durchdachte Design tr\u00e4gt zu einem saubereren, sichereren und individuelleren Erscheinungsbild Ihrer Neptune Systems-Ausr\u00fcstung bei.<\/p>\n","protected":false},"excerpt":{"rendered":"<p>Adaptive Reef Controller Cabinet DOS Faceplate perfect fit for the Controller Cabinet when combined with the D\u014cS faceplate<\/p>\n","protected":false},"featured_media":83737,"template":"","meta":[],"pwb-brand":[2301],"product_cat":[1496],"product_tag":[],"class_list":{"0":"post-85676","1":"product","2":"type-product","3":"status-publish","4":"has-post-thumbnail","6":"pwb-brand-adaptive-reef","7":"product_cat-adaptive-reef","9":"first","10":"instock","11":"taxable","12":"shipping-taxable","13":"purchasable","14":"product-type-simple"},"acf":[],"brands":[{"id":2301,"name":"Adaptive Reef","slug":"adaptive-reef"}],"_links":{"self":[{"href":"https:\/\/www.seaflowerstore.com\/de\/wp-json\/wp\/v2\/product\/85676","targetHints":{"allow":["GET"]}}],"collection":[{"href":"https:\/\/www.seaflowerstore.com\/de\/wp-json\/wp\/v2\/product"}],"about":[{"href":"https:\/\/www.seaflowerstore.com\/de\/wp-json\/wp\/v2\/types\/product"}],"wp:featuredmedia":[{"embeddable":true,"href":"https:\/\/www.seaflowerstore.com\/de\/wp-json\/wp\/v2\/media\/83737"}],"wp:attachment":[{"href":"https:\/\/www.seaflowerstore.com\/de\/wp-json\/wp\/v2\/media?parent=85676"}],"wp:term":[{"taxonomy":"pwb-brand","embeddable":true,"href":"https:\/\/www.seaflowerstore.com\/de\/wp-json\/wp\/v2\/pwb-brand?post=85676"},{"taxonomy":"product_cat","embeddable":true,"href":"https:\/\/www.seaflowerstore.com\/de\/wp-json\/wp\/v2\/product_cat?post=85676"},{"taxonomy":"product_tag","embeddable":true,"href":"https:\/\/www.seaflowerstore.com\/de\/wp-json\/wp\/v2\/product_tag?post=85676"}],"curies":[{"name":"wp","href":"https:\/\/api.w.org\/{rel}","templated":true}]}}