{"id":85677,"date":"2021-09-04T20:41:41","date_gmt":"2021-09-04T16:46:36","guid":{"rendered":"https:\/\/www.seaflowerstore.com\/nl\/adaptive-reef-controller-cabinet-dos-faceplate-white\/"},"modified":"2024-03-19T15:46:57","modified_gmt":"2024-03-19T14:46:57","slug":"adaptive-reef-controller-cabinet-dos-faceplate-white","status":"publish","type":"product","link":"https:\/\/www.seaflowerstore.com\/de\/adaptive-reef-controller-cabinet-dos-faceplate-white\/","title":{"rendered":"Adaptive Reef Controller Cabinet DOS Faceplate &#8211; White"},"content":{"rendered":"<h2>Adaptive Reef Controller Cabinet Neptune DOS Faceplate &#8211; White double slot<\/h2>\n<p>Das Neptune Systems D\u014cS Dosier- und Fl\u00fcssigkeitsmesssystem ist eine ausgezeichnete Wahl f\u00fcr alle, die nach einer automatischen Dosierl\u00f6sung suchen. In Kombination mit der D\u014cS-Frontplatte passt es perfekt in den Controllerschrank, sodass Sie das Ger\u00e4t f\u00fcr eine sauberere und sicherere Installation ordentlich im St\u00e4nder verstauen k\u00f6nnen.<\/p>\n<p>Der Ausschnitt in der Frontplatte ist so konzipiert, dass das D\u014cS bequem hineinpasst. Sie werden feststellen, dass die beiden Dosierk\u00f6pfe und Tasten auf der Vorderseite des D\u014cS f\u00fcr Ihre Bequemlichkeit leicht zug\u00e4nglich sind. Dar\u00fcber hinaus gibt es zwei d\u00fcnne Schlitzausschnitte an der Unterseite der Frontplatte, durch die Sie die Schl\u00e4uche von Ihrem D\u014cS zur\u00fcck in den Schrank f\u00fchren k\u00f6nnen. Diese Anordnung verbessert nicht nur das Erscheinungsbild, sondern tr\u00e4gt auch zu einem sichereren und individuelleren Aussehen Ihrer Neptune Systems-Ausr\u00fcstung bei.<\/p>\n","protected":false},"excerpt":{"rendered":"<p>Adaptive Reef Controller Cabinet DOS Faceplate perfect fit for the Controller Cabinet when combined with the D\u014cS faceplate<\/p>\n","protected":false},"featured_media":83736,"template":"","meta":[],"pwb-brand":[2301],"product_cat":[1496],"product_tag":[],"class_list":{"0":"post-85677","1":"product","2":"type-product","3":"status-publish","4":"has-post-thumbnail","6":"pwb-brand-adaptive-reef","7":"product_cat-adaptive-reef","9":"first","10":"instock","11":"taxable","12":"shipping-taxable","13":"purchasable","14":"product-type-simple"},"acf":[],"brands":[{"id":2301,"name":"Adaptive Reef","slug":"adaptive-reef"}],"_links":{"self":[{"href":"https:\/\/www.seaflowerstore.com\/de\/wp-json\/wp\/v2\/product\/85677","targetHints":{"allow":["GET"]}}],"collection":[{"href":"https:\/\/www.seaflowerstore.com\/de\/wp-json\/wp\/v2\/product"}],"about":[{"href":"https:\/\/www.seaflowerstore.com\/de\/wp-json\/wp\/v2\/types\/product"}],"wp:featuredmedia":[{"embeddable":true,"href":"https:\/\/www.seaflowerstore.com\/de\/wp-json\/wp\/v2\/media\/83736"}],"wp:attachment":[{"href":"https:\/\/www.seaflowerstore.com\/de\/wp-json\/wp\/v2\/media?parent=85677"}],"wp:term":[{"taxonomy":"pwb-brand","embeddable":true,"href":"https:\/\/www.seaflowerstore.com\/de\/wp-json\/wp\/v2\/pwb-brand?post=85677"},{"taxonomy":"product_cat","embeddable":true,"href":"https:\/\/www.seaflowerstore.com\/de\/wp-json\/wp\/v2\/product_cat?post=85677"},{"taxonomy":"product_tag","embeddable":true,"href":"https:\/\/www.seaflowerstore.com\/de\/wp-json\/wp\/v2\/product_tag?post=85677"}],"curies":[{"name":"wp","href":"https:\/\/api.w.org\/{rel}","templated":true}]}}