{"id":85678,"date":"2021-09-04T18:30:30","date_gmt":"2021-09-04T16:30:30","guid":{"rendered":"https:\/\/www.seaflowerstore.com\/nl\/adaptive-reef-controller-cabinet-white\/"},"modified":"2024-03-19T15:46:54","modified_gmt":"2024-03-19T14:46:54","slug":"adaptive-reef-controller-cabinet-white","status":"publish","type":"product","link":"https:\/\/www.seaflowerstore.com\/de\/adaptive-reef-controller-cabinet-white\/","title":{"rendered":"Adaptive Reef Controller Cabinet &#8211; White"},"content":{"rendered":"<h2>Adaptive Reef Controller Cabinet &#8211; White<\/h2>\n<p>Das Adaptive Reef Controller Cabinet ist eine flexible Kabelmanagementl\u00f6sung, mit der Sie Ihre Ausr\u00fcstung ordentlich und professionell organisieren k\u00f6nnen. Mit austauschbaren Frontplatten k\u00f6nnen Sie alles von Controllern und Modulen bis hin zu Dosierern und Pumpenantrieben einfach montieren und anzeigen. Im Inneren k\u00f6nnen Sie alle Ihre Kabel und Netzteile geschickt verbergen und so sicherstellen, dass Ihr Aquarium der Star der Show bleibt. Sie k\u00f6nnen Netzteile und Steckerleisten sicher montieren und Ihre Kabel ordentlich anordnen, um die Sch\u00f6nheit Ihres Aquariums zu bewahren. Das Controller Cabinet ist so konzipiert, dass es in Ihren Aquarienst\u00e4nder passt oder als eigenst\u00e4ndiges M\u00f6belst\u00fcck verwendet werden kann. Die Vorderseite des Schranks ist mit Seltenerdmagneten befestigt, sodass Sie sie schnell abnehmen k\u00f6nnen, um einfachen Zugang zum Inneren zu erhalten.<\/p>\n<p>Das Controller Cabinet ist nicht wie einige IKEA-M\u00f6bel, die leicht zusammenzubauen scheinen, aber tats\u00e4chlich eine ziemliche Herausforderung darstellen. Sie k\u00f6nnen diesen Schrank in 15 Minuten oder weniger zusammenbauen. Anweisungen sind in der Box enthalten und jedes Teil ist beschriftet, damit die Einrichtung reibungslos abl\u00e4uft.<\/p>\n<p><strong>Steuerschrank auf einen Blick<\/strong><\/p>\n<ul>\n<li>100 % wasserfest und nicht leitend<\/li>\n<li>Die Vorderseite des Schranks ist mit Magneten f\u00fcr schnelles und einfaches Anbringen\/Abnehmen versehen<\/li>\n<li>8 Ablagen f\u00fcr Netzteile zur Sicherung der Netzteile<\/li>\n<li>4 austauschbare Frontplatten enthalten<\/li>\n<li>Kabelbinderschienen, um die Netzteile an Ort und Stelle zu halten<\/li>\n<li>Passt in einige Aquarienst\u00e4nder von Red Sea und Waterbox<\/li>\n<li><strong>Erh\u00e4ltlich in Schwarz oder Wei\u00df<\/strong><\/li>\n<\/ul>\n<p><strong>Kabel ordentlich organisieren und Netzteile montieren<\/strong><\/p>\n<p>Im Schrank finden Sie mehrere Kabelmanagementl\u00f6sungen. Es gibt acht Ablagen f\u00fcr Netzteile, um Ihre Netzteile h\u00f6her als der Boden zu halten. Dies verringert nicht nur das Ausfallrisiko, sondern verhindert auch, dass Ihre Netzteile nass werden, und minimiert die Brandgefahr, da Ihre Netzteile nicht wahllos gestapelt sind. Die zahlreichen Kabelbinderschienen erm\u00f6glichen es Ihnen, Netzteile zu sichern und Kabel ordentlich anzuordnen, wodurch der gef\u00fcrchtete \u201eKabelsalat\u201c vermieden wird.<\/p>\n<p><strong>Erhalten Sie einen individuellen Look, ohne einen individuellen Preis zu zahlen<\/strong><\/p>\n<p>Die Vorderseite des Geh\u00e4uses verf\u00fcgt \u00fcber insgesamt acht Blendenschlitze. F\u00fcr ein wirklich professionelles Erscheinungsbild bietet Adaptive Reef eine Vielzahl separat erh\u00e4ltlicher Blenden an, die Sie an Ihrem Controller-Geh\u00e4use anbringen k\u00f6nnen, um Ger\u00e4te von Marken wie Neptune Systems und GHL zu montieren. Sie k\u00f6nnen Blenden nach Bedarf kombinieren. Blenden sind in verschiedenen Gr\u00f6\u00dfen erh\u00e4ltlich: Einzellamelle (belegt einen Blendenschlitz), Doppellamelle (belegt zwei Blendenschlitze) und Vierfachlamelle (belegt vier Blendenschlitze).<\/p>\n<p><strong>Jedem Controller-Schrank liegen 4 Blenden bei<\/strong><\/p>\n<ul>\n<li>1 x Blende mit 3 Aussparungen f\u00fcr Kabel \u2013 Doppellamelle<\/li>\n<li>1 x Blende mit 6 Aussparungen f\u00fcr Kabel \u2013 Vierfachlamelle<\/li>\n<li>2 x leere Blenden \u2013 Einzellamellen<\/li>\n<\/ul>\n<p style=\"font-size: 14.4px\"><strong>Verf\u00fcgbare Blenden (alle Optionen sind in Schwarz oder Wei\u00df erh\u00e4ltlich und m\u00fcssen separat bestellt werden)<\/strong><\/p>\n<ul style=\"font-size: 14.4px\">\n<li>D\u014cS-Blende \u2013 Doppellamelle<\/li>\n<li>Trident-Blende \u2013 Vierfachlamelle<\/li>\n<li>Profilux &#038; Erweiterungsbox-Frontplatte \u2013 Einzellamelle<\/li>\n<li>Doser &#038; KH Director-Frontplatte \u2013 Doppellamelle<\/li>\n<li>Versenkte Frontplatte \u2013 Doppellamelle<\/li>\n<\/ul>\n<p><strong>Sicher und langlebig<\/strong><\/p>\n<p>Das Adaptive Reef Controller-Geh\u00e4use ist aus \u00bd\u201d und \u00bc\u201d expandiertem PVC gefertigt. Dieses leichte und dennoch \u00e4u\u00dferst langlebige Material l\u00e4sst sich leicht schneiden, schleifen, bohren oder schrauben, was die Montage zu einem Kinderspiel macht. Das Geh\u00e4use besteht aus feuerfestem Material, das inert ist und niemals verrottet. Sie k\u00f6nnen es wie Holz anstreichen und modifizieren! Au\u00dferdem ist das Geh\u00e4use 100 % wasserbest\u00e4ndig und nicht leitend, sodass Sie beruhigt sein k\u00f6nnen und eine lange Lebensdauer gew\u00e4hrleistet ist.<\/p>\n<p><strong>Passt in die Aquarienst\u00e4nder von Red Sea und Waterbox<\/strong><\/p>\n<p>Das Controller-Geh\u00e4use ist speziell f\u00fcr die Untergestelle der Red Sea Reefer- und Waterbox-Aquarien konzipiert. Die magnetische Vorderseite ist abnehmbar, um auch nach der Installation aller Frontplatten einen einfachen Zugang zum Inneren zu erm\u00f6glichen. Diese Funktion ist besonders n\u00fctzlich, wenn das Controller-Geh\u00e4use unter einem Aquarium im Untergestell installiert wird. Sie m\u00fcssen keine zus\u00e4tzlichen Teile kaufen, um Ihr Adaptive Reef Controller-Geh\u00e4use aufzubauen, da alles, was Sie brauchen, im Lieferumfang enthalten ist! Das Controllergeh\u00e4use dient jedoch als solide Grundlage, die Sie weiter anpassen und erweitern k\u00f6nnen.<\/p>\n<h3><strong>Spezifikationen<\/strong><\/h3>\n<ul>\n<li><strong>Abmessungen:<\/strong> 38 cm L x 47 cm B x 67 cm H<\/li>\n<li><strong>Materialien:<\/strong> 12 mm und 6 mm PVC-Platten<\/li>\n<li><strong>Steckpl\u00e4tze f\u00fcr die Frontplatte:<\/strong> 8<\/li>\n<li><strong>Farbe:<\/strong> Wei\u00df<\/li>\n<\/ul>\n<h3><strong>Was ist im Lieferumfang enthalten?<\/strong><\/h3>\n<ul>\n<li>Controllergeh\u00e4usebaugruppe Wei\u00df<\/li>\n<li>Hardware und Edelstahlschrauben f\u00fcr die Montage<\/li>\n<li>8 Netzteilablagen zur Sicherung der Netzteile<\/li>\n<li>1 x Frontplatte mit 3 Aussparungen f\u00fcr Kabel \u2013 Doppellamelle<\/li>\n<li>1 x Frontplatte mit 6 Aussparungen f\u00fcr Kabel \u2013 Quad Lamelle<\/li>\n<li>2 x leere Frontplatten \u2013 Einzellamellen<\/li>\n<li>Anleitung<\/li>\n<\/ul>\n","protected":false},"excerpt":{"rendered":"<p>The Adaptive Reef Controller Cabinet is a modular wire management system that allows you to customize your equipment organization in a clean and professional-looking manner<\/p>\n","protected":false},"featured_media":83733,"template":"","meta":[],"pwb-brand":[2301],"product_cat":[1451],"product_tag":[],"class_list":{"0":"post-85678","1":"product","2":"type-product","3":"status-publish","4":"has-post-thumbnail","6":"pwb-brand-adaptive-reef","7":"product_cat-zubehoer","9":"first","10":"instock","11":"taxable","12":"shipping-taxable","13":"purchasable","14":"product-type-simple"},"acf":[],"brands":[{"id":2301,"name":"Adaptive Reef","slug":"adaptive-reef"}],"_links":{"self":[{"href":"https:\/\/www.seaflowerstore.com\/de\/wp-json\/wp\/v2\/product\/85678","targetHints":{"allow":["GET"]}}],"collection":[{"href":"https:\/\/www.seaflowerstore.com\/de\/wp-json\/wp\/v2\/product"}],"about":[{"href":"https:\/\/www.seaflowerstore.com\/de\/wp-json\/wp\/v2\/types\/product"}],"wp:featuredmedia":[{"embeddable":true,"href":"https:\/\/www.seaflowerstore.com\/de\/wp-json\/wp\/v2\/media\/83733"}],"wp:attachment":[{"href":"https:\/\/www.seaflowerstore.com\/de\/wp-json\/wp\/v2\/media?parent=85678"}],"wp:term":[{"taxonomy":"pwb-brand","embeddable":true,"href":"https:\/\/www.seaflowerstore.com\/de\/wp-json\/wp\/v2\/pwb-brand?post=85678"},{"taxonomy":"product_cat","embeddable":true,"href":"https:\/\/www.seaflowerstore.com\/de\/wp-json\/wp\/v2\/product_cat?post=85678"},{"taxonomy":"product_tag","embeddable":true,"href":"https:\/\/www.seaflowerstore.com\/de\/wp-json\/wp\/v2\/product_tag?post=85678"}],"curies":[{"name":"wp","href":"https:\/\/api.w.org\/{rel}","templated":true}]}}