{"id":85679,"date":"2021-09-04T18:44:16","date_gmt":"2021-09-04T14:47:07","guid":{"rendered":"https:\/\/www.seaflowerstore.com\/nl\/adaptive-reef-controller-cabinet-black\/"},"modified":"2024-03-19T15:46:51","modified_gmt":"2024-03-19T14:46:51","slug":"adaptive-reef-controller-cabinet-black","status":"publish","type":"product","link":"https:\/\/www.seaflowerstore.com\/de\/adaptive-reef-controller-cabinet-black\/","title":{"rendered":"Adaptive Reef Controller Cabinet &#8211; Black"},"content":{"rendered":"<h2>Adaptive Reef Controller Cabinet &#8211; Black<\/h2>\n<p>Das Adaptive Reef Controller Cabinet ist ein modulares Kabelmanagementsystem, mit dem Sie Ihre Ausr\u00fcstung sauber und professionell organisieren k\u00f6nnen. Mit austauschbaren Frontplatten k\u00f6nnen Sie alles von Controllern und Modulen bis hin zu Dosierern und Pumpenantrieben montieren und pr\u00e4sentieren. Im Inneren k\u00f6nnen Sie alle Ihre Kabel und Netzteile ordentlich verbergen. Das bedeutet, dass Sie Netzteile und Steckdosenleisten sicher montieren und gleichzeitig Ihre Kabel ordentlich halten k\u00f6nnen, was die Gesamtsch\u00f6nheit Ihres Aquariums verbessert.<\/p>\n<p>Das Controller Cabinet kann in Ihren Aquarienst\u00e4nder gestellt oder als eigenst\u00e4ndiges M\u00f6belst\u00fcck verwendet werden. Die Vorderseite des Schranks ist mit Seltenerdmagneten befestigt, sodass Sie ihn f\u00fcr den Zugang von innen leicht abnehmen k\u00f6nnen.<\/p>\n<p>Dieser Schrank ist nicht wie ein IKEA-M\u00f6belst\u00fcck, das leicht zusammenzubauen aussieht, sich aber als ziemliche Herausforderung erweist. Sie werden ihn in 15 Minuten oder weniger zusammenbauen k\u00f6nnen. Anweisungen sind in der Schachtel enthalten und jedes Teil ist beschriftet, damit Sie schnell loslegen k\u00f6nnen.<\/p>\n<p><strong>Steuerschrank auf einen Blick<\/strong><\/p>\n<ul>\n<li>100 % wasserfest und nicht leitend<\/li>\n<li>Die Vorderseite des Schranks ist mit Magneten f\u00fcr schnelles und einfaches Anbringen\/Abnehmen versehen<\/li>\n<li>8 Netzteilablagen zur Sicherung der Netzteile<\/li>\n<li>4 austauschbare Frontplatten enthalten<\/li>\n<li>Kabelbinderschienen zum Fixieren der Netzteile<\/li>\n<li>Passt in einige Aquarienst\u00e4nder von Red Sea und Waterbox<\/li>\n<li><strong>Erh\u00e4ltlich in Schwarz oder Wei\u00df<\/strong><\/li>\n<\/ul>\n<p><strong>Kabel ordentlich organisieren und Netzteile montieren<\/strong><\/p>\n<p>Im Schrank gibt es mehrere Optionen zur Kabelf\u00fchrung. Die acht Netzteilregale heben Ihre Netzteile vom Boden ab, minimieren das Ausfallrisiko, verhindern nasse Netzteile und verringern die Brandgefahr, indem sie ein gef\u00e4hrliches Stapeln von Netzteilen vermeiden. Kabelbinderschienen erleichtern das Sichern von Netzteilen und das Aufr\u00e4umen von Kabeln, wodurch \u201eKabelsalat\u201c vermieden wird.<\/p>\n<p><strong>Erhalten Sie einen individuellen Look, ohne einen individuellen Preis zu zahlen<\/strong><\/p>\n<p>Die Vorderseite des Schranks verf\u00fcgt \u00fcber acht Blendenschlitze. F\u00fcr ein wirklich professionelles Erscheinungsbild bietet Adaptive Reef eine Vielzahl separat erh\u00e4ltlicher Blenden an, die Sie an Ihrem Controller-Schrank anbringen k\u00f6nnen, um Ger\u00e4te von Neptune Systems, GHL und anderen zu montieren. Sie k\u00f6nnen die Blenden Ihrer Wahl ausw\u00e4hlen und sie in der Reihenfolge anordnen, die Ihren Anforderungen entspricht. Blenden sind in verschiedenen Gr\u00f6\u00dfen erh\u00e4ltlich: Einzellamelle (belegt einen Blendenschlitz), Doppellamelle (belegt zwei Blendenschlitze) und Vierfachlamelle (belegt vier Blendenschlitze).<\/p>\n<p><strong>Jedem Controller-Schrank liegen 4 Blenden bei<\/strong><\/p>\n<ul>\n<li>1 x Blende mit 3 Aussparungen f\u00fcr Kabel \u2013 Doppellamelle<\/li>\n<li>1 x Blende mit 6 Aussparungen f\u00fcr Kabel \u2013 Vierfachlamelle<\/li>\n<li>2 x leere Blenden \u2013 Einzellamellen<\/li>\n<\/ul>\n<p style=\"font-size: 14.4px\"><strong>Verf\u00fcgbare Blenden (alle Optionen sind in Schwarz oder Wei\u00df erh\u00e4ltlich und m\u00fcssen separat bestellt werden)<\/strong><\/p>\n<ul style=\"font-size: 14.4px\">\n<li>D\u014cS-Blende \u2013 Doppellamelle<\/li>\n<li>Trident-Blende \u2013 Vierfachlamelle<\/li>\n<li>Profilux &#038; Erweiterungsbox-Frontplatte \u2013 Einzellamelle<\/li>\n<li>Doser &#038; KH Director-Frontplatte \u2013 Doppellamelle<\/li>\n<li>Versenkte Frontplatte \u2013 Doppellamelle<\/li>\n<\/ul>\n<p><strong>Sicher und langlebig<\/strong><\/p>\n<p>Das Adaptive Reef Controller-Geh\u00e4use ist aus \u00bd\u201d und \u00bc\u201d starkem PVC-Schaum gefertigt. Dieses leichte und dennoch robuste Material l\u00e4sst sich wie Sperrholz leicht schneiden, schleifen, bohren oder schrauben, sodass Sie Ihre gesamte Ausr\u00fcstung ganz einfach montieren k\u00f6nnen. Das Geh\u00e4use besteht aus feuerfestem, inertem Material, das garantiert, dass es nicht verrottet. Es kann wie Holz lackiert und modifiziert werden! Au\u00dferdem ist das Geh\u00e4use zu 100 % wasserbest\u00e4ndig und nichtleitend, sodass Sie sich keine Sorgen machen m\u00fcssen und es lange verwendet werden kann.<\/p>\n<p><strong>Passt in die Aquarienst\u00e4nder von Red Sea und Waterbox<\/strong><\/p>\n<p>Das Controller-Geh\u00e4use ist speziell f\u00fcr die St\u00e4nder von Red Sea Reefer- und Waterbox-Aquarien konzipiert. Es verf\u00fcgt \u00fcber eine abnehmbare magnetische Vorderseite f\u00fcr einfachen Zugang zum Inneren, selbst nachdem alle Frontplatten installiert wurden. Dies ist besonders n\u00fctzlich, wenn der Schrank unter einem Aquarium im St\u00e4nder platziert wird. Sie m\u00fcssen nichts extra kaufen, um Ihren Adaptive Reef Controller Cabinet aufzubauen; alles, was Sie brauchen, ist im Lieferumfang enthalten! Der Controller Cabinet dient jedoch als solide Grundlage, auf der Sie weiter aufbauen und die Sie anpassen k\u00f6nnen.<\/p>\n<h3><strong>Spezifikationen<\/strong><\/h3>\n<ul>\n<li><strong>Abmessungen:<\/strong> 38 cm L x 47 cm B x 67 cm H<\/li>\n<li><strong>Materialien:<\/strong> 12 mm und 6 mm PVC-Platten<\/li>\n<li><strong>Frontplattenschlitze:<\/strong> 8<\/li>\n<li><strong>Farbe:<\/strong> Schwarz<\/li>\n<\/ul>\n<h3><strong>Was ist im Lieferumfang enthalten?<\/strong><\/h3>\n<ul>\n<li>Steuerschrankbaugruppe<\/li>\n<li>Hardware und Edelstahlschrauben f\u00fcr die Montage<\/li>\n<li>8 Netzteilregale zur Sicherung der Netzteile<\/li>\n<li>1 x Frontplatte mit 3 Aussparungen f\u00fcr Kabel \u2013 Doppellamelle<\/li>\n<li>1 x Frontplatte mit 6 Aussparungen f\u00fcr Kabel \u2013 Vierfachlamelle<\/li>\n<li>2 x leere Frontplatten \u2013 Einzellamellen<\/li>\n<li>Anleitung<\/li>\n<\/ul>\n","protected":false},"excerpt":{"rendered":"<p>The Adaptive Reef Controller Cabinet is a modular wire management system that allows you to customize your equipment organization in a clean and professional-looking manner<\/p>\n","protected":false},"featured_media":83729,"template":"","meta":[],"pwb-brand":[2301],"product_cat":[1496],"product_tag":[],"class_list":{"0":"post-85679","1":"product","2":"type-product","3":"status-publish","4":"has-post-thumbnail","6":"pwb-brand-adaptive-reef","7":"product_cat-adaptive-reef","9":"first","10":"instock","11":"taxable","12":"shipping-taxable","13":"purchasable","14":"product-type-simple"},"acf":[],"brands":[{"id":2301,"name":"Adaptive Reef","slug":"adaptive-reef"}],"_links":{"self":[{"href":"https:\/\/www.seaflowerstore.com\/de\/wp-json\/wp\/v2\/product\/85679","targetHints":{"allow":["GET"]}}],"collection":[{"href":"https:\/\/www.seaflowerstore.com\/de\/wp-json\/wp\/v2\/product"}],"about":[{"href":"https:\/\/www.seaflowerstore.com\/de\/wp-json\/wp\/v2\/types\/product"}],"wp:featuredmedia":[{"embeddable":true,"href":"https:\/\/www.seaflowerstore.com\/de\/wp-json\/wp\/v2\/media\/83729"}],"wp:attachment":[{"href":"https:\/\/www.seaflowerstore.com\/de\/wp-json\/wp\/v2\/media?parent=85679"}],"wp:term":[{"taxonomy":"pwb-brand","embeddable":true,"href":"https:\/\/www.seaflowerstore.com\/de\/wp-json\/wp\/v2\/pwb-brand?post=85679"},{"taxonomy":"product_cat","embeddable":true,"href":"https:\/\/www.seaflowerstore.com\/de\/wp-json\/wp\/v2\/product_cat?post=85679"},{"taxonomy":"product_tag","embeddable":true,"href":"https:\/\/www.seaflowerstore.com\/de\/wp-json\/wp\/v2\/product_tag?post=85679"}],"curies":[{"name":"wp","href":"https:\/\/api.w.org\/{rel}","templated":true}]}}