{"id":85680,"date":"2021-09-04T16:17:50","date_gmt":"2021-09-04T14:17:50","guid":{"rendered":"https:\/\/www.seaflowerstore.com\/nl\/adaptive-reef-board-shelf-accessory-white\/"},"modified":"2024-03-19T15:46:49","modified_gmt":"2024-03-19T14:46:49","slug":"adaptive-reef-board-shelf-accessory-white","status":"publish","type":"product","link":"https:\/\/www.seaflowerstore.com\/de\/adaptive-reef-board-shelf-accessory-white\/","title":{"rendered":"Adaptive Reef Board Shelf Accessory &#8211; White"},"content":{"rendered":"<h2>Adaptive Reef Board Shelf Accessory &#8211; White<\/h2>\n<p>Erweitern Sie Ihr Adaptive Reef Mounting Board mit einem stilvollen Regal, das perfekt dazu passt. Dieses Zubeh\u00f6r ist ideal zum Ordnen und Befestigen von Ger\u00e4ten wie Dosierpumpen und Dosierfl\u00fcssigkeiten.<\/p>\n<p><strong>Regalma\u00dfe:<\/strong> 33 x 20 cm<\/p>\n","protected":false},"excerpt":{"rendered":"<p>Adaptive Reef Board Shelf Accessory White Expand your Adaptive Reef Mounting board with a matching shelf<\/p>\n","protected":false},"featured_media":83726,"template":"","meta":[],"pwb-brand":[2301],"product_cat":[1451],"product_tag":[],"class_list":{"0":"post-85680","1":"product","2":"type-product","3":"status-publish","4":"has-post-thumbnail","6":"pwb-brand-adaptive-reef","7":"product_cat-zubehoer","9":"first","10":"instock","11":"taxable","12":"shipping-taxable","13":"purchasable","14":"product-type-simple"},"acf":[],"brands":[{"id":2301,"name":"Adaptive Reef","slug":"adaptive-reef"}],"_links":{"self":[{"href":"https:\/\/www.seaflowerstore.com\/de\/wp-json\/wp\/v2\/product\/85680","targetHints":{"allow":["GET"]}}],"collection":[{"href":"https:\/\/www.seaflowerstore.com\/de\/wp-json\/wp\/v2\/product"}],"about":[{"href":"https:\/\/www.seaflowerstore.com\/de\/wp-json\/wp\/v2\/types\/product"}],"wp:featuredmedia":[{"embeddable":true,"href":"https:\/\/www.seaflowerstore.com\/de\/wp-json\/wp\/v2\/media\/83726"}],"wp:attachment":[{"href":"https:\/\/www.seaflowerstore.com\/de\/wp-json\/wp\/v2\/media?parent=85680"}],"wp:term":[{"taxonomy":"pwb-brand","embeddable":true,"href":"https:\/\/www.seaflowerstore.com\/de\/wp-json\/wp\/v2\/pwb-brand?post=85680"},{"taxonomy":"product_cat","embeddable":true,"href":"https:\/\/www.seaflowerstore.com\/de\/wp-json\/wp\/v2\/product_cat?post=85680"},{"taxonomy":"product_tag","embeddable":true,"href":"https:\/\/www.seaflowerstore.com\/de\/wp-json\/wp\/v2\/product_tag?post=85680"}],"curies":[{"name":"wp","href":"https:\/\/api.w.org\/{rel}","templated":true}]}}