{"id":85681,"date":"2021-09-04T16:08:42","date_gmt":"2021-09-04T14:08:42","guid":{"rendered":"https:\/\/www.seaflowerstore.com\/nl\/adaptive-reef-board-shelf-accessory-black\/"},"modified":"2024-03-19T15:46:47","modified_gmt":"2024-03-19T14:46:47","slug":"adaptive-reef-board-shelf-accessory-black","status":"publish","type":"product","link":"https:\/\/www.seaflowerstore.com\/de\/adaptive-reef-board-shelf-accessory-black\/","title":{"rendered":"Adaptive Reef Board Shelf Accessory &#8211;  Black"},"content":{"rendered":"<h2>Adaptive Reef Board Shelf Accessory &#8211; Black<\/h2>\n<p>Erweitern Sie Ihr Adaptive Reef Mounting Board mit einem stilvollen und funktionalen Regal. Dieses Zubeh\u00f6r ist ideal f\u00fcr die sichere Befestigung von Ger\u00e4ten wie Dosierpumpen und Fl\u00fcssigkeiten.<\/p>\n<p><strong>Regalma\u00dfe:<\/strong> 33 x 20 cm<\/p>\n","protected":false},"excerpt":{"rendered":"<p>Adaptive Reef Board Shelf Accessory Black Expand your Adaptive Reef Mounting board with a matching shelf<\/p>\n","protected":false},"featured_media":83723,"template":"","meta":[],"pwb-brand":[2301],"product_cat":[1451],"product_tag":[],"class_list":{"0":"post-85681","1":"product","2":"type-product","3":"status-publish","4":"has-post-thumbnail","6":"pwb-brand-adaptive-reef","7":"product_cat-zubehoer","9":"first","10":"instock","11":"taxable","12":"shipping-taxable","13":"purchasable","14":"product-type-simple"},"acf":[],"brands":[{"id":2301,"name":"Adaptive Reef","slug":"adaptive-reef"}],"_links":{"self":[{"href":"https:\/\/www.seaflowerstore.com\/de\/wp-json\/wp\/v2\/product\/85681","targetHints":{"allow":["GET"]}}],"collection":[{"href":"https:\/\/www.seaflowerstore.com\/de\/wp-json\/wp\/v2\/product"}],"about":[{"href":"https:\/\/www.seaflowerstore.com\/de\/wp-json\/wp\/v2\/types\/product"}],"wp:featuredmedia":[{"embeddable":true,"href":"https:\/\/www.seaflowerstore.com\/de\/wp-json\/wp\/v2\/media\/83723"}],"wp:attachment":[{"href":"https:\/\/www.seaflowerstore.com\/de\/wp-json\/wp\/v2\/media?parent=85681"}],"wp:term":[{"taxonomy":"pwb-brand","embeddable":true,"href":"https:\/\/www.seaflowerstore.com\/de\/wp-json\/wp\/v2\/pwb-brand?post=85681"},{"taxonomy":"product_cat","embeddable":true,"href":"https:\/\/www.seaflowerstore.com\/de\/wp-json\/wp\/v2\/product_cat?post=85681"},{"taxonomy":"product_tag","embeddable":true,"href":"https:\/\/www.seaflowerstore.com\/de\/wp-json\/wp\/v2\/product_tag?post=85681"}],"curies":[{"name":"wp","href":"https:\/\/api.w.org\/{rel}","templated":true}]}}