{"id":85682,"date":"2021-09-04T14:38:35","date_gmt":"2021-09-04T10:50:21","guid":{"rendered":"https:\/\/www.seaflowerstore.com\/nl\/adaptive-reef-basic-aquarium-controller-board-white\/"},"modified":"2024-03-19T15:46:44","modified_gmt":"2024-03-19T14:46:44","slug":"adaptive-reef-basic-aquarium-controller-board-white","status":"publish","type":"product","link":"https:\/\/www.seaflowerstore.com\/de\/adaptive-reef-basic-aquarium-controller-board-white\/","title":{"rendered":"Adaptive Reef Basic Aquarium Controller Board White"},"content":{"rendered":"<h2>Adaptive Reef Basic Aquarium Controller Board &#8211; White &#8211;<\/h2>\n<p>Das Controller Board verf\u00fcgt \u00fcber neun Aussparungen f\u00fcr die Kabelf\u00fchrung nach hinten, was eine saubere und \u00fcbersichtliche Einrichtung gew\u00e4hrleistet. Dar\u00fcber hinaus enth\u00e4lt das Kit Aussparungsstopfen und drei Schienen auf der R\u00fcckseite, um Ihre Kabel sicher und ordentlich aufzubewahren. Wenn Sie mehr Flexibilit\u00e4t ben\u00f6tigen, sind auch separat erh\u00e4ltliche Zubeh\u00f6rregale erh\u00e4ltlich, die an der Tafel montiert werden k\u00f6nnen, um verschiedene Arten von Ger\u00e4ten zu tragen, wie z. B. Dosierpumpen oder Beh\u00e4lter, die m\u00f6glicherweise nicht direkt an der Tafel befestigt werden k\u00f6nnen.<\/p>\n<p><strong>Spezifikationen:<\/strong><\/p>\n<ul>\n<li><strong>Tafelabmessungen:<\/strong> 38 x 64 x 9 cm<\/li>\n<li><strong>St\u00e4rke der Frontplatte:<\/strong> 1,25 cm<\/li>\n<li><strong>Gr\u00f6\u00dfe der Kabelaussparung:<\/strong> 7,62 x 3,20 cm<\/li>\n<li><strong>Kabelaussparungen:<\/strong> 9 x 7,62 x 3,18 cm<\/li>\n<li><strong>Internes Regal:<\/strong> 1 x 18 x 6,35 cm<\/li>\n<li><strong>Kabelschienen:<\/strong> 2<\/li>\n<\/ul>\n<p><strong>Enthalten:<\/strong><\/p>\n<ul>\n<li>1x Controller-Platine, wei\u00df<\/li>\n<li>6x Kabelaussparungsstecker<\/li>\n<li>3x Kabelf\u00fchrungst\u00fcllen<\/li>\n<\/ul>\n","protected":false},"excerpt":{"rendered":"<p>Keep all of your aquarium equipment safe and organized with the Adaptive Reef Basic Aquarium Controller Board<\/p>\n","protected":false},"featured_media":83720,"template":"","meta":[],"pwb-brand":[2301],"product_cat":[1496],"product_tag":[],"class_list":{"0":"post-85682","1":"product","2":"type-product","3":"status-publish","4":"has-post-thumbnail","6":"pwb-brand-adaptive-reef","7":"product_cat-adaptive-reef","9":"first","10":"outofstock","11":"taxable","12":"shipping-taxable","13":"purchasable","14":"product-type-simple"},"acf":[],"brands":[{"id":2301,"name":"Adaptive Reef","slug":"adaptive-reef"}],"_links":{"self":[{"href":"https:\/\/www.seaflowerstore.com\/de\/wp-json\/wp\/v2\/product\/85682","targetHints":{"allow":["GET"]}}],"collection":[{"href":"https:\/\/www.seaflowerstore.com\/de\/wp-json\/wp\/v2\/product"}],"about":[{"href":"https:\/\/www.seaflowerstore.com\/de\/wp-json\/wp\/v2\/types\/product"}],"wp:featuredmedia":[{"embeddable":true,"href":"https:\/\/www.seaflowerstore.com\/de\/wp-json\/wp\/v2\/media\/83720"}],"wp:attachment":[{"href":"https:\/\/www.seaflowerstore.com\/de\/wp-json\/wp\/v2\/media?parent=85682"}],"wp:term":[{"taxonomy":"pwb-brand","embeddable":true,"href":"https:\/\/www.seaflowerstore.com\/de\/wp-json\/wp\/v2\/pwb-brand?post=85682"},{"taxonomy":"product_cat","embeddable":true,"href":"https:\/\/www.seaflowerstore.com\/de\/wp-json\/wp\/v2\/product_cat?post=85682"},{"taxonomy":"product_tag","embeddable":true,"href":"https:\/\/www.seaflowerstore.com\/de\/wp-json\/wp\/v2\/product_tag?post=85682"}],"curies":[{"name":"wp","href":"https:\/\/api.w.org\/{rel}","templated":true}]}}