{"id":85683,"date":"2021-09-04T14:25:31","date_gmt":"2021-09-04T12:25:31","guid":{"rendered":"https:\/\/www.seaflowerstore.com\/nl\/dd-jumpguard-feeding-portal\/"},"modified":"2024-03-19T15:46:41","modified_gmt":"2024-03-19T14:46:41","slug":"dd-jumpguard-feeding-portal","status":"publish","type":"product","link":"https:\/\/www.seaflowerstore.com\/de\/dd-jumpguard-feeding-portal\/","title":{"rendered":"DD Jumpguard Feeding Portal"},"content":{"rendered":"<h2>DD Jumpguard Feeding Portal<\/h2>\n<p>D&#038;D stellt eine Vielzahl von Zubeh\u00f6rteilen f\u00fcr Jumpguard-Rahmen her, wodurch sie unglaublich vielseitig f\u00fcr verschiedene Aquarien sind. Das D-D Jumpguard-Futterportal bietet eine einfache M\u00f6glichkeit, Ihre Fische durch Ihren D-D Jumpguard oder jede andere Aquarienabdeckung aus Netzgewebe zu f\u00fcttern.<\/p>\n<ul>\n<li>Einfach zu installieren<\/li>\n<li>Zusammensteckbares Design<\/li>\n<li>Schlankes Profil<\/li>\n<li>Abnehmbarer Deckel<\/li>\n<li>\u00d6ffnung mit 50 mm Durchmesser<\/li>\n<li>Universell passend f\u00fcr die meisten Aquarienabdeckungen aus Netzgewebe<\/li>\n<li>Kann \u00fcberall auf der Netzoberfl\u00e4che installiert werden<\/li>\n<\/ul>\n<p><strong>Installation<\/strong><\/p>\n<p>Zur Installation positionieren Sie einfach die beiden H\u00e4lften des Futterportals auf beiden Seiten des Netzes und klemmen sie zusammen. Sobald sie an Ort und Stelle sind, entfernen Sie das Netz vorsichtig mit einem scharfen Bastelmesser oder einer Schere aus der Mitte.<\/p>\n","protected":false},"excerpt":{"rendered":"<p>DD Jumpguard Feeding Portal the easy way to feed your fish through your D-D jumpguard or other mesh aquarium cover<\/p>\n","protected":false},"featured_media":83715,"template":"","meta":[],"pwb-brand":[2137],"product_cat":[1413],"product_tag":[],"class_list":{"0":"post-85683","1":"product","2":"type-product","3":"status-publish","4":"has-post-thumbnail","6":"pwb-brand-d-d-the-aquarium-solution","7":"product_cat-herausspringschutz","9":"first","10":"outofstock","11":"taxable","12":"shipping-taxable","13":"purchasable","14":"product-type-simple"},"acf":[],"brands":[{"id":2137,"name":"D-D the aquarium solution","slug":"d-d-the-aquarium-solution"}],"_links":{"self":[{"href":"https:\/\/www.seaflowerstore.com\/de\/wp-json\/wp\/v2\/product\/85683","targetHints":{"allow":["GET"]}}],"collection":[{"href":"https:\/\/www.seaflowerstore.com\/de\/wp-json\/wp\/v2\/product"}],"about":[{"href":"https:\/\/www.seaflowerstore.com\/de\/wp-json\/wp\/v2\/types\/product"}],"wp:featuredmedia":[{"embeddable":true,"href":"https:\/\/www.seaflowerstore.com\/de\/wp-json\/wp\/v2\/media\/83715"}],"wp:attachment":[{"href":"https:\/\/www.seaflowerstore.com\/de\/wp-json\/wp\/v2\/media?parent=85683"}],"wp:term":[{"taxonomy":"pwb-brand","embeddable":true,"href":"https:\/\/www.seaflowerstore.com\/de\/wp-json\/wp\/v2\/pwb-brand?post=85683"},{"taxonomy":"product_cat","embeddable":true,"href":"https:\/\/www.seaflowerstore.com\/de\/wp-json\/wp\/v2\/product_cat?post=85683"},{"taxonomy":"product_tag","embeddable":true,"href":"https:\/\/www.seaflowerstore.com\/de\/wp-json\/wp\/v2\/product_tag?post=85683"}],"curies":[{"name":"wp","href":"https:\/\/api.w.org\/{rel}","templated":true}]}}