{"id":85685,"date":"2021-09-04T13:49:25","date_gmt":"2021-09-04T11:49:25","guid":{"rendered":"https:\/\/www.seaflowerstore.com\/nl\/adaptive-reef-basic-aquarium-controller-board-black\/"},"modified":"2024-03-19T15:46:38","modified_gmt":"2024-03-19T14:46:38","slug":"adaptive-reef-basic-aquarium-controller-board-black","status":"publish","type":"product","link":"https:\/\/www.seaflowerstore.com\/de\/adaptive-reef-basic-aquarium-controller-board-black\/","title":{"rendered":"Adaptive Reef Basic Aquarium Controller Board Black"},"content":{"rendered":"<h2>Adaptive Reef Basic Aquarium Controller Board Black<\/h2>\n<p>Das Controller Board verf\u00fcgt \u00fcber neun Aussparungen f\u00fcr die Kabelf\u00fchrung nach hinten, damit Ihr Setup ordentlich und \u00fcbersichtlich bleibt. Das Kit enth\u00e4lt au\u00dferdem Aussparungsstopfen und drei Schienen auf der R\u00fcckseite des Boards zur Sicherung der Kabel. Wenn Sie zus\u00e4tzliche Unterst\u00fctzung f\u00fcr andere Ger\u00e4te wie Dosierpumpen oder Beh\u00e4lter ben\u00f6tigen, sind Zubeh\u00f6rregale separat erh\u00e4ltlich und k\u00f6nnen einfach an der Tafel montiert werden.<\/p>\n<p><strong>Spezifikationen:<\/strong><\/p>\n<ul>\n<li><strong>Tafelabmessungen:<\/strong> 38 x 64 x 9 cm<\/li>\n<li><strong>St\u00e4rke der Frontplatte:<\/strong> 1,25 cm<\/li>\n<li><strong>Gr\u00f6\u00dfe der Kabelaussparung:<\/strong> 7,62 x 3,20 cm<\/li>\n<li><strong>Kabelaussparungen:<\/strong> 9 x 7,62 x 3,18 cm<\/li>\n<li><strong>Innenregal:<\/strong> 1 x 18 x 6,35 cm<\/li>\n<li><strong>Kabelschienen:<\/strong> 2<\/li>\n<\/ul>\n<p><strong>Im Lieferumfang enthalten:<\/strong><\/p>\n<ul>\n<li>1x Controller-Platine, schwarz<\/li>\n<li>6x Kabelaussparungsstecker<\/li>\n<li>3x Kabelf\u00fchrungst\u00fcllen<\/li>\n<\/ul>\n","protected":false},"excerpt":{"rendered":"<p>Keep all of your aquarium equipment safe and organized with the Adaptive Reef Basic Aquarium Controller Board<\/p>\n","protected":false},"featured_media":83712,"template":"","meta":[],"pwb-brand":[2301],"product_cat":[1496],"product_tag":[],"class_list":{"0":"post-85685","1":"product","2":"type-product","3":"status-publish","4":"has-post-thumbnail","6":"pwb-brand-adaptive-reef","7":"product_cat-adaptive-reef","9":"first","10":"instock","11":"taxable","12":"shipping-taxable","13":"purchasable","14":"product-type-simple"},"acf":[],"brands":[{"id":2301,"name":"Adaptive Reef","slug":"adaptive-reef"}],"_links":{"self":[{"href":"https:\/\/www.seaflowerstore.com\/de\/wp-json\/wp\/v2\/product\/85685","targetHints":{"allow":["GET"]}}],"collection":[{"href":"https:\/\/www.seaflowerstore.com\/de\/wp-json\/wp\/v2\/product"}],"about":[{"href":"https:\/\/www.seaflowerstore.com\/de\/wp-json\/wp\/v2\/types\/product"}],"wp:featuredmedia":[{"embeddable":true,"href":"https:\/\/www.seaflowerstore.com\/de\/wp-json\/wp\/v2\/media\/83712"}],"wp:attachment":[{"href":"https:\/\/www.seaflowerstore.com\/de\/wp-json\/wp\/v2\/media?parent=85685"}],"wp:term":[{"taxonomy":"pwb-brand","embeddable":true,"href":"https:\/\/www.seaflowerstore.com\/de\/wp-json\/wp\/v2\/pwb-brand?post=85685"},{"taxonomy":"product_cat","embeddable":true,"href":"https:\/\/www.seaflowerstore.com\/de\/wp-json\/wp\/v2\/product_cat?post=85685"},{"taxonomy":"product_tag","embeddable":true,"href":"https:\/\/www.seaflowerstore.com\/de\/wp-json\/wp\/v2\/product_tag?post=85685"}],"curies":[{"name":"wp","href":"https:\/\/api.w.org\/{rel}","templated":true}]}}