{"id":85687,"date":"2021-09-04T13:23:00","date_gmt":"2021-09-04T11:23:00","guid":{"rendered":"https:\/\/www.seaflowerstore.com\/nl\/af-mini-rocks-black-24-pcs\/"},"modified":"2024-03-19T15:46:36","modified_gmt":"2024-03-19T14:46:36","slug":"af-mini-rocks-black-24-pcs","status":"publish","type":"product","link":"https:\/\/www.seaflowerstore.com\/de\/af-mini-rocks-black-24-pcs\/","title":{"rendered":"AF Mini Rocks Black &#8211; 24 pcs"},"content":{"rendered":"<h2>AF Mini Rocks Black &#8211; 24 pcs High quality and biology neutral rocks designed to easy fragging<\/h2>\n<p><strong>Hochwertige und biologisch neutrale Steine<\/strong>, die das Zerlegen zum Kinderspiel machen. Unsere k\u00fcnstlichen Steine \u200b\u200bimitieren das Aussehen von nat\u00fcrlichem lebendem Gestein. Im Gegensatz zu keramischen Alternativen sind sie aus leichtem Material gefertigt und weisen eine hohe Porosit\u00e4t auf. Dies macht sie zu einem hervorragenden Filtermedium und einem fantastischen Lebensraum f\u00fcr verschiedene n\u00fctzliche Mikroorganismen.<\/p>\n<p>Mit Aquaforest-Steinen ist Aquascaping einfach und unterhaltsam. Sie k\u00f6nnen leicht geschnitten, angeordnet und befestigt werden und sind in verschiedenen Formen erh\u00e4ltlich, um Ihren kreativen Bed\u00fcrfnissen gerecht zu werden.<\/p>\n<h3>Abmessungen:<\/h3>\n<ul>\n<li>Durchmesser: 32\u201333 mm<\/li>\n<li>H\u00f6he: 20\u201322 mm<\/li>\n<\/ul>\n","protected":false},"excerpt":{"rendered":"<p>AF Mini Rocks Black &#8211; 24 pcs High quality and biology neutral rocks designed to easy fragging<\/p>\n","protected":false},"featured_media":83710,"template":"","meta":[],"pwb-brand":[2199],"product_cat":[1461,1414],"product_tag":[],"class_list":{"0":"post-85687","1":"product","2":"type-product","3":"status-publish","4":"has-post-thumbnail","6":"pwb-brand-aquaforest","7":"product_cat-schneidzubehoer","8":"product_cat-aquaforest-de","10":"first","11":"instock","12":"taxable","13":"shipping-taxable","14":"purchasable","15":"product-type-simple"},"acf":[],"brands":[{"id":2199,"name":"Aquaforest","slug":"aquaforest"}],"_links":{"self":[{"href":"https:\/\/www.seaflowerstore.com\/de\/wp-json\/wp\/v2\/product\/85687","targetHints":{"allow":["GET"]}}],"collection":[{"href":"https:\/\/www.seaflowerstore.com\/de\/wp-json\/wp\/v2\/product"}],"about":[{"href":"https:\/\/www.seaflowerstore.com\/de\/wp-json\/wp\/v2\/types\/product"}],"wp:featuredmedia":[{"embeddable":true,"href":"https:\/\/www.seaflowerstore.com\/de\/wp-json\/wp\/v2\/media\/83710"}],"wp:attachment":[{"href":"https:\/\/www.seaflowerstore.com\/de\/wp-json\/wp\/v2\/media?parent=85687"}],"wp:term":[{"taxonomy":"pwb-brand","embeddable":true,"href":"https:\/\/www.seaflowerstore.com\/de\/wp-json\/wp\/v2\/pwb-brand?post=85687"},{"taxonomy":"product_cat","embeddable":true,"href":"https:\/\/www.seaflowerstore.com\/de\/wp-json\/wp\/v2\/product_cat?post=85687"},{"taxonomy":"product_tag","embeddable":true,"href":"https:\/\/www.seaflowerstore.com\/de\/wp-json\/wp\/v2\/product_tag?post=85687"}],"curies":[{"name":"wp","href":"https:\/\/api.w.org\/{rel}","templated":true}]}}