{"id":85688,"date":"2021-09-04T13:14:03","date_gmt":"2021-09-04T09:17:00","guid":{"rendered":"https:\/\/www.seaflowerstore.com\/nl\/af-frag-rocks-black-24-pcs\/"},"modified":"2024-03-19T15:46:35","modified_gmt":"2024-03-19T14:46:35","slug":"af-frag-rocks-black-24-pcs","status":"publish","type":"product","link":"https:\/\/www.seaflowerstore.com\/de\/af-frag-rocks-black-24-pcs\/","title":{"rendered":"AF Frag Rocks Black &#8211; 24 pcs"},"content":{"rendered":"<h2>AF Frag Rocks Black &#8211; 24 pcs High quality and biology neutral rocks designed to easy fragging<\/h2>\n<p>Wir stellen unsere <strong>hochwertigen<\/strong> und <strong>biologisch neutralen Steine<\/strong> vor, die speziell daf\u00fcr entwickelt wurden, das Zerlegen zu einem Kinderspiel zu machen. Diese k\u00fcnstlichen Steine \u200b\u200bhaben eine verbl\u00fcffende \u00c4hnlichkeit mit nat\u00fcrlichem lebendem Gestein. Im Gegensatz zu keramischen Alternativen sind sie aus leichtem Material gefertigt und weisen eine hohe Porosit\u00e4t auf.<\/p>\n<p>Diese Steine \u200b\u200bdienen als hervorragendes Filtermedium und bieten einen perfekten Lebensraum f\u00fcr verschiedene n\u00fctzliche Mikroorganismen. Mit Aquaforest-Steinen wird Aquascaping zu einer einfachen Aufgabe. Sie k\u00f6nnen sie ganz einfach nach Wunsch schneiden, anordnen und befestigen und sie sind in verschiedenen Formen erh\u00e4ltlich, um Ihren Anforderungen gerecht zu werden.<\/p>\n<h3>Abmessungen:<\/h3>\n<ul>\n<li>Durchmesser: 43 mm<\/li>\n<li>H\u00f6he: 20\u201322 mm<\/li>\n<\/ul>\n","protected":false},"excerpt":{"rendered":"<p>AF Frag Rocks Black High quality and biology neutral rocks designed to easy fragging<\/p>\n","protected":false},"featured_media":83709,"template":"","meta":[],"pwb-brand":[2199],"product_cat":[1414,1461],"product_tag":[],"class_list":{"0":"post-85688","1":"product","2":"type-product","3":"status-publish","4":"has-post-thumbnail","6":"pwb-brand-aquaforest","7":"product_cat-aquaforest-de","8":"product_cat-schneidzubehoer","10":"first","11":"instock","12":"taxable","13":"shipping-taxable","14":"purchasable","15":"product-type-simple"},"acf":[],"brands":[{"id":2199,"name":"Aquaforest","slug":"aquaforest"}],"_links":{"self":[{"href":"https:\/\/www.seaflowerstore.com\/de\/wp-json\/wp\/v2\/product\/85688","targetHints":{"allow":["GET"]}}],"collection":[{"href":"https:\/\/www.seaflowerstore.com\/de\/wp-json\/wp\/v2\/product"}],"about":[{"href":"https:\/\/www.seaflowerstore.com\/de\/wp-json\/wp\/v2\/types\/product"}],"wp:featuredmedia":[{"embeddable":true,"href":"https:\/\/www.seaflowerstore.com\/de\/wp-json\/wp\/v2\/media\/83709"}],"wp:attachment":[{"href":"https:\/\/www.seaflowerstore.com\/de\/wp-json\/wp\/v2\/media?parent=85688"}],"wp:term":[{"taxonomy":"pwb-brand","embeddable":true,"href":"https:\/\/www.seaflowerstore.com\/de\/wp-json\/wp\/v2\/pwb-brand?post=85688"},{"taxonomy":"product_cat","embeddable":true,"href":"https:\/\/www.seaflowerstore.com\/de\/wp-json\/wp\/v2\/product_cat?post=85688"},{"taxonomy":"product_tag","embeddable":true,"href":"https:\/\/www.seaflowerstore.com\/de\/wp-json\/wp\/v2\/product_tag?post=85688"}],"curies":[{"name":"wp","href":"https:\/\/api.w.org\/{rel}","templated":true}]}}