{"id":85689,"date":"2021-09-04T09:52:52","date_gmt":"2021-09-04T07:52:52","guid":{"rendered":"https:\/\/www.seaflowerstore.com\/nl\/powerfilter-large-gen3\/"},"modified":"2024-03-19T15:47:46","modified_gmt":"2024-03-19T14:47:46","slug":"powerfilter-large-gen3","status":"publish","type":"product","link":"https:\/\/www.seaflowerstore.com\/de\/powerfilter-large-gen3\/","title":{"rendered":"Powerfilter large gen3"},"content":{"rendered":"<h2>Powerfilter large gen3 provides much clearer water and removes a lot of invisible pollution from the water (suitable for 100-1200 liter aquarium)<\/h2>\n<p>Der Powerfilter large gen3 umfasst eine leistungsstarke, einstellbare Pumpe mit einer beeindruckenden Kapazit\u00e4t von 2500 Litern pro Stunde, ein 25 mm PVC-Rohr\/Korb, einen Magnetaufsatz und ein Schutznetz. Sie ben\u00f6tigen weder Werkzeuge noch technische Kenntnisse, um diesen Filter einzurichten, da alles vorbereitet und einsatzbereit ist.<\/p>\n<p>Dieser Filter ist ein Upgrade des beliebten Powerfilters 2.0. Eines seiner herausragenden Merkmale ist die einstellbare Pumpe und die magnetische Aufh\u00e4ngung, die mit Glasdicken von bis zu 12 mm kompatibel ist.<\/p>\n<p><strong>Diese Funktion ist besonders n\u00fctzlich, wenn Sie den Powerfilter aufh\u00e4ngen m\u00f6chten, anstatt ihn auf den Boden des Filterbeckens zu stellen.<\/strong><\/p>\n<p><strong>**Wenn die Pumpe zu brummen beginnt, k\u00f6nnen Sie die Leistung einfach etwas reduzieren. Wir empfehlen, es bei maximal 80 % zu belassen und f\u00fcr einen leiseren Betrieb etwas Vaseline auf die Achse aufzutragen.**<\/strong><\/p>\n<p>Abmessungen: 28x08x12 (LxBxH in cm)<\/p>\n","protected":false},"excerpt":{"rendered":"<p>Powerfilter large gen3 provides much clearer water and removes a lot of invisible pollution from the water (suitable for 100-1200 liter aquarium)<\/p>\n","protected":false},"featured_media":83708,"template":"","meta":[],"pwb-brand":[2161],"product_cat":[1515],"product_tag":[],"class_list":{"0":"post-85689","1":"product","2":"type-product","3":"status-publish","4":"has-post-thumbnail","6":"pwb-brand-seaflower","7":"product_cat-aquarium-powerfilter-de","9":"first","10":"outofstock","11":"taxable","12":"shipping-taxable","13":"purchasable","14":"product-type-simple"},"acf":[],"brands":[{"id":2161,"name":"Seaflower","slug":"seaflower"}],"_links":{"self":[{"href":"https:\/\/www.seaflowerstore.com\/de\/wp-json\/wp\/v2\/product\/85689","targetHints":{"allow":["GET"]}}],"collection":[{"href":"https:\/\/www.seaflowerstore.com\/de\/wp-json\/wp\/v2\/product"}],"about":[{"href":"https:\/\/www.seaflowerstore.com\/de\/wp-json\/wp\/v2\/types\/product"}],"wp:featuredmedia":[{"embeddable":true,"href":"https:\/\/www.seaflowerstore.com\/de\/wp-json\/wp\/v2\/media\/83708"}],"wp:attachment":[{"href":"https:\/\/www.seaflowerstore.com\/de\/wp-json\/wp\/v2\/media?parent=85689"}],"wp:term":[{"taxonomy":"pwb-brand","embeddable":true,"href":"https:\/\/www.seaflowerstore.com\/de\/wp-json\/wp\/v2\/pwb-brand?post=85689"},{"taxonomy":"product_cat","embeddable":true,"href":"https:\/\/www.seaflowerstore.com\/de\/wp-json\/wp\/v2\/product_cat?post=85689"},{"taxonomy":"product_tag","embeddable":true,"href":"https:\/\/www.seaflowerstore.com\/de\/wp-json\/wp\/v2\/product_tag?post=85689"}],"curies":[{"name":"wp","href":"https:\/\/api.w.org\/{rel}","templated":true}]}}