{"id":85690,"date":"2021-09-02T23:15:24","date_gmt":"2021-09-02T21:15:24","guid":{"rendered":"https:\/\/www.seaflowerstore.com\/nl\/af-mini-rocks-purple-24-pcs\/"},"modified":"2024-03-19T15:46:34","modified_gmt":"2024-03-19T14:46:34","slug":"af-mini-rocks-purple-24-pcs","status":"publish","type":"product","link":"https:\/\/www.seaflowerstore.com\/de\/af-mini-rocks-purple-24-pcs\/","title":{"rendered":"AF Mini Rocks Purple &#8211; 24 pcs"},"content":{"rendered":"<h2>AF Mini Rocks Purple &#8211; 24 pcs High quality and biology neutral rocks designed to easy fragging<\/h2>\n<p>Wir stellen unsere hochwertigen und biologisch neutralen Steine \u200b\u200bvor, die speziell f\u00fcr einfaches Zerlegen entwickelt wurden. Diese k\u00fcnstlichen Steine \u200b\u200b\u00e4hneln nat\u00fcrlichem lebendem Gestein und sind im Gegensatz zu keramischen Alternativen aus leichtem Material mit hoher Porosit\u00e4t gefertigt.<\/p>\n<p>Sie dienen als hervorragendes Filtermedium und schaffen einen idealen Lebensraum f\u00fcr verschiedene n\u00fctzliche Mikroorganismen.<\/p>\n<p>Mit Aquaforest-Steinen wird Aquascaping zum Kinderspiel. Sie k\u00f6nnen m\u00fchelos geschnitten, angeordnet und befestigt werden und sind in verschiedenen Formen erh\u00e4ltlich, um Ihren Anforderungen gerecht zu werden.<\/p>\n<h3>Abmessungen:<\/h3>\n<ul>\n<li><strong>Durchmesser:<\/strong> 32\u201333 mm<\/li>\n<li><strong>H\u00f6he:<\/strong> 20\u201322 mm<\/li>\n<\/ul>\n","protected":false},"excerpt":{"rendered":"<p>AF Mini Rocks Purple &#8211; 24 pcs High quality and biology neutral rocks designed to easy fragging<\/p>\n","protected":false},"featured_media":83705,"template":"","meta":[],"pwb-brand":[2199],"product_cat":[1461,1414],"product_tag":[],"class_list":{"0":"post-85690","1":"product","2":"type-product","3":"status-publish","4":"has-post-thumbnail","6":"pwb-brand-aquaforest","7":"product_cat-schneidzubehoer","8":"product_cat-aquaforest-de","10":"first","11":"instock","12":"sale","13":"taxable","14":"shipping-taxable","15":"purchasable","16":"product-type-simple"},"acf":[],"brands":[{"id":2199,"name":"Aquaforest","slug":"aquaforest"}],"_links":{"self":[{"href":"https:\/\/www.seaflowerstore.com\/de\/wp-json\/wp\/v2\/product\/85690","targetHints":{"allow":["GET"]}}],"collection":[{"href":"https:\/\/www.seaflowerstore.com\/de\/wp-json\/wp\/v2\/product"}],"about":[{"href":"https:\/\/www.seaflowerstore.com\/de\/wp-json\/wp\/v2\/types\/product"}],"wp:featuredmedia":[{"embeddable":true,"href":"https:\/\/www.seaflowerstore.com\/de\/wp-json\/wp\/v2\/media\/83705"}],"wp:attachment":[{"href":"https:\/\/www.seaflowerstore.com\/de\/wp-json\/wp\/v2\/media?parent=85690"}],"wp:term":[{"taxonomy":"pwb-brand","embeddable":true,"href":"https:\/\/www.seaflowerstore.com\/de\/wp-json\/wp\/v2\/pwb-brand?post=85690"},{"taxonomy":"product_cat","embeddable":true,"href":"https:\/\/www.seaflowerstore.com\/de\/wp-json\/wp\/v2\/product_cat?post=85690"},{"taxonomy":"product_tag","embeddable":true,"href":"https:\/\/www.seaflowerstore.com\/de\/wp-json\/wp\/v2\/product_tag?post=85690"}],"curies":[{"name":"wp","href":"https:\/\/api.w.org\/{rel}","templated":true}]}}