{"id":85691,"date":"2021-09-02T23:01:57","date_gmt":"2021-09-02T21:01:57","guid":{"rendered":"https:\/\/www.seaflowerstore.com\/nl\/af-frag-rocks-purple-24-pcs\/"},"modified":"2024-03-19T15:46:33","modified_gmt":"2024-03-19T14:46:33","slug":"af-frag-rocks-purple-24-pcs","status":"publish","type":"product","link":"https:\/\/www.seaflowerstore.com\/de\/af-frag-rocks-purple-24-pcs\/","title":{"rendered":"AF Frag Rocks Purple &#8211; 24 pcs"},"content":{"rendered":"<h2>AF Frag Rocks Purple &#8211; 24 pcs High quality and biology neutral rocks designed to easy fragging<\/h2>\n<p>Wir stellen unsere <strong>hochwertigen<\/strong> und <strong>biologisch neutralen<\/strong> Steine \u200b\u200bvor, die speziell f\u00fcr einfaches Zerlegen hergestellt wurden. Diese k\u00fcnstlichen Steine \u200b\u200bimitieren das Aussehen von nat\u00fcrlichem lebendem Gestein. Im Gegensatz zu keramischen Alternativen bestehen sie aus leichten Materialien und besitzen eine hohe Porosit\u00e4t.<\/p>\n<p>Diese Steine \u200b\u200bdienen als hervorragendes Filtermedium und bieten einen fantastischen Lebensraum f\u00fcr verschiedene n\u00fctzliche Mikroorganismen. Mit Aquaforest-Steinen wird Aquascaping zum Kinderspiel. Sie k\u00f6nnen schnell geschnitten, angeordnet und befestigt werden und sind in vielen verschiedenen Formen erh\u00e4ltlich.<\/p>\n<h3>Abmessungen:<\/h3>\n<ul>\n<li>Durchmesser: 43 mm<\/li>\n<li>H\u00f6he: 20\u201322 mm<\/li>\n<\/ul>\n","protected":false},"excerpt":{"rendered":"<p>AF Frag Rocks Purple High quality and biology neutral rocks designed to easy fragging<\/p>\n","protected":false},"featured_media":83704,"template":"","meta":[],"pwb-brand":[2199],"product_cat":[1461,1414],"product_tag":[],"class_list":{"0":"post-85691","1":"product","2":"type-product","3":"status-publish","4":"has-post-thumbnail","6":"pwb-brand-aquaforest","7":"product_cat-schneidzubehoer","8":"product_cat-aquaforest-de","10":"first","11":"instock","12":"sale","13":"taxable","14":"shipping-taxable","15":"purchasable","16":"product-type-simple"},"acf":[],"brands":[{"id":2199,"name":"Aquaforest","slug":"aquaforest"}],"_links":{"self":[{"href":"https:\/\/www.seaflowerstore.com\/de\/wp-json\/wp\/v2\/product\/85691","targetHints":{"allow":["GET"]}}],"collection":[{"href":"https:\/\/www.seaflowerstore.com\/de\/wp-json\/wp\/v2\/product"}],"about":[{"href":"https:\/\/www.seaflowerstore.com\/de\/wp-json\/wp\/v2\/types\/product"}],"wp:featuredmedia":[{"embeddable":true,"href":"https:\/\/www.seaflowerstore.com\/de\/wp-json\/wp\/v2\/media\/83704"}],"wp:attachment":[{"href":"https:\/\/www.seaflowerstore.com\/de\/wp-json\/wp\/v2\/media?parent=85691"}],"wp:term":[{"taxonomy":"pwb-brand","embeddable":true,"href":"https:\/\/www.seaflowerstore.com\/de\/wp-json\/wp\/v2\/pwb-brand?post=85691"},{"taxonomy":"product_cat","embeddable":true,"href":"https:\/\/www.seaflowerstore.com\/de\/wp-json\/wp\/v2\/product_cat?post=85691"},{"taxonomy":"product_tag","embeddable":true,"href":"https:\/\/www.seaflowerstore.com\/de\/wp-json\/wp\/v2\/product_tag?post=85691"}],"curies":[{"name":"wp","href":"https:\/\/api.w.org\/{rel}","templated":true}]}}