{"id":85693,"date":"2021-08-31T21:49:03","date_gmt":"2021-08-31T19:49:03","guid":{"rendered":"https:\/\/www.seaflowerstore.com\/nl\/neptune-systems-energy-bar-632\/"},"modified":"2024-03-19T15:46:30","modified_gmt":"2024-03-19T14:46:30","slug":"neptune-systems-energy-bar-632","status":"publish","type":"product","link":"https:\/\/www.seaflowerstore.com\/de\/neptune-systems-energy-bar-632\/","title":{"rendered":"Neptune Systems Energy Bar 632"},"content":{"rendered":"<h2>Neptune Systems Energy Bar 632 &#8211; new version (EU plug)<\/h2>\n<p>Die Energy Bar 632 (EB632) ist mit sechs 220-V-Wechselstromsteckdosen ausgestattet und verf\u00fcgt \u00fcber ein internes 100-W-24-VDC-Netzteil. Dieses Netzteil unterst\u00fctzt drei integrierte 1LINK-Anschl\u00fcsse und zwei 24-VDC-Zubeh\u00f6ranschl\u00fcsse. Dar\u00fcber hinaus bietet es eine individuelle Strom\u00fcberwachung der Steckdosen und LED-Anzeigen f\u00fcr jede Steckdose.<\/p>\n<p><strong>STROM\u00dcBERWACHUNG<\/strong><\/p>\n<p>Jahrelang haben Kunden eine individuelle Strom\u00fcberwachung f\u00fcr Ger\u00e4te gefordert, die an jede Steckdose angeschlossen sind. Jetzt ist diese Funktion verf\u00fcgbar und bringt zahlreiche Vorteile mit sich. Durch regelm\u00e4\u00dfige \u00dcberwachung der Strominformationen k\u00f6nnen Sie schnell erkennen, wenn Ihre Pumpe, Ihr Absch\u00e4umer, Ihr Powerhead, Ihr UV-Ger\u00e4t oder ein anderes Ger\u00e4t nicht richtig funktioniert, und rechtzeitig Warnungen erhalten. Das bedeutet, dass Sie Probleme beheben k\u00f6nnen, wenn sie auftreten oder sogar bevor sie zu ernsthaften Problemen werden.<\/p>\n<p>Dar\u00fcber hinaus k\u00f6nnen die Stromkosten f\u00fcr Aquarienliebhaber ein gro\u00dfes Problem darstellen. Selbst in Gegenden, in denen Strom erschwinglich ist, sind sich viele Aquarianer ihres Energieverbrauchs und seiner Umweltauswirkungen bewusst. Interessanterweise kann unser Energieverbrauch mit \u00fcberm\u00e4\u00dfigen Treibhausgasen, der Erw\u00e4rmung der Ozeane und der Korallenbleiche in Verbindung gebracht werden. Durch die Nutzung dieser Informationen zum Stromverbrauch k\u00f6nnen Aquarianer jedoch fundierte Betriebs- und Kaufentscheidungen treffen, die ihnen j\u00e4hrlich Hunderte von Dollar einsparen und gleichzeitig ihren CO2-Fu\u00dfabdruck verringern k\u00f6nnen.<\/p>\n<p><strong>EINGEBAUTES 1LINK- UND 24-VDC-PORTS<\/strong><\/p>\n<p>Dieser Energy Bar enth\u00e4lt ein eingebautes 100-W-24-VDC-Netzteil, mit dem bis zu drei 1LINK-Produkte von Neptune Systems wie WAV und DOS gesteuert werden k\u00f6nnen. Dar\u00fcber hinaus verf\u00fcgt es \u00fcber zwei umschaltbare 24-V-DC-Ein-\/Aus-Steckdosen, die mit jedem 24-V-Ger\u00e4t unter 30 W kompatibel sind, einschlie\u00dflich 24-V-Zubeh\u00f6r von Neptune Systems wie der Practical Multi-purpose Utility Pump (PMUP) und dem Magnetventil.<\/p>\n<p><strong>INDIVIDUELLE STECKDOSENANZEIGE-LED<\/strong><\/p>\n<p>Jede AC-Steckdose an der Neptune Systems Energy Bar ist zusammen mit den beiden 24-VDC-Zubeh\u00f6ranschl\u00fcssen mit einer eigenen Status-LED ausgestattet. Diese LED zeigt an, wenn die Steckdose mit Strom versorgt wird. Wenn ein Ger\u00e4t angeschlossen ist, das die aktuelle Kapazit\u00e4t der Steckdose \u00fcberschreitet, blinkt die LED schnell.<\/p>\n<p><strong>ALARME UND ENTSCHEIDUNGEN BASIEREND AUF STROM<\/strong><\/p>\n<p>Da der Apex kontinuierlich Stromverbrauchsdaten von der Energy Bar 632 empf\u00e4ngt, kann er so konfiguriert werden, dass er Benachrichtigungen sendet, wenn ein Ger\u00e4t nicht wie erwartet Strom verbraucht. Sie k\u00f6nnen beispielsweise benachrichtigt werden, wenn eine R\u00fccklaufpumpe keinen Stromverbrauch anzeigt, w\u00e4hrend der Auslass eingeschaltet ist, oder wenn ein Absch\u00e4umer eine verstopfte Luftleitung hat, da der Stromverbrauch vom normalen Betrieb abweicht. Sie k\u00f6nnen diese oberen und unteren Grenzwerte f\u00fcr jeden Auslass anpassen und diese Leistungsdaten sogar zur Steuerung anderer Ger\u00e4te verwenden.<\/p>\n<p><strong>ALLE AUSG\u00c4NGE RELAISGESCHALTET<\/strong><\/p>\n<p>Da sich die Zeiten ge\u00e4ndert haben, ist es mittlerweile ziemlich ungew\u00f6hnlich, dass Aquarien Wechselstromger\u00e4te haben, die st\u00e4ndig ein- und ausgeschaltet werden m\u00fcssen. Diese \u00c4nderung erm\u00f6glicht es uns, alle Wechselstromausg\u00e4nge auf Relaisschaltung umzustellen.<\/p>\n<p><strong>NEUES MONTAGSYSTEM F\u00dcR Neptune Systems ENERGY BAR 632<\/strong><\/p>\n<p>Sowohl der Apex als auch der Neptune Systems Energy Bar 632 verf\u00fcgen \u00fcber ein innovatives Befestigungssystem, das die Montage vereinfacht und einfachen Zugriff auf alle Anschl\u00fcsse bietet. Der Apex kann mit nur zwei Schrauben montiert werden und verf\u00fcgt \u00fcber ein Scharnierdesign, mit dem Sie ihn hochklappen, Ihre Verbindungen herstellen und dann wieder herunterklappen k\u00f6nnen. Dadurch wird das Risiko minimiert, dass Wasser \u00fcber ein Kabel in die Elektronik eindringt. Die Energy Bar 632 wird mit einer Montagehalterung geliefert, die nur drei Schrauben zur Befestigung an der Wand ben\u00f6tigt. Anschlie\u00dfend l\u00e4sst sich die Energy Bar einfach auf die Halterung schieben.<\/p>\n","protected":false},"excerpt":{"rendered":"<p>Neptune Systems Energy Bar 632 have six 220V AC outlets, an internal 100W 24VDC power supply that power supply feeds three built-in 1LINK ports as well as two 24VDC accessory ports.<\/p>\n","protected":false},"featured_media":83700,"template":"","meta":[],"pwb-brand":[2179],"product_cat":[1408],"product_tag":[],"class_list":{"0":"post-85693","1":"product","2":"type-product","3":"status-publish","4":"has-post-thumbnail","6":"pwb-brand-neptune-systems","7":"product_cat-computer-de","9":"first","10":"outofstock","11":"taxable","12":"shipping-taxable","13":"purchasable","14":"product-type-simple"},"acf":[],"brands":[{"id":2179,"name":"Neptune Systems","slug":"neptune-systems"}],"_links":{"self":[{"href":"https:\/\/www.seaflowerstore.com\/de\/wp-json\/wp\/v2\/product\/85693","targetHints":{"allow":["GET"]}}],"collection":[{"href":"https:\/\/www.seaflowerstore.com\/de\/wp-json\/wp\/v2\/product"}],"about":[{"href":"https:\/\/www.seaflowerstore.com\/de\/wp-json\/wp\/v2\/types\/product"}],"wp:featuredmedia":[{"embeddable":true,"href":"https:\/\/www.seaflowerstore.com\/de\/wp-json\/wp\/v2\/media\/83700"}],"wp:attachment":[{"href":"https:\/\/www.seaflowerstore.com\/de\/wp-json\/wp\/v2\/media?parent=85693"}],"wp:term":[{"taxonomy":"pwb-brand","embeddable":true,"href":"https:\/\/www.seaflowerstore.com\/de\/wp-json\/wp\/v2\/pwb-brand?post=85693"},{"taxonomy":"product_cat","embeddable":true,"href":"https:\/\/www.seaflowerstore.com\/de\/wp-json\/wp\/v2\/product_cat?post=85693"},{"taxonomy":"product_tag","embeddable":true,"href":"https:\/\/www.seaflowerstore.com\/de\/wp-json\/wp\/v2\/product_tag?post=85693"}],"curies":[{"name":"wp","href":"https:\/\/api.w.org\/{rel}","templated":true}]}}