{"id":85694,"date":"2021-08-28T18:40:08","date_gmt":"2021-08-28T16:40:08","guid":{"rendered":"https:\/\/www.seaflowerstore.com\/nl\/fauna-marin-elementals-trace-i-250ml\/"},"modified":"2024-03-19T15:46:24","modified_gmt":"2024-03-19T14:46:24","slug":"fauna-marin-elementals-trace-i-250ml","status":"publish","type":"product","link":"https:\/\/www.seaflowerstore.com\/de\/fauna-marin-elementals-trace-i-250ml\/","title":{"rendered":"Fauna Marin Elementals Trace i &#8211; 250ml"},"content":{"rendered":"<h2>Fauna Marin Elementals Trace i &#8211; 250ml<\/h2>\n<p>Fauna Marin Elementals Trace i \u2013 250ml ist eine hochreine Eisenl\u00f6sung, die speziell zur Behebung von Eisenmangel in Riffaquarien entwickelt wurde. Die Elementals-Reihe ist auf die Verwendung neben regul\u00e4ren ICP-Analysen zugeschnitten. Diese Analysen helfen Ihnen, den Bedarf Ihres Aquariums perfekt zu decken.<\/p>\n<p>Die Fauna Marin ICP-Analysen liefern neben den Messwerten auch alle notwendigen Dosierungsempfehlungen. Neben den Mengenelementen wie Calcium, Magnesium und Karbonath\u00e4rte bieten wir auch eine Vielzahl spezieller Spurenelemente an, die f\u00fcr die Erhaltung eines gesunden Meerwasseraquariums eine entscheidende Rolle spielen. Im Gegensatz zu Mengenelementen, die in h\u00f6heren Konzentrationen vorhanden sind, kommen Spurenelemente im Meerwasser in Konzentrationen von weniger als 1 mg\/l vor. Einige Beispiele sind Kupfer, Chrom, Mangan, Selen, Eisen, Jod und Zink.<\/p>\n<p>Die Funktionen von Spurenelementen k\u00f6nnen sehr unterschiedlich sein. Eine \u00dcbersicht \u00fcber die spezifischen Rollen einzelner Elemente finden Sie in der Wissensdatenbank auf der Fauna Marin-Website. Obwohl Spurenelemente aus verschiedenen Substanzen stammen und in das Aquarienwasser gelangen k\u00f6nnen, kann ein Mangel an diesen Elementen trotz ihrer geringen Konzentration zu erheblichen Problemen f\u00fchren. Daher ist die Sicherstellung einer ausreichenden Versorgung mit allen essentiellen Spurenelementen f\u00fcr die Erhaltung eines lebendigen Riffaquariums von entscheidender Bedeutung.<\/p>\n<p>Unsere Einzelelementl\u00f6sungen bestehen aus reinsten Rohstoffen und werden je nach Funktion der Elemente mit den entsprechenden organischen oder anorganischen Verbindungen hergestellt.<\/p>\n<h4><strong>Dosierung:<\/strong><\/h4>\n<ul>\n<li>1 ml Fauna Marin Elementals Trace I pro 100 Liter t\u00e4glich = +10 <strong>\u00b5g<\/strong> Jod pro Liter<\/li>\n<\/ul>\n<h4><strong>Dosierungsanleitung:<\/strong><\/h4>\n<ul>\n<li>Maximale Tagesdosis + 30 <strong>\u00b5g<\/strong> Jod pro Liter<\/li>\n<\/ul>\n<h4><strong>Inhaltsstoffe:<\/strong><\/h4>\n<ul>\n<li>Wasser<\/li>\n<li>Anorganische Jodverbindungen<\/li>\n<li>Stabilisatoren<\/li>\n<\/ul>\n","protected":false},"excerpt":{"rendered":"<p>Fauna Marin Elementals Trace i &#8211; 250ml\u00a0is a high purity iron solution used for compensating iron deficiencies in reef aquariums<\/p>\n","protected":false},"featured_media":83697,"template":"","meta":[],"pwb-brand":[2177],"product_cat":[1391,1437],"product_tag":[],"class_list":{"0":"post-85694","1":"product","2":"type-product","3":"status-publish","4":"has-post-thumbnail","6":"pwb-brand-fauna-marin","7":"product_cat-ergaenzungen","8":"product_cat-fauna-marin-de","10":"first","11":"outofstock","12":"taxable","13":"shipping-taxable","14":"purchasable","15":"product-type-simple"},"acf":[],"brands":[{"id":2177,"name":"Fauna Marin","slug":"fauna-marin"}],"_links":{"self":[{"href":"https:\/\/www.seaflowerstore.com\/de\/wp-json\/wp\/v2\/product\/85694","targetHints":{"allow":["GET"]}}],"collection":[{"href":"https:\/\/www.seaflowerstore.com\/de\/wp-json\/wp\/v2\/product"}],"about":[{"href":"https:\/\/www.seaflowerstore.com\/de\/wp-json\/wp\/v2\/types\/product"}],"wp:featuredmedia":[{"embeddable":true,"href":"https:\/\/www.seaflowerstore.com\/de\/wp-json\/wp\/v2\/media\/83697"}],"wp:attachment":[{"href":"https:\/\/www.seaflowerstore.com\/de\/wp-json\/wp\/v2\/media?parent=85694"}],"wp:term":[{"taxonomy":"pwb-brand","embeddable":true,"href":"https:\/\/www.seaflowerstore.com\/de\/wp-json\/wp\/v2\/pwb-brand?post=85694"},{"taxonomy":"product_cat","embeddable":true,"href":"https:\/\/www.seaflowerstore.com\/de\/wp-json\/wp\/v2\/product_cat?post=85694"},{"taxonomy":"product_tag","embeddable":true,"href":"https:\/\/www.seaflowerstore.com\/de\/wp-json\/wp\/v2\/product_tag?post=85694"}],"curies":[{"name":"wp","href":"https:\/\/api.w.org\/{rel}","templated":true}]}}