{"id":85696,"date":"2021-08-28T17:07:31","date_gmt":"2021-08-28T13:08:07","guid":{"rendered":"https:\/\/www.seaflowerstore.com\/nl\/fauna-marin-elementals-trace-co-250ml\/"},"modified":"2024-03-19T15:46:22","modified_gmt":"2024-03-19T14:46:22","slug":"fauna-marin-elementals-trace-co-250ml","status":"publish","type":"product","link":"https:\/\/www.seaflowerstore.com\/de\/fauna-marin-elementals-trace-co-250ml\/","title":{"rendered":"Fauna Marin Elementals Trace Co &#8211; 250ml"},"content":{"rendered":"<h2>Fauna Marin Elementals Trace Co &#8211; 250ml is a high purity cobalt solution used for compensating cobalt deficiencies in reef aquariums<\/h2>\n<p>Die Elementals-Reihe ist speziell f\u00fcr regelm\u00e4\u00dfige ICP-Analysen konzipiert. Fauna Marin ICP-Analysen unterst\u00fctzen Sie dabei, Ihr Aquarium optimal mit den notwendigen Elementen zu versorgen. Neben den Messwerten liefern diese Analysen auch alle erforderlichen Dosierungsempfehlungen.<\/p>\n<p>Neben den Mengenelementen wie Calcium, Magnesium und Karbonath\u00e4rte bieten wir eine Vielzahl spezieller Spurenelemente an, die f\u00fcr Meerwasseraquarien unverzichtbar sind. Im Gegensatz zu Mengenelementen kommen Spurenelemente im Meerwasser in Konzentrationen von weniger als 1 mg\/l vor. Dazu geh\u00f6ren Elemente wie Kupfer, Chrom, Mangan, Selen, Eisen, Jod und Zink.<\/p>\n<p>Die Funktionen dieser Spurenelemente k\u00f6nnen sehr unterschiedlich sein. Einen detaillierten \u00dcberblick \u00fcber die Rollen einzelner Elemente finden Sie in der Wissensdatenbank auf der Fauna Marin-Website. W\u00e4hrend Spurenelemente durch verschiedene Substanzen auf nat\u00fcrliche Weise in das Aquarienwasser gelangen k\u00f6nnen, kann ihr Mangel trotz ihrer geringen Konzentration zu ernsthaften Problemen f\u00fchren. Daher ist die Sicherstellung einer ausreichenden Versorgung mit allen essentiellen Spurenelementen f\u00fcr die Erhaltung eines gesunden Riffaquariums von entscheidender Bedeutung.<\/p>\n<p>Unsere Einzelelementl\u00f6sungen werden aus reinsten Rohstoffen hergestellt und entsprechend der spezifischen Funktion der Elemente mit geeigneten organischen oder anorganischen Verbindungen hergestellt.<\/p>\n<h4><strong>Dosierung:<\/strong><\/h4>\n<ul>\n<li>1 ml Elementals Trace Co pro 100 Liter t\u00e4glich = +4 <span class=\"entry_name\"><strong>\u00b5g<\/strong><\/span> Kobalt pro Liter<\/li>\n<\/ul>\n<h4><strong>Dosierungsanleitung:<\/strong><\/h4>\n<ul>\n<li>Maximale Tagesdosis + 1 <span class=\"entry_name\"><strong>\u00b5g<\/strong><\/span> Kobalt pro Liter<\/li>\n<\/ul>\n<h4><strong>Zutaten:<\/strong><\/h4>\n<ul>\n<li>Wasser<\/li>\n<li>Organische und anorganische Kobaltverbindungen<\/li>\n<li>Stabilisatoren<\/li>\n<\/ul>\n","protected":false},"excerpt":{"rendered":"<p>Fauna Marin Elementals Trace Co &#8211; 250ml is a high purity cobalt solution used for compensating cobalt deficiencies in reef aquariums<\/p>\n","protected":false},"featured_media":83695,"template":"","meta":[],"pwb-brand":[2177],"product_cat":[1391,1437],"product_tag":[],"class_list":{"0":"post-85696","1":"product","2":"type-product","3":"status-publish","4":"has-post-thumbnail","6":"pwb-brand-fauna-marin","7":"product_cat-ergaenzungen","8":"product_cat-fauna-marin-de","10":"first","11":"instock","12":"taxable","13":"shipping-taxable","14":"purchasable","15":"product-type-simple"},"acf":[],"brands":[{"id":2177,"name":"Fauna Marin","slug":"fauna-marin"}],"_links":{"self":[{"href":"https:\/\/www.seaflowerstore.com\/de\/wp-json\/wp\/v2\/product\/85696","targetHints":{"allow":["GET"]}}],"collection":[{"href":"https:\/\/www.seaflowerstore.com\/de\/wp-json\/wp\/v2\/product"}],"about":[{"href":"https:\/\/www.seaflowerstore.com\/de\/wp-json\/wp\/v2\/types\/product"}],"wp:featuredmedia":[{"embeddable":true,"href":"https:\/\/www.seaflowerstore.com\/de\/wp-json\/wp\/v2\/media\/83695"}],"wp:attachment":[{"href":"https:\/\/www.seaflowerstore.com\/de\/wp-json\/wp\/v2\/media?parent=85696"}],"wp:term":[{"taxonomy":"pwb-brand","embeddable":true,"href":"https:\/\/www.seaflowerstore.com\/de\/wp-json\/wp\/v2\/pwb-brand?post=85696"},{"taxonomy":"product_cat","embeddable":true,"href":"https:\/\/www.seaflowerstore.com\/de\/wp-json\/wp\/v2\/product_cat?post=85696"},{"taxonomy":"product_tag","embeddable":true,"href":"https:\/\/www.seaflowerstore.com\/de\/wp-json\/wp\/v2\/product_tag?post=85696"}],"curies":[{"name":"wp","href":"https:\/\/api.w.org\/{rel}","templated":true}]}}