{"id":85698,"date":"2021-08-28T11:47:08","date_gmt":"2021-08-28T09:47:08","guid":{"rendered":"https:\/\/www.seaflowerstore.com\/nl\/af-power-elixir\/"},"modified":"2025-10-12T14:59:22","modified_gmt":"2025-10-12T12:59:22","slug":"af-power-elixir","status":"publish","type":"product","link":"https:\/\/www.seaflowerstore.com\/de\/af-power-elixir\/","title":{"rendered":"AF Power Elixir"},"content":{"rendered":"<h2>Aquaforest AF Power Elixir perfectly balanced complex amino acids and vitamins<\/h2>\n<p><strong>Was ist AF Power Elixir?<\/strong><\/p>\n<ul>\n<li>Eine gesch\u00fctzte Mischung aus perfekt ausgewogenen komplexen Aminos\u00e4uren und Vitaminen.<\/li>\n<li>Unterst\u00fctzt die Photosynthese und nat\u00fcrliche Wachstumsmuster von Korallen.<\/li>\n<li>F\u00f6rdert die F\u00e4rbung der Zooxanthellen von Korallen durch kontinuierlichen Zugang zu erstklassigen N\u00e4hrstoffen.<\/li>\n<li>Entwickelt, um die Bed\u00fcrfnisse selbst der anspruchsvollsten und empfindlichsten Korallen zu erf\u00fcllen.<\/li>\n<\/ul>\n<p><strong>Warum AF Power Elixir kaufen?<\/strong><\/p>\n<ul>\n<li><strong>Keine K\u00fchlung, Verd\u00fcnnung oder Sch\u00fctteln erforderlich.<\/strong><\/li>\n<li>Wissenschaftlich getestet und erwiesen, dass es das Korallenwachstum deutlich beschleunigt.<\/li>\n<li>Entwickelt f\u00fcr den Anschluss an eine Dosierpumpe.<\/li>\n<li>Enth\u00e4lt keine sch\u00e4dlichen Substanzen, die die Chemie des Beckens st\u00f6ren k\u00f6nnen.<\/li>\n<\/ul>\n<p>Fr\u00fcher dachte man, dass Korallen ihren gesamten N\u00e4hrstoffbedarf durch die Sonne, oder anders gesagt, durch die Beleuchtung unseres Aquariums, decken. Fortschritte in der Wissenschaft haben jedoch gezeigt, wie sehr Korallen, ob kleinpolypige Steinkorallen (SPS) oder gro\u00dfpolypige Steinkorallen (LPS), wirklich von einer regelm\u00e4\u00dfigen F\u00fctterung mit Aminos\u00e4uren und ausgew\u00e4hlten Vitaminen profitieren k\u00f6nnen. Diese F\u00fctterung verbessert ihr Wachstum, ihre F\u00e4rbung und ihre allgemeine Widerstandsf\u00e4higkeit gegen\u00fcber Stressfaktoren.<\/p>\n<p>Was sind also Aminos\u00e4uren? Sie sind die Bausteine \u200b\u200bvon Proteinen. Ohne Proteine \u200b\u200bk\u00f6nnen Korallen kein neues Gewebe bilden, keine Skelettstrukturen entwickeln oder Stoffwechselaktivit\u00e4ten durchf\u00fchren. Daher sind Aminos\u00e4uren f\u00fcr die Gesundheit, Verdauung und leuchtende F\u00e4rbung der Korallen sowie f\u00fcr ein l\u00e4ngeres Polypenwachstum unerl\u00e4sslich. Ebenso spielen Vitamine eine entscheidende Rolle, indem sie Korallen mit zus\u00e4tzlicher Nahrung versorgen, die ein verbessertes Wachstum, eine bessere F\u00e4rbung und eine st\u00e4rkere symbiotische Beziehung mit ihren Zooxanthellen unterst\u00fctzt.<\/p>\n","protected":false},"excerpt":{"rendered":"<p>Aquaforest AF Power Elixir perfectly balanced complex amino acids and vitamins<\/p>\n","protected":false},"featured_media":83691,"template":"","meta":[],"pwb-brand":[2199],"product_cat":[1414,1391,515,741],"product_tag":[],"class_list":{"0":"post-85698","1":"product","2":"type-product","3":"status-publish","4":"has-post-thumbnail","6":"pwb-brand-aquaforest","7":"product_cat-aquaforest-de","8":"product_cat-ergaenzungen","9":"product_cat-additives","10":"product_cat-brands","11":"pa_content-1000-ml","12":"pa_content-200-ml","13":"pa_content-2000-ml","14":"pa_inhoud-1000-ml-de","15":"pa_inhoud-200-ml-de","16":"pa_inhoud-2000-ml-de","18":"first","19":"instock","20":"taxable","21":"shipping-taxable","22":"purchasable","23":"product-type-variable"},"acf":[],"brands":[{"id":2199,"name":"Aquaforest","slug":"aquaforest"}],"_links":{"self":[{"href":"https:\/\/www.seaflowerstore.com\/de\/wp-json\/wp\/v2\/product\/85698","targetHints":{"allow":["GET"]}}],"collection":[{"href":"https:\/\/www.seaflowerstore.com\/de\/wp-json\/wp\/v2\/product"}],"about":[{"href":"https:\/\/www.seaflowerstore.com\/de\/wp-json\/wp\/v2\/types\/product"}],"wp:featuredmedia":[{"embeddable":true,"href":"https:\/\/www.seaflowerstore.com\/de\/wp-json\/wp\/v2\/media\/83691"}],"wp:attachment":[{"href":"https:\/\/www.seaflowerstore.com\/de\/wp-json\/wp\/v2\/media?parent=85698"}],"wp:term":[{"taxonomy":"pwb-brand","embeddable":true,"href":"https:\/\/www.seaflowerstore.com\/de\/wp-json\/wp\/v2\/pwb-brand?post=85698"},{"taxonomy":"product_cat","embeddable":true,"href":"https:\/\/www.seaflowerstore.com\/de\/wp-json\/wp\/v2\/product_cat?post=85698"},{"taxonomy":"product_tag","embeddable":true,"href":"https:\/\/www.seaflowerstore.com\/de\/wp-json\/wp\/v2\/product_tag?post=85698"}],"curies":[{"name":"wp","href":"https:\/\/api.w.org\/{rel}","templated":true}]}}