{"id":85702,"date":"2021-08-28T13:14:19","date_gmt":"2021-08-28T11:14:19","guid":{"rendered":"https:\/\/www.seaflowerstore.com\/nl\/aqua-medic-easy-line-professional-200\/"},"modified":"2024-03-19T15:46:13","modified_gmt":"2024-03-19T14:46:13","slug":"aqua-medic-easy-line-professional-200","status":"publish","type":"product","link":"https:\/\/www.seaflowerstore.com\/de\/aqua-medic-easy-line-professional-200\/","title":{"rendered":"Aqua Medic easy line PROFESSIONAL 200"},"content":{"rendered":"<h2>Aqua Medic easy line PROFESSIONAL 200GPD (750L\/day) for the purification of tap water<\/h2>\n<p>Die Aqua Medic easy line PROFESSIONAL ist f\u00fcr die Herstellung von weichem und entsalztem Wasser konzipiert und eignet sich perfekt f\u00fcr Salz- und S\u00fc\u00dfwasseraquarien sowie f\u00fcr den Einsatz in Terrarien und zahlreichen anderen Anwendungen.<\/p>\n<p>Die Umkehrosmoseanlagen der <strong>easy line professional<\/strong> sind kompakt und dennoch leistungsstark und erf\u00fcllen h\u00f6chste Anspr\u00fcche an die Wasserqualit\u00e4t. Ein Sedimentfilter h\u00e4lt effektiv alle Partikel gr\u00f6\u00dfer als 5 \u00b5m zur\u00fcck, w\u00e4hrend ein Kohlefilter den Schutz der Membran durch Entfernung von Chlor gew\u00e4hrleistet. Das System umfasst eine Membran, ein Druckrohr und ein Sp\u00fclventil, wobei die Membran die Kernkomponente ist, die f\u00fcr die Bereitstellung von reiner Wasserqualit\u00e4t verantwortlich ist.<\/p>\n<p>Wir verwenden die neueste Generation von TFC-Membranen (Polyamid\/Polysulfon), um aufbereitetes Wasser von h\u00f6chster Qualit\u00e4t zu gew\u00e4hrleisten und erreichen ein R\u00fcckgewinnungsverh\u00e4ltnis von etwa 3-4:1 Konzentrat zu Permeat sowie eine R\u00fcckweisungsrate von bis zu 98 %.<\/p>\n<p>Die Umkehrosmoseanlagen der <strong>easy line professional<\/strong> eignen sich auch perfekt f\u00fcr die Wasseraufbereitung im Haushalt, beispielsweise zur Entfernung von Eisen und anderen Verunreinigungen. Die Anlage verf\u00fcgt \u00fcber einen Druckschalter, der das automatische Bef\u00fcllen eines Druckbeh\u00e4lters (nicht im Lieferumfang enthalten) erm\u00f6glicht, sodass aufbereitetes Wasser noch schneller verf\u00fcgbar ist.<\/p>\n<p>Das kompakte Design erfordert nur minimalen Platzbedarf f\u00fcr die Aufstellung und die mitgelieferte Montageplatte erm\u00f6glicht sowohl die Wandmontage als auch die Aufstellung auf einer ebenen Fl\u00e4che. Ein integriertes Manometer zeigt den aktuellen Wasserdruck an.<\/p>\n<p>Mit der mitgelieferten verchromten Wasserhahnverl\u00e4ngerung haben Sie die M\u00f6glichkeit, zwischen gefiltertem Wasser (Osmosewasser) und normalem Leitungswasser zu w\u00e4hlen. Diese Verl\u00e4ngerung l\u00e4sst sich bequem fest mit Ihrem Wasserhahn verbinden. Zus\u00e4tzlich liegt ein Universaladapter zur werkzeuglosen Montage an handels\u00fcbliche Haushaltswasserh\u00e4hne bei, passend f\u00fcr Mischd\u00fcsen mit 22 mm Innengewinde oder 24 mm Au\u00dfengewinde (Adapter im Lieferumfang enthalten).<\/p>\n<p>Ma\u00dfe (L x B x H): ca. 370 x 160 x 160 mm.<\/p>\n<p><strong>Die Reinwasserleistung der Aqua Medic Umkehrosmose-Membranen ist abh\u00e4ngig vom Reinwasserdruck vor der Membran und der Wassertemperatur. Sie steigt sowohl mit Druck als auch mit Temperatur.<\/strong><\/p>\n<h4><strong>Bestandteile:<\/strong><\/h4>\n<ul>\n<li>Durchflussbegrenzer: Dieses Ventil stellt das Permeat\/Konzentrat-Verh\u00e4ltnis auf etwa 1:4 ein.<\/li>\n<li>Leitungswasseranschlussnippel und <strong>4 x 1 m Druckschlauch<\/strong>.<\/li>\n<li>Halterung mit Anschl\u00fcssen (zum Aufstellen oder zur Wandmontage; Schrauben und D\u00fcbel nicht im Lieferumfang enthalten).<\/li>\n<li>Verbindungsclip zwischen Vorfilter und Membrangeh\u00e4use (4 St\u00fcck).<\/li>\n<li>Clip Membrangeh\u00e4use (2 St\u00fcck).<\/li>\n<li>Absperrventil.<\/li>\n<li>Druckmesser (\u00f6lged\u00e4mpft).<\/li>\n<li>Schl\u00fcssel f\u00fcr Membrangeh\u00e4use.<\/li>\n<li>Klemme f\u00fcr Abwasserschlauchmontage mit Dichtung.<\/li>\n<\/ul>\n<p>*Mit freundlicher Genehmigung von Pieter N. f\u00fcr dieses niederl\u00e4ndische Video*<\/p>\n","protected":false},"excerpt":{"rendered":"<p>Aqua Medic easy line PROFESSIONAL 200GPD (750L\/day) for the purification of tap water<\/p>\n","protected":false},"featured_media":83555,"template":"","meta":[],"pwb-brand":[2149],"product_cat":[1468,1421],"product_tag":[],"class_list":{"0":"post-85702","1":"product","2":"type-product","3":"status-publish","4":"has-post-thumbnail","6":"pwb-brand-aqua-medic","7":"product_cat-osmose-ionenaustauscher","8":"product_cat-aqua-medic-de","10":"first","11":"instock","12":"taxable","13":"shipping-taxable","14":"purchasable","15":"product-type-simple"},"acf":[],"brands":[{"id":2149,"name":"Aqua Medic","slug":"aqua-medic"}],"_links":{"self":[{"href":"https:\/\/www.seaflowerstore.com\/de\/wp-json\/wp\/v2\/product\/85702","targetHints":{"allow":["GET"]}}],"collection":[{"href":"https:\/\/www.seaflowerstore.com\/de\/wp-json\/wp\/v2\/product"}],"about":[{"href":"https:\/\/www.seaflowerstore.com\/de\/wp-json\/wp\/v2\/types\/product"}],"wp:featuredmedia":[{"embeddable":true,"href":"https:\/\/www.seaflowerstore.com\/de\/wp-json\/wp\/v2\/media\/83555"}],"wp:attachment":[{"href":"https:\/\/www.seaflowerstore.com\/de\/wp-json\/wp\/v2\/media?parent=85702"}],"wp:term":[{"taxonomy":"pwb-brand","embeddable":true,"href":"https:\/\/www.seaflowerstore.com\/de\/wp-json\/wp\/v2\/pwb-brand?post=85702"},{"taxonomy":"product_cat","embeddable":true,"href":"https:\/\/www.seaflowerstore.com\/de\/wp-json\/wp\/v2\/product_cat?post=85702"},{"taxonomy":"product_tag","embeddable":true,"href":"https:\/\/www.seaflowerstore.com\/de\/wp-json\/wp\/v2\/product_tag?post=85702"}],"curies":[{"name":"wp","href":"https:\/\/api.w.org\/{rel}","templated":true}]}}