{"id":85703,"date":"2021-08-28T12:54:50","date_gmt":"2021-08-28T10:54:50","guid":{"rendered":"https:\/\/www.seaflowerstore.com\/nl\/seachem-reef-glue-20gr\/"},"modified":"2024-03-19T15:46:12","modified_gmt":"2024-03-19T14:46:12","slug":"seachem-reef-glue-20gr","status":"publish","type":"product","link":"https:\/\/www.seaflowerstore.com\/de\/seachem-reef-glue-20gr\/","title":{"rendered":"Seachem Reef Glue 20gr"},"content":{"rendered":"<h2>Seachem Reef Glue 20gr mount coral frags and colonies to reef rock and plugs<\/h2>\n<p><strong>Seachem Reef Glue<\/strong> ist ein au\u00dfergew\u00f6hnliches Cyanacrylatgel, das zum effektiven Kleben und Befestigen von Korallenfragmenten und -kolonien auf Riffgestein oder -stopfen entwickelt wurde. Dieses Produkt klebt innerhalb von Sekunden und bietet hervorragende Kontrolle, Halt und Haltbarkeit. Es kann sogar unter Wasser aufgetragen werden und ist daher vielseitig f\u00fcr verschiedene Aquarienanforderungen geeignet.<\/p>\n<p>Dieser Kleber eignet sich f\u00fcr jedes Aquascaping-Projekt in S\u00fc\u00df- und Salzwasseraquarien sowie zum Reparieren von Kunststoffen. Eine der besten Eigenschaften ist, dass er in der Tube nicht austrocknet. Es wird in einer Aluminiumtube geliefert, die im Vergleich zu Produkten in Plastikflaschen eine bessere Stabilit\u00e4t gew\u00e4hrleistet.<\/p>\n<ul class=\"list list-icons list-icons-style-3 list-icons\">\n<li>Klebt innerhalb von Sekunden, sogar unter Wasser<\/li>\n<li>Die neue Formel ist 17-mal dicker, was mehr Kontrolle und weniger Unordnung erm\u00f6glicht<\/li>\n<\/ul>\n<div class=\"panel-heading\">\n<h3 class=\"panel-title\">Anleitung<\/h3>\n<\/div>\n<div id=\"collapse8Two\" class=\"accordion-body collapse in\">\n<div class=\"panel-body m-md\">\n<p>Zur Verwendung vor jeder Anwendung eine kleine Menge Klebstoff auftragen. Eine kleine Menge Reef Glue auf eine der Oberfl\u00e4chen auftragen und die Teile 20 Sekunden lang zusammendr\u00fccken. Denken Sie daran, die Spitze vom Klebstoff zu befreien, bevor Sie die Kappe wieder aufsetzen.<\/p>\n<\/div>\n<\/div>\n","protected":false},"excerpt":{"rendered":"<p>Seachem Reef Glue 20gr m<span style=\"color: #333333;font-size: 14.4px\">ount coral frags and colonies to reef rock and plugs<\/span><\/p>\n","protected":false},"featured_media":83690,"template":"","meta":[],"pwb-brand":[2215],"product_cat":[1405],"product_tag":[],"class_list":{"0":"post-85703","1":"product","2":"type-product","3":"status-publish","4":"has-post-thumbnail","6":"pwb-brand-seachem","7":"product_cat-korallenkleber-versiegelungsmittel","9":"first","10":"outofstock","11":"taxable","12":"shipping-taxable","13":"purchasable","14":"product-type-simple"},"acf":[],"brands":[{"id":2215,"name":"Seachem","slug":"seachem"}],"_links":{"self":[{"href":"https:\/\/www.seaflowerstore.com\/de\/wp-json\/wp\/v2\/product\/85703","targetHints":{"allow":["GET"]}}],"collection":[{"href":"https:\/\/www.seaflowerstore.com\/de\/wp-json\/wp\/v2\/product"}],"about":[{"href":"https:\/\/www.seaflowerstore.com\/de\/wp-json\/wp\/v2\/types\/product"}],"wp:featuredmedia":[{"embeddable":true,"href":"https:\/\/www.seaflowerstore.com\/de\/wp-json\/wp\/v2\/media\/83690"}],"wp:attachment":[{"href":"https:\/\/www.seaflowerstore.com\/de\/wp-json\/wp\/v2\/media?parent=85703"}],"wp:term":[{"taxonomy":"pwb-brand","embeddable":true,"href":"https:\/\/www.seaflowerstore.com\/de\/wp-json\/wp\/v2\/pwb-brand?post=85703"},{"taxonomy":"product_cat","embeddable":true,"href":"https:\/\/www.seaflowerstore.com\/de\/wp-json\/wp\/v2\/product_cat?post=85703"},{"taxonomy":"product_tag","embeddable":true,"href":"https:\/\/www.seaflowerstore.com\/de\/wp-json\/wp\/v2\/product_tag?post=85703"}],"curies":[{"name":"wp","href":"https:\/\/api.w.org\/{rel}","templated":true}]}}