{"id":85704,"date":"2021-08-28T12:29:46","date_gmt":"2021-08-28T10:29:46","guid":{"rendered":"https:\/\/www.seaflowerstore.com\/nl\/seachem-purigen-100-ml\/"},"modified":"2024-03-19T15:46:10","modified_gmt":"2024-03-19T14:46:10","slug":"seachem-purigen-100-ml","status":"publish","type":"product","link":"https:\/\/www.seaflowerstore.com\/de\/seachem-purigen-100-ml\/","title":{"rendered":"Seachem Purigen 100 ml"},"content":{"rendered":"<h2>Seachem Purigen Bag &#8211; 100 ml bag filled with Purigen<\/h2>\n<p>Purigen\u00ae ist ein au\u00dfergew\u00f6hnliches synthetisches Adsorbent, das sich von anderen Filterprodukten abhebt. Im Gegensatz zu typischen Mischungen aus Ionenaustauschern oder Adsorbentien ist es ein einzigartiges makropor\u00f6ses synthetisches Polymer, das sowohl l\u00f6sliche als auch unl\u00f6sliche Verunreinigungen aus dem Wasser entfernt. Tats\u00e4chlich \u00fcbertrifft es alle Konkurrenzprodukte in Bezug auf Geschwindigkeit und Kapazit\u00e4t um \u00fcber 500 %. Purigen\u00ae bek\u00e4mpft Ammoniak, Nitrite und Nitrate effektiv, indem es stickstoffhaltige organische Abf\u00e4lle eliminiert, die diese sch\u00e4dlichen Substanzen sonst freisetzen w\u00fcrden. Die Wirkung von Purigen\u00ae auf Spurenelemente ist minimal und es verbessert die Redoxwerte erheblich. Dieses Produkt reinigt Wasser auf eine un\u00fcbertroffene Klarheit. Wenn Purigen\u00ae ersch\u00f6pft ist, wird es zunehmend dunkler und kann durch Behandlung mit Bleichmittel leicht erneuert werden. Es ist sowohl f\u00fcr Meeres- als auch f\u00fcr S\u00fc\u00dfwasserumgebungen geeignet.<\/p>\n<h3>Selektivit\u00e4t<\/h3>\n<p>Purigen\u00ae gilt als das organische Filterharz mit der h\u00f6chsten verf\u00fcgbaren Kapazit\u00e4t. Kein anderes Produkt kann mit seiner F\u00e4higkeit mithalten, Tr\u00fcbungen zu beseitigen und eine bemerkenswerte Wasserklarheit zu erreichen. Anders als einfache Ionenaustauscherharze ist Purigen\u00ae speziell als organisches Reinigungsharz konzipiert. W\u00e4hrend Ionenaustauscherharze an ihre Grenzen sto\u00dfen, wenn sie mit Metallen und anderen Schadstoffen gef\u00fcllt sind, besitzt Purigen\u00ae immer noch erhebliches Potenzial. Es ignoriert in der Regel einfache Elementverbindungen und hat eine starke Affinit\u00e4t zu stickstoffhaltigen organischen Stoffen. Die Hauptquelle stickstoffhaltiger Verbindungen in Aquarien sind Abf\u00e4lle von Fischen, Korallen und sogar Pflanzen. Purigen\u00ae entfernt diese Abf\u00e4lle schneller und gr\u00fcndlicher als jedes andere Produkt auf dem Markt.<\/p>\n<div class=\"panel-heading\">\n<h3 class=\"panel-title\">Anleitung<\/h3>\n<\/div>\n<div id=\"collapse8Two\" class=\"accordion-body collapse in\">\n<div class=\"panel-body m-md\">\n<p>Sp\u00fclen Sie Purigen\u00ae vor der Verwendung aus. Verwenden Sie am besten einen feinmaschigen Filterbeutel (180 Mikron oder weniger), wie beispielsweise The Bag\u2122 von Seachem. Um optimale Ergebnisse zu erzielen, platzieren Sie Purigen\u00ae so, dass der Wasserdurchfluss maximiert wird. Es kann in einem Kanisterfilter, einer Medienkammer, einem Kastenfilter oder jedem Bereich mit hohem Durchfluss eines Rieselfilters verwendet werden. Je 250 ml Purigen\u00ae behandeln bis zu 1.000 l (250 US-Gallonen) f\u00fcr bis zu sechs Monate. Sie erkennen, wann es aufgebraucht ist, an der auff\u00e4lligen dunkelbraunen oder schwarzen Verf\u00e4rbung der Perlen.<\/p>\n<p><strong><label>Ich verwende Purigen\u00ae, aber mein Nitratwert ist immer noch hoch. Was l\u00e4uft schief?<\/label><\/strong><\/p>\n<div class=\"toggle-content\">\n<p>A: Purigen\u00ae entfernt organische Stoffe, bevor sie von Bakterien in Ammoniak, Nitrit oder Nitrat umgewandelt werden k\u00f6nnen, was im Laufe der Zeit zu reduzierten Nitratkonzentrationen f\u00fchrt. Es entfernt diese Chemikalien jedoch nicht direkt aus dem Wasser. Wenn Ihr Nitratgehalt weiterhin hoch ist, empfehlen wir einen teilweisen Wasserwechsel und die Verwendung von Biomedien zur Unterst\u00fctzung anaerober denitrifizierender Bakterien, die dabei helfen, Nitrat aus Ihrem Wasser zu entfernen.<\/p>\n<\/div>\n<\/div>\n<\/div>\n","protected":false},"excerpt":{"rendered":"<p>Seachem Purigen Bag &#8211; 100 ml bag filled with Purigen<\/p>\n","protected":false},"featured_media":83688,"template":"","meta":[],"pwb-brand":[2215],"product_cat":[1453,1391],"product_tag":[],"class_list":{"0":"post-85704","1":"product","2":"type-product","3":"status-publish","4":"has-post-thumbnail","6":"pwb-brand-seachem","7":"product_cat-nitrat-und-phosphatentferner","8":"product_cat-ergaenzungen","10":"first","11":"instock","12":"sale","13":"taxable","14":"shipping-taxable","15":"purchasable","16":"product-type-simple"},"acf":[],"brands":[{"id":2215,"name":"Seachem","slug":"seachem"}],"_links":{"self":[{"href":"https:\/\/www.seaflowerstore.com\/de\/wp-json\/wp\/v2\/product\/85704","targetHints":{"allow":["GET"]}}],"collection":[{"href":"https:\/\/www.seaflowerstore.com\/de\/wp-json\/wp\/v2\/product"}],"about":[{"href":"https:\/\/www.seaflowerstore.com\/de\/wp-json\/wp\/v2\/types\/product"}],"wp:featuredmedia":[{"embeddable":true,"href":"https:\/\/www.seaflowerstore.com\/de\/wp-json\/wp\/v2\/media\/83688"}],"wp:attachment":[{"href":"https:\/\/www.seaflowerstore.com\/de\/wp-json\/wp\/v2\/media?parent=85704"}],"wp:term":[{"taxonomy":"pwb-brand","embeddable":true,"href":"https:\/\/www.seaflowerstore.com\/de\/wp-json\/wp\/v2\/pwb-brand?post=85704"},{"taxonomy":"product_cat","embeddable":true,"href":"https:\/\/www.seaflowerstore.com\/de\/wp-json\/wp\/v2\/product_cat?post=85704"},{"taxonomy":"product_tag","embeddable":true,"href":"https:\/\/www.seaflowerstore.com\/de\/wp-json\/wp\/v2\/product_tag?post=85704"}],"curies":[{"name":"wp","href":"https:\/\/api.w.org\/{rel}","templated":true}]}}