{"id":85705,"date":"2021-08-28T12:03:21","date_gmt":"2021-08-28T08:05:52","guid":{"rendered":"https:\/\/www.seaflowerstore.com\/nl\/microbe-lift-coralscaper-silicon-glue-2x60-gr\/"},"modified":"2024-03-19T15:46:09","modified_gmt":"2024-03-19T14:46:09","slug":"microbe-lift-coralscaper-silicon-glue-2x60-gr","status":"publish","type":"product","link":"https:\/\/www.seaflowerstore.com\/de\/microbe-lift-coralscaper-silicon-glue-2x60-gr\/","title":{"rendered":"Microbe-Lift CoralScaper Silicon Glue 2&#215;60 gr"},"content":{"rendered":"<h2>Microbe-Lift CoralScaper Silicon Glue 2&#215;60 gr<\/h2>\n<p>Coralscaper ist eine speziell entwickelte Zweikomponenten-Knetmasse auf Silikonbasis zur schnellen und sauberen Fixierung von Korallen und Ablegern im und au\u00dferhalb des Wassers. Das Produkt ist schadstofffrei, geruchslos und leicht zu handhaben, sodass eine saubere und r\u00fcckstandsfreie Anwendung gew\u00e4hrleistet ist. Seine perfekt ausgewogene Zusammensetzung verhindert eine Tr\u00fcbung des Wassers.<\/p>\n<p>Coralscaper l\u00e4sst sich gut formen und h\u00e4rtet schnell ohne W\u00e4rmeentwicklung aus.<\/p>\n<p><strong>Gebrauchsanweisung:<\/strong><\/p>\n<ul>\n<li>1 Teil Komponente A (grau) und 1 Teil Komponente B (violett) ca. 30 Sekunden lang miteinander verkneten, bis eine gleichm\u00e4\u00dfige Gesamtfarbe erreicht ist.<\/li>\n<li>Die beiden zu fixierenden Teile innerhalb von 80 Sekunden mit der Mischung formschl\u00fcssig miteinander verbinden.<\/li>\n<\/ul>\n","protected":false},"excerpt":{"rendered":"<p>Microbe-Lift CoralScaper Silicon Glue 2&#215;60 gr coral glue<\/p>\n","protected":false},"featured_media":83687,"template":"","meta":[],"pwb-brand":[2227],"product_cat":[1405],"product_tag":[],"class_list":{"0":"post-85705","1":"product","2":"type-product","3":"status-publish","4":"has-post-thumbnail","6":"pwb-brand-microbe-lift","7":"product_cat-korallenkleber-versiegelungsmittel","9":"first","10":"instock","11":"taxable","12":"shipping-taxable","13":"purchasable","14":"product-type-simple"},"acf":[],"brands":[{"id":2227,"name":"Microbe-Lift","slug":"microbe-lift"}],"_links":{"self":[{"href":"https:\/\/www.seaflowerstore.com\/de\/wp-json\/wp\/v2\/product\/85705","targetHints":{"allow":["GET"]}}],"collection":[{"href":"https:\/\/www.seaflowerstore.com\/de\/wp-json\/wp\/v2\/product"}],"about":[{"href":"https:\/\/www.seaflowerstore.com\/de\/wp-json\/wp\/v2\/types\/product"}],"wp:featuredmedia":[{"embeddable":true,"href":"https:\/\/www.seaflowerstore.com\/de\/wp-json\/wp\/v2\/media\/83687"}],"wp:attachment":[{"href":"https:\/\/www.seaflowerstore.com\/de\/wp-json\/wp\/v2\/media?parent=85705"}],"wp:term":[{"taxonomy":"pwb-brand","embeddable":true,"href":"https:\/\/www.seaflowerstore.com\/de\/wp-json\/wp\/v2\/pwb-brand?post=85705"},{"taxonomy":"product_cat","embeddable":true,"href":"https:\/\/www.seaflowerstore.com\/de\/wp-json\/wp\/v2\/product_cat?post=85705"},{"taxonomy":"product_tag","embeddable":true,"href":"https:\/\/www.seaflowerstore.com\/de\/wp-json\/wp\/v2\/product_tag?post=85705"}],"curies":[{"name":"wp","href":"https:\/\/api.w.org\/{rel}","templated":true}]}}