{"id":85706,"date":"2021-08-28T11:31:36","date_gmt":"2021-08-28T09:31:36","guid":{"rendered":"https:\/\/www.seaflowerstore.com\/nl\/fauna-marin-aefw-x-500ml\/"},"modified":"2024-03-19T15:46:08","modified_gmt":"2024-03-19T14:46:08","slug":"fauna-marin-aefw-x-500ml","status":"publish","type":"product","link":"https:\/\/www.seaflowerstore.com\/de\/fauna-marin-aefw-x-500ml\/","title":{"rendered":"Fauna Marin AEFW X 500ml"},"content":{"rendered":"<h2>Fauna Marin AEFW X 500ml works specifically against Acropora flatworms (\u201cAEFW\u201d and \u201cNAEFW\u201d)<\/h2>\n<p><strong>IST WIRKSAM GEGEN AEFW-PLATZW\u00dcRMER<\/strong><\/p>\n<p>AEFW X wurde speziell zur Bek\u00e4mpfung von Acropora-Plattw\u00fcrmern, bekannt als \u201eAEFW\u201c und \u201eNAEFW\u201c, entwickelt. Seine einzigartige Formel blockiert effektiv die Larvenentwicklung und verhindert die Metamorphose, die zur Bildung von reproduktiven Erwachsenen f\u00fchrt. Dar\u00fcber hinaus stellen die erwachsenen Plattw\u00fcrmer die Fortpflanzung und das weitere Wachstum ein.<\/p>\n<p><strong>AEFW X IST WIRKSAM GEGEN:<\/strong><\/p>\n<ul>\n<li>Prosthiostomum acroporae (Acropora fressender Plattwurm)<\/li>\n<li>Neuer AEFW-Plattwurm (\u201eNAEFW\u201c)<\/li>\n<\/ul>\n<p><strong>ANWENDUNG:<\/strong><\/p>\n<p>AEFW X kann sicher in Riffaquarien verwendet werden, ohne anderen Beckenbewohnern zu schaden. Wir empfehlen eine Behandlungsdauer von mindestens 4 bis 6 Wochen, um die Beseitigung aller vorhandenen Plattw\u00fcrmer sicherzustellen. Bei Bedarf kann diese Behandlung auf unbestimmte Zeit verl\u00e4ngert werden. Bitte lesen Sie vor der Anwendung die Anweisungen f\u00fcr HTU AEFW X und befolgen Sie die bereitgestellten Richtlinien und Tipps!<\/p>\n<p>Normalerweise werden befallene Becken innerhalb von 4 bis 6 Wochen frei von Plattw\u00fcrmern. Sie werden feststellen, dass sich die Acroporiden deutlich verbessern, mit verbesserter Schleimsekretion und einem st\u00e4rkeren Immunsystem. Dies reduziert ihre Anf\u00e4lligkeit f\u00fcr Neuinfektionen erheblich.<\/p>\n<p><strong>DOSIERUNG:<\/strong><\/p>\n<p>Bei akuten Infektionen: 4 ml pro 100 Liter (26 US-Gallonen) t\u00e4glich f\u00fcr 4 bis 6 Wochen. Zur Vorbeugung: 2 ml pro 100 Liter (26 US-Gallonen) t\u00e4glich.<\/p>\n<p>Verabreichen Sie die Dosierung immer einmal t\u00e4glich direkt in das Aquarium. W\u00e4hrend der Behandlung k\u00f6nnen Sie die UV-Anlage, Aktivkohle, Ozon und Adsorber betreiben.<\/p>\n<p>Zutaten: Capsaicinextrakt < 2%<\/p>\n<p><strong>SICHERHEITSHINWEIS:<\/strong><\/p>\n<p>Dieses Produkt ist nur f\u00fcr die Anwendung in Meerwasseraquarien bestimmt. Bitte au\u00dferhalb der Reichweite von Kindern aufbewahren und nicht in offene Gew\u00e4sser einbringen.<\/p>\n<p><strong>Biozidprodukte mit Vorsicht verwenden.<\/strong> Vor Gebrauch stets Etikett und Produktinformationen lesen.<\/p>\n","protected":false},"excerpt":{"rendered":"<p>Fauna Marin AEFW X 500ml works specifically against Acropora flatworms (\u201cAEFW\u201d and \u201cNAEFW\u201d)<\/p>\n","protected":false},"featured_media":83686,"template":"","meta":[],"pwb-brand":[2177],"product_cat":[1390,1437],"product_tag":[],"class_list":{"0":"post-85706","1":"product","2":"type-product","3":"status-publish","4":"has-post-thumbnail","6":"pwb-brand-fauna-marin","7":"product_cat-medikamente","8":"product_cat-fauna-marin-de","10":"first","11":"outofstock","12":"taxable","13":"shipping-taxable","14":"purchasable","15":"product-type-simple"},"acf":[],"brands":[{"id":2177,"name":"Fauna Marin","slug":"fauna-marin"}],"_links":{"self":[{"href":"https:\/\/www.seaflowerstore.com\/de\/wp-json\/wp\/v2\/product\/85706","targetHints":{"allow":["GET"]}}],"collection":[{"href":"https:\/\/www.seaflowerstore.com\/de\/wp-json\/wp\/v2\/product"}],"about":[{"href":"https:\/\/www.seaflowerstore.com\/de\/wp-json\/wp\/v2\/types\/product"}],"wp:featuredmedia":[{"embeddable":true,"href":"https:\/\/www.seaflowerstore.com\/de\/wp-json\/wp\/v2\/media\/83686"}],"wp:attachment":[{"href":"https:\/\/www.seaflowerstore.com\/de\/wp-json\/wp\/v2\/media?parent=85706"}],"wp:term":[{"taxonomy":"pwb-brand","embeddable":true,"href":"https:\/\/www.seaflowerstore.com\/de\/wp-json\/wp\/v2\/pwb-brand?post=85706"},{"taxonomy":"product_cat","embeddable":true,"href":"https:\/\/www.seaflowerstore.com\/de\/wp-json\/wp\/v2\/product_cat?post=85706"},{"taxonomy":"product_tag","embeddable":true,"href":"https:\/\/www.seaflowerstore.com\/de\/wp-json\/wp\/v2\/product_tag?post=85706"}],"curies":[{"name":"wp","href":"https:\/\/api.w.org\/{rel}","templated":true}]}}