{"id":85707,"date":"2021-08-24T15:45:42","date_gmt":"2021-08-24T11:51:30","guid":{"rendered":"https:\/\/www.seaflowerstore.com\/nl\/tunze-care-magnet-pico\/"},"modified":"2024-03-19T15:46:07","modified_gmt":"2024-03-19T14:46:07","slug":"tunze-care-magnet-pico","status":"publish","type":"product","link":"https:\/\/www.seaflowerstore.com\/de\/tunze-care-magnet-pico\/","title":{"rendered":"Tunze Care Magnet pico"},"content":{"rendered":"<h2>Tunze Care Magnet pico Care for your aquarium<\/h2>\n<p>Das Care Magnet-Konzept war 2014 eine bahnbrechende Innovation und revolutionierte das Design von Fensterscheibenreinigern. Es verf\u00fcgt \u00fcber einen ergonomischen Griff in Kombination mit speziellen Kunststoffklingen aus langlebigem, verschlei\u00dffestem Hochleistungskunststoff.<\/p>\n<p><strong>Spezifikationen:<\/strong><\/p>\n<ul>\n<li>Geeignet f\u00fcr Glasst\u00e4rken von 3 mm bis 6 mm (0,12&#8243; &#8211; 0,24&#8243;)<\/li>\n<li>Breite: 40 mm (1,57&#8243;)<\/li>\n<li>L\u00e4nge: 81 mm (3,19&#8243;)<\/li>\n<li>Innenteil: 20 mm (0,79&#8243;)<\/li>\n<li>Au\u00dfenteil: 17 mm (0,67&#8243;)<\/li>\n<li>Kunststoffklingen sind sicher installiert und <strong>nicht austauschbar<\/strong><\/li>\n<\/ul>\n<h3>Warum darauf achten?<\/h3>\n<p>Dieser Glasscheibenreiniger wurde entwickelt, um Kratzer auf den Innenfl\u00e4chen Ihres Aquariums zu verhindern, sodass er auch auf Acryl sicher verwendet werden kann Glasscheiben mit der kleinen Kunststoffklinge. Der innere Magnet bleibt dabei \u00fcber 3 mm vom Aquarium entfernt, wodurch die Gefahr von Sandablagerungen verringert wird.<\/p>\n<p>Die beiden Kunststoffklingen entfernen Algen effektiv von den Glasfl\u00e4chen und sind dabei fast so effektiv wie eine scharfe Metallklinge. <strong>Die Lebensdauer jeder Klinge betr\u00e4gt mehrere Monate bis zu etwa einem Jahr.<\/strong><\/p>\n<p>Der geringe Str\u00f6mungswiderstand beim Reinigen, gepaart mit einer starken Magnetkupplung, macht ein Abl\u00f6sen des Magneten nahezu unm\u00f6glich. Die gr\u00f6\u00dfere Klinge ist f\u00fcr den Einsatz mit der mitgelieferten Edelstahlklinge bei besonders hartn\u00e4ckigen Algen, wie z. B. \u00e4lteren Ablagerungen an den Seitenw\u00e4nden oder dicken Kalkalgen, vorgesehen. Die abgerundeten Kanten der Kunststoffklingen sorgen f\u00fcr einen sanften \u00dcbergang zwischen den Scheiben am Aquarienrand und verhindern so eine Besch\u00e4digung der Silikonfugen.<\/p>\n","protected":false},"excerpt":{"rendered":"<p>Tunze Care Magnet pico Care for your aquarium and removes the algae easily of the glass<\/p>\n","protected":false},"featured_media":83668,"template":"","meta":[],"pwb-brand":[2123],"product_cat":[1428],"product_tag":[],"class_list":{"0":"post-85707","1":"product","2":"type-product","3":"status-publish","4":"has-post-thumbnail","6":"pwb-brand-tunze","7":"product_cat-algenmagnet","9":"first","10":"instock","11":"taxable","12":"shipping-taxable","13":"purchasable","14":"product-type-simple"},"acf":[],"brands":[{"id":2123,"name":"Tunze","slug":"tunze"}],"_links":{"self":[{"href":"https:\/\/www.seaflowerstore.com\/de\/wp-json\/wp\/v2\/product\/85707","targetHints":{"allow":["GET"]}}],"collection":[{"href":"https:\/\/www.seaflowerstore.com\/de\/wp-json\/wp\/v2\/product"}],"about":[{"href":"https:\/\/www.seaflowerstore.com\/de\/wp-json\/wp\/v2\/types\/product"}],"wp:featuredmedia":[{"embeddable":true,"href":"https:\/\/www.seaflowerstore.com\/de\/wp-json\/wp\/v2\/media\/83668"}],"wp:attachment":[{"href":"https:\/\/www.seaflowerstore.com\/de\/wp-json\/wp\/v2\/media?parent=85707"}],"wp:term":[{"taxonomy":"pwb-brand","embeddable":true,"href":"https:\/\/www.seaflowerstore.com\/de\/wp-json\/wp\/v2\/pwb-brand?post=85707"},{"taxonomy":"product_cat","embeddable":true,"href":"https:\/\/www.seaflowerstore.com\/de\/wp-json\/wp\/v2\/product_cat?post=85707"},{"taxonomy":"product_tag","embeddable":true,"href":"https:\/\/www.seaflowerstore.com\/de\/wp-json\/wp\/v2\/product_tag?post=85707"}],"curies":[{"name":"wp","href":"https:\/\/api.w.org\/{rel}","templated":true}]}}