{"id":85710,"date":"2021-08-18T20:15:24","date_gmt":"2021-08-18T18:15:24","guid":{"rendered":"https:\/\/www.seaflowerstore.com\/nl\/red-sea-dipx\/"},"modified":"2024-03-19T15:46:15","modified_gmt":"2024-03-19T14:46:15","slug":"red-sea-dipx","status":"publish","type":"product","link":"https:\/\/www.seaflowerstore.com\/de\/red-sea-dipx\/","title":{"rendered":"Red Sea DipX"},"content":{"rendered":"<h2>Red Sea DipX is a highly effective dip for safely introducing new corals<\/h2>\n<p>Ein einfaches 15-min\u00fctiges Bad in DipX, bevor Sie eine neue Koralle in das Aquarium setzen, hilft dabei, unerw\u00fcnschte \u201eAnhalter\u201c zu eliminieren und die Sicherheit Ihres Riffs zu gew\u00e4hrleisten.<\/p>\n<p>Neue Korallen haben oft versteckte unerw\u00fcnschte \u201eAnhalter\u201c in ihren Spalten. Diese winzigen Lebewesen sind normalerweise mit blo\u00dfem Auge nicht zu erkennen und k\u00f6nnen, sobald sie das Aquarium betreten, zu anderen Korallen weiterziehen und so m\u00f6glicherweise Ihr empfindliches Riff-\u00d6kosystem sch\u00e4digen.<\/p>\n<p>Im Laufe der Jahre haben Riffliebhaber verschiedene Badel\u00f6sungen wie S\u00fc\u00dfwasser, Jod und sogar Haushaltsdesinfektionsmittel ausprobiert. Diese Methoden k\u00f6nnen zwar einige Anhalter abwehren, aber sie wirken nicht auf alle.<\/p>\n<p>In den letzten Jahren haben wir mit Tanks voller befallener Korallen experimentiert und eine gro\u00dfe Auswahl handels\u00fcblicher Tauchb\u00e4der und anderer abweisender Inhaltsstoffe verglichen, wobei wir ihre Wirksamkeit und allgemeine Sicherheit f\u00fcr die Korallen genau untersucht haben.<\/p>\n<p>Das Ergebnis ist Red Sea DipX \u2013 eine einzigartige Mischung aus \u00e4therischen \u00d6len, frei von anorganischen Desinfektionsmitteln. Unsere Tests haben ergeben, dass DipX f\u00fcr alle Korallenarten <strong>v\u00f6llig sicher<\/strong> und wirksamer ist als jede andere L\u00f6sung, die <span lang=\"EN-US\">wir getestet haben<\/span>.<\/p>\n<p>Korallen, die mit Red Sea DipX behandelt wurden, wehrten weiterhin unerw\u00fcnschte \u201eAnhalter\u201c ab, selbst wenn sie zuvor in andere L\u00f6sungen getaucht worden waren. Umgekehrt wehrten Korallen, die nach der Verwendung von DipX in andere L\u00f6sungen getaucht wurden, keine Sch\u00e4dlinge ab.<\/p>\n<h3>FAQ<\/h3>\n<p><strong>Kann ich Red Sea DipX in meinem Aquarium verwenden?<\/strong><\/p>\n<ul>\n<li>Auf keinen Fall! DipX sollte nur in einem separaten Bad verwendet werden und darf nicht innerhalb eines Aquariums verwendet werden. Bei stark befallenen Aquarien (bei denen das Problem nicht nur auf ein paar einzelne Korallen beschr\u00e4nkt ist) empfehlen wir dringend, alle Korallen und Steine \u200b\u200bzu entfernen und in gro\u00dfe externe Beh\u00e4lter zu tauchen.<\/li>\n<\/ul>\n<p><strong>Kann ich DipX \u00fcber l\u00e4ngere Zeitr\u00e4ume direkt in einem Quarant\u00e4nebecken verwenden?<\/strong><\/p>\n<ul>\n<li>Nein. Korallen sollten jeweils nur f\u00fcr maximal 15 Minuten in ein DipX-Bad getaucht werden. Die DipX-Badl\u00f6sung kann f\u00fcr bis zu vier Chargen Korallen oder Steine \u200b\u200bwiederverwendet werden, sollte aber innerhalb von 2 Stunden nach der Zubereitung entsorgt werden.<\/li>\n<\/ul>\n<p><strong>Wird DipX die Eier von Plattw\u00fcrmern und Nacktschnecken abwehren?<\/strong><\/p>\n<ul>\n<li>Nein, die Chitinschale der Eier sch\u00fctzt sie vor allen Koralleneintauchungen. Eier befinden sich normalerweise in den freiliegenden Teilen des Skeletts am Boden der Kolonie und sind bei der Inspektion m\u00f6glicherweise nicht sichtbar. Wir empfehlen, die Koralle f\u00fcr einen Zeitraum von 22 Tagen in ein separates Quarant\u00e4neaquarium zu legen und den Eintauchvorgang am 11. und 22. Tag zu wiederholen. Wenn die Eier in einem etablierten (nicht einem speziellen Quarant\u00e4ne-)Aquarium schl\u00fcpfen d\u00fcrfen, k\u00f6nnen die Larven mehrere Tage ohne Wirt \u00fcberleben und zwischen Kolonien schwimmen.<\/li>\n<\/ul>\n<p><strong>Sollte ich DipX auf lebenden Steinen verwenden?<\/strong><\/p>\n<ul>\n<li>Ja. Lebende Steine \u200b\u200bk\u00f6nnen viele \u201eungewollte Anhalter\u201c in ein neues Aquarium bringen, darunter Borstenw\u00fcrmer, Asterina-Seesterne, Wurmschnecken, Fangschreckenkrebse und Knallkrebse. Daher ist es sehr ratsam, lebende Steine \u200b\u200bin ein DipX-Bad einzutauchen, bevor Sie sie in Ihr Aquarium geben.<\/li>\n<\/ul>\n<p><strong>Soll ich DipX mit Anemonen verwenden?<\/strong><\/p>\n<ul>\n<li>Im Allgemeinen beherbergen Anemonen wie Teppich-, Blasenspitzen-, Sebae- und Candy-Anemonen normalerweise keine Anhalter. Dicosoma- und Ricordea-Anemonen sind jedoch an Felsen befestigt, die Anhalter mit sich tragen k\u00f6nnen. Daher wird die Verwendung von DipX empfohlen, bevor sie in ein neues Aquarium eingef\u00fchrt werden.<\/li>\n<\/ul>\n<p><strong>Kann ich DipX mit anderen Wirbellosen wie Seesternen, Muscheln, W\u00fcrmern usw. verwenden?<\/strong><\/p>\n<ul>\n<li>Nein, DipX sollte ausschlie\u00dflich f\u00fcr Korallen und lebende Felsen verwendet werden!<\/li>\n<\/ul>\n<p><strong>Kann ich Red Sea DipX f\u00fcr Fische verwenden?<\/strong><\/p>\n<ul>\n<li>Auf keinen Fall! DipX ist korallensicher, kann aber f\u00fcr Fische sch\u00e4dlich sein.<\/li>\n<\/ul>\n","protected":false},"excerpt":{"rendered":"<p>Red Sea DipX is a highly effective dip for safely introducing new corals<\/p>\n","protected":false},"featured_media":83658,"template":"","meta":[],"pwb-brand":[2125],"product_cat":[1390,515],"product_tag":[],"class_list":{"0":"post-85710","1":"product","2":"type-product","3":"status-publish","4":"has-post-thumbnail","6":"pwb-brand-red-sea","7":"product_cat-medikamente","8":"product_cat-additives","9":"pa_content-250-ml","10":"pa_content-500-ml","11":"pa_content-5000-ml","12":"pa_inhoud-100-ml-de","13":"pa_inhoud-250-ml-de","14":"pa_inhoud-500-ml-de","15":"pa_inhoud-5000-ml-de","17":"first","18":"instock","19":"taxable","20":"shipping-taxable","21":"product-type-variable"},"acf":[],"brands":[{"id":2125,"name":"Red Sea","slug":"red-sea"}],"_links":{"self":[{"href":"https:\/\/www.seaflowerstore.com\/de\/wp-json\/wp\/v2\/product\/85710","targetHints":{"allow":["GET"]}}],"collection":[{"href":"https:\/\/www.seaflowerstore.com\/de\/wp-json\/wp\/v2\/product"}],"about":[{"href":"https:\/\/www.seaflowerstore.com\/de\/wp-json\/wp\/v2\/types\/product"}],"wp:featuredmedia":[{"embeddable":true,"href":"https:\/\/www.seaflowerstore.com\/de\/wp-json\/wp\/v2\/media\/83658"}],"wp:attachment":[{"href":"https:\/\/www.seaflowerstore.com\/de\/wp-json\/wp\/v2\/media?parent=85710"}],"wp:term":[{"taxonomy":"pwb-brand","embeddable":true,"href":"https:\/\/www.seaflowerstore.com\/de\/wp-json\/wp\/v2\/pwb-brand?post=85710"},{"taxonomy":"product_cat","embeddable":true,"href":"https:\/\/www.seaflowerstore.com\/de\/wp-json\/wp\/v2\/product_cat?post=85710"},{"taxonomy":"product_tag","embeddable":true,"href":"https:\/\/www.seaflowerstore.com\/de\/wp-json\/wp\/v2\/product_tag?post=85710"}],"curies":[{"name":"wp","href":"https:\/\/api.w.org\/{rel}","templated":true}]}}