{"id":85714,"date":"2021-08-15T17:44:48","date_gmt":"2021-08-15T13:49:38","guid":{"rendered":"https:\/\/www.seaflowerstore.com\/nl\/tropic-marin-iodine-50ml\/"},"modified":"2024-03-19T15:45:58","modified_gmt":"2024-03-19T14:45:58","slug":"tropic-marin-iodine-50ml","status":"publish","type":"product","link":"https:\/\/www.seaflowerstore.com\/de\/tropic-marin-iodine-50ml\/","title":{"rendered":"Tropic Marin\u00a0Iodine 50ml"},"content":{"rendered":"<h2>Tropic Marin Iodine 50ml Essential trace element for the inhabitants of the sea<\/h2>\n<p>Jod ist eines der wichtigsten Spurenelemente in nat\u00fcrlichem Meerwasser und spielt eine wichtige Rolle bei verschiedenen Prozessen. Als Hauptbestandteil des Schilddr\u00fcsenhormons hilft es, Kropfbildung vorzubeugen und ist entscheidend f\u00fcr die Verh\u00e4rtung des Exoskeletts bei Krebstieren. Korallenrote Algen und Gorgonien nutzen Jod in ihren Strukturen und tragen so zu einer gesunden Meeresumwelt bei.<\/p>\n<p>In einem Salzwasseraquarium ist die nat\u00fcrliche Auff\u00fcllung von Spurenelementen wie Jod nicht garantiert. Daher ist es wichtig, regelm\u00e4\u00dfig Jod hinzuzuf\u00fcgen, um die Gesundheit Ihrer Meereslebewesen zu unterst\u00fctzen. Studien haben gezeigt, dass Tropic Marin<sup>\u00ae <\/sup>IOD die Anpassung an Licht verbessert und die F\u00e4rbung von Blumentieren, insbesondere Steinkorallen, verbessert. Dieses Produkt enth\u00e4lt Jod in seiner wirksamsten Form, als elementares I<sub>2<\/sub> in einer Lugolschen L\u00f6sung.<\/p>\n<h3>Vorteile:<\/h3>\n<ul>\n<li>Lugolsche L\u00f6sung f\u00fcr Meerwasseraquarien<\/li>\n<li>Essenzielles Spurenelement f\u00fcr Meeresbewohner<\/li>\n<li>Verbessert die Lichtanpassung und verbessert die F\u00e4rbung von Blumentieren, insbesondere Steinkorallen<\/li>\n<\/ul>\n<p><strong>Anwendung:<\/strong><\/p>\n<p>T\u00e4glich einen Tropfen Tropic Marin\u00ae IOD pro 200 Liter Aquarienwasser zugeben und dabei sicherstellen, dass es dem Kreislauf zugef\u00fchrt wird. Sollten Sie einmal eine Dosis vergessen haben, lassen Sie diese einfach an diesem Tag aus und kombinieren Sie keine Dosen, um dies nachzuholen. Bedenken Sie, dass mit zunehmender Populationsdichte im Aquarium auch der Bedarf an Jod steigt und Sie die Dosierung ggf. entsprechend bis zur unten angegebenen H\u00f6chstgrenze erh\u00f6hen m\u00fcssen.<\/p>\n<p><strong>Maximaldosierung:<\/strong> \u00dcberschreiten Sie nicht zwei Tropfen pro 200 Liter Wasservolumen des Aquariensystems pro Tag. Lagern Sie Tropic Marin\u00ae IOD au\u00dferdem an einem dunklen Ort, um seine Wirksamkeit zu erhalten.<\/p>\n","protected":false},"excerpt":{"rendered":"<p>Tropic Marin Iodine 50ml Essential trace element for the inhabitants of the sea<\/p>\n","protected":false},"featured_media":83657,"template":"","meta":[],"pwb-brand":[2151],"product_cat":[1391],"product_tag":[],"class_list":{"0":"post-85714","1":"product","2":"type-product","3":"status-publish","4":"has-post-thumbnail","6":"pwb-brand-tropic-marin","7":"product_cat-ergaenzungen","9":"first","10":"instock","11":"taxable","12":"shipping-taxable","13":"purchasable","14":"product-type-simple"},"acf":[],"brands":[{"id":2151,"name":"Tropic Marin","slug":"tropic-marin"}],"_links":{"self":[{"href":"https:\/\/www.seaflowerstore.com\/de\/wp-json\/wp\/v2\/product\/85714","targetHints":{"allow":["GET"]}}],"collection":[{"href":"https:\/\/www.seaflowerstore.com\/de\/wp-json\/wp\/v2\/product"}],"about":[{"href":"https:\/\/www.seaflowerstore.com\/de\/wp-json\/wp\/v2\/types\/product"}],"wp:featuredmedia":[{"embeddable":true,"href":"https:\/\/www.seaflowerstore.com\/de\/wp-json\/wp\/v2\/media\/83657"}],"wp:attachment":[{"href":"https:\/\/www.seaflowerstore.com\/de\/wp-json\/wp\/v2\/media?parent=85714"}],"wp:term":[{"taxonomy":"pwb-brand","embeddable":true,"href":"https:\/\/www.seaflowerstore.com\/de\/wp-json\/wp\/v2\/pwb-brand?post=85714"},{"taxonomy":"product_cat","embeddable":true,"href":"https:\/\/www.seaflowerstore.com\/de\/wp-json\/wp\/v2\/product_cat?post=85714"},{"taxonomy":"product_tag","embeddable":true,"href":"https:\/\/www.seaflowerstore.com\/de\/wp-json\/wp\/v2\/product_tag?post=85714"}],"curies":[{"name":"wp","href":"https:\/\/api.w.org\/{rel}","templated":true}]}}