{"id":85715,"date":"2021-08-15T17:13:42","date_gmt":"2021-08-15T13:18:51","guid":{"rendered":"https:\/\/www.seaflowerstore.com\/nl\/easy-reefs-easyroti-250-ml\/"},"modified":"2024-03-19T15:45:58","modified_gmt":"2024-03-19T14:45:58","slug":"easy-reefs-easyroti-250-ml","status":"publish","type":"product","link":"https:\/\/www.seaflowerstore.com\/de\/easy-reefs-easyroti-250-ml\/","title":{"rendered":"Easy Reefs EasyRoti 250 ml"},"content":{"rendered":"<h2>Easy Reefs EasyRoti 250 ml Liquid phytoplankton<\/h2>\n<p align=\"justify\">Wir stellen EasyRoti vor, ein fl\u00fcssiges Phytoplankton, das in einer praktischen 250-ml-Gr\u00f6\u00dfe erh\u00e4ltlich ist. Dieses Produkt wird f\u00fcr Aquarien mit einem Fassungsverm\u00f6gen von bis zu 500 Litern brutto dringend empfohlen.<\/p>\n<p align=\"justify\">Die Zusammensetzung von EasyRoti umfasst <strong>Nannochloropsis<\/strong> (80 %) und <strong>Tetraselmis<\/strong> (20 %). Diese Mikroalgen bringen jeweils einzigartige Eigenschaften mit sich, die zu einem optimalen N\u00e4hrstoffprofil f\u00fcr Aquarienartemien beitragen.<\/p>\n<p align=\"justify\"><strong>Dosierung:<\/strong> Die Dosierung kann je nach biologischer Belastung Ihres Aquariums leicht variieren. Generell liegt die empfohlene Menge bei 8 ml pro Tag (f\u00fcr Grund- oder Erhaltungsbedarf) bis 16 ml pro Tag (f\u00fcr mittleren bis hohen Bedarf) f\u00fcr Aquarien mit einem Bruttovolumen von 1.000 Litern.<\/p>\n<p align=\"justify\"><strong>Gebrauchsanweisung:<\/strong> Verteilen Sie die EasyRoti-Dosis \u00fcber den Tag, und seien Sie beruhigt, der Absch\u00e4umer muss nicht ausgeschaltet werden.<\/p>\n<p align=\"justify\">Wenn Sie mit EasyRoti beginnen, befolgen Sie am besten dieses w\u00f6chentliche Dosierungsprotokoll f\u00fcr ein Aquarium mit 1.000 Bruttolitern:<\/p>\n<ul>\n<li>1. Woche: 2 ml pro Tag<\/li>\n<li>2. Woche: 4 ml pro Tag<\/li>\n<li>3. Woche: 6 ml pro Tag<\/li>\n<li>4. Woche: 8 ml pro Tag (Grund- oder Erhaltungsdosis)<\/li>\n<\/ul>\n<p align=\"justify\">Nach der vierten Woche k\u00f6nnen Sie die Dosierung schrittweise erh\u00f6hen, indem Sie 2 ml pro Woche, bis Sie eine hohe Zooplanktonproduktion erreichen, die als hervorragendes Futter f\u00fcr Ihre Fische, Wirbellosen und Korallen dient.<\/p>\n<p align=\"justify\">F\u00fcr eine effektive Verteilung geben Sie EasyRoti in das Aquarium in der N\u00e4he einer Pumpe, die eine starke Wasserzirkulation erzeugt. Zus\u00e4tzlich k\u00f6nnen Sie eine Dosierpumpe verwenden, um EasyRoti automatisch in Ihr Aquarium zu geben, was praktisch ist.<\/p>\n","protected":false},"excerpt":{"rendered":"<p>Easy Reefs EasyRoti 250 ml Liquid phytoplankton<\/p>\n","protected":false},"featured_media":83656,"template":"","meta":[],"pwb-brand":[2195],"product_cat":[1402],"product_tag":[],"class_list":{"0":"post-85715","1":"product","2":"type-product","3":"status-publish","4":"has-post-thumbnail","6":"pwb-brand-easy-reefs","7":"product_cat-verschieden","9":"first","10":"instock","11":"taxable","12":"shipping-taxable","13":"purchasable","14":"product-type-simple"},"acf":[],"brands":[{"id":2195,"name":"Easy Reefs","slug":"easy-reefs"}],"_links":{"self":[{"href":"https:\/\/www.seaflowerstore.com\/de\/wp-json\/wp\/v2\/product\/85715","targetHints":{"allow":["GET"]}}],"collection":[{"href":"https:\/\/www.seaflowerstore.com\/de\/wp-json\/wp\/v2\/product"}],"about":[{"href":"https:\/\/www.seaflowerstore.com\/de\/wp-json\/wp\/v2\/types\/product"}],"wp:featuredmedia":[{"embeddable":true,"href":"https:\/\/www.seaflowerstore.com\/de\/wp-json\/wp\/v2\/media\/83656"}],"wp:attachment":[{"href":"https:\/\/www.seaflowerstore.com\/de\/wp-json\/wp\/v2\/media?parent=85715"}],"wp:term":[{"taxonomy":"pwb-brand","embeddable":true,"href":"https:\/\/www.seaflowerstore.com\/de\/wp-json\/wp\/v2\/pwb-brand?post=85715"},{"taxonomy":"product_cat","embeddable":true,"href":"https:\/\/www.seaflowerstore.com\/de\/wp-json\/wp\/v2\/product_cat?post=85715"},{"taxonomy":"product_tag","embeddable":true,"href":"https:\/\/www.seaflowerstore.com\/de\/wp-json\/wp\/v2\/product_tag?post=85715"}],"curies":[{"name":"wp","href":"https:\/\/api.w.org\/{rel}","templated":true}]}}