{"id":85716,"date":"2021-08-15T14:49:57","date_gmt":"2021-08-15T12:49:57","guid":{"rendered":"https:\/\/www.seaflowerstore.com\/nl\/tropic-marin-amino-organic-250ml\/"},"modified":"2024-03-19T15:45:57","modified_gmt":"2024-03-19T14:45:57","slug":"tropic-marin-amino-organic-250ml","status":"publish","type":"product","link":"https:\/\/www.seaflowerstore.com\/de\/tropic-marin-amino-organic-250ml\/","title":{"rendered":"Tropic Marin Amino Organic 250ml"},"content":{"rendered":"<h2>Tropic Marin Amino Organic 250ml Stimulates coral growth, intensifies colouring and reduces phosphate in the reef aquarium biologically<\/h2>\n<p><strong>Tropic Marin Amino Organic<\/strong> wurde entwickelt, um das Korallenwachstum zu f\u00f6rdern, ihre Farben zu verst\u00e4rken und den Phosphatgehalt in Ihrem Riffaquarium auf nat\u00fcrliche Weise zu senken. Blasse oder br\u00e4unliche Korallen weisen oft auf einen Mangel an leicht verdaulichen Stickstoffverbindungen hin. Dieses Produkt ist vollgepackt mit Aminos\u00e4uren und anderen organischen Stickstoffquellen, die das Wachstum von Weich- und Lederkorallen sowie Scheibenanemonen und Zoanthiden f\u00f6rdern. Dadurch k\u00f6nnen diese Organismen mehr Phosphat aus dem Wasser aufnehmen, was zur biologischen Reduzierung des Phosphatgehalts beitr\u00e4gt.<\/p>\n<p>Durch die Schaffung naturnaher Bedingungen werden Sie feststellen, dass sich Ihre Anthozoen besser \u00f6ffnen, lebendiger und ges\u00fcnder aussehen und eine bessere F\u00e4rbung aufweisen. Wichtig zu beachten ist, dass <strong>Tropic Marin Amino Organic<\/strong> frei von Nitraten und Phosphaten ist.<\/p>\n<p><strong>Vorteile:<\/strong><\/p>\n<ul>\n<li>Enth\u00e4lt wertvolle Aminos\u00e4uren und Mineralstoffe<\/li>\n<li>F\u00fcgt Ihrem Aquarium leicht verdauliche organische Stickstoffverbindungen hinzu<\/li>\n<li>Sorgt f\u00fcr ein ausgewogenes Stickstoff-Phosphat-Verh\u00e4ltnis (N:P) bei hohem Phosphatgehalt im Wasser<\/li>\n<li>Hilft, erh\u00f6hte Phosphatkonzentrationen biologisch abzubauen<\/li>\n<li>F\u00f6rdert das Korallenwachstum<\/li>\n<li>Korallen zeigen mehr Vitalit\u00e4t und eine verbesserte Farbgebung<\/li>\n<li>F\u00f6rdert die \u00d6ffnung von Blumenpolypen<\/li>\n<li>Frei von Nitraten und Phosphaten<\/li>\n<\/ul>\n<p><strong>F\u00fctterungsempfehlung:<\/strong><\/p>\n<p>Zur Anwendung einfach maximal 5 ml (0,17 fl. oz.) Tropic Marin\u00ae Amino-Organic auf 200 Liter (52 Gallonen) Aquarienwasser t\u00e4glich. Bitte vermeiden Sie die Anwendung dieses Produkts bei Phosphatwerten unter 0,03 mg\/l, w\u00e4hrend der Einfahrphase des Aquariums oder bei Vorhandensein unerw\u00fcnschter Dinoflagellaten. Beachten Sie au\u00dferdem, dass oxidierende Filter wie Rieselfilter, Kanisterfilter und Biofilter die Wirksamkeit von Tropic Marin\u00ae Amino-Organic verringern k\u00f6nnen. Wenn Sie einen leichten Anstieg des Nitratgehalts feststellen, kann dies die Ursache sein und ist im Allgemeinen kein Grund zur Besorgnis.<\/p>\n","protected":false},"excerpt":{"rendered":"<p>Tropic Marin Amino Organic 250ml Stimulates coral growth, intensifies colouring and reduces phosphate in the reef aquarium biologically<\/p>\n","protected":false},"featured_media":83655,"template":"","meta":[],"pwb-brand":[2151],"product_cat":[1391,515],"product_tag":[],"class_list":{"0":"post-85716","1":"product","2":"type-product","3":"status-publish","4":"has-post-thumbnail","6":"pwb-brand-tropic-marin","7":"product_cat-ergaenzungen","8":"product_cat-additives","10":"first","11":"outofstock","12":"taxable","13":"shipping-taxable","14":"purchasable","15":"product-type-simple"},"acf":[],"brands":[{"id":2151,"name":"Tropic Marin","slug":"tropic-marin"}],"_links":{"self":[{"href":"https:\/\/www.seaflowerstore.com\/de\/wp-json\/wp\/v2\/product\/85716","targetHints":{"allow":["GET"]}}],"collection":[{"href":"https:\/\/www.seaflowerstore.com\/de\/wp-json\/wp\/v2\/product"}],"about":[{"href":"https:\/\/www.seaflowerstore.com\/de\/wp-json\/wp\/v2\/types\/product"}],"wp:featuredmedia":[{"embeddable":true,"href":"https:\/\/www.seaflowerstore.com\/de\/wp-json\/wp\/v2\/media\/83655"}],"wp:attachment":[{"href":"https:\/\/www.seaflowerstore.com\/de\/wp-json\/wp\/v2\/media?parent=85716"}],"wp:term":[{"taxonomy":"pwb-brand","embeddable":true,"href":"https:\/\/www.seaflowerstore.com\/de\/wp-json\/wp\/v2\/pwb-brand?post=85716"},{"taxonomy":"product_cat","embeddable":true,"href":"https:\/\/www.seaflowerstore.com\/de\/wp-json\/wp\/v2\/product_cat?post=85716"},{"taxonomy":"product_tag","embeddable":true,"href":"https:\/\/www.seaflowerstore.com\/de\/wp-json\/wp\/v2\/product_tag?post=85716"}],"curies":[{"name":"wp","href":"https:\/\/api.w.org\/{rel}","templated":true}]}}