{"id":85717,"date":"2021-08-15T16:05:12","date_gmt":"2021-08-15T12:06:57","guid":{"rendered":"https:\/\/www.seaflowerstore.com\/nl\/grotech-aquaria-protection-gloves-90cm\/"},"modified":"2025-03-17T09:52:00","modified_gmt":"2025-03-17T08:52:00","slug":"grotech-aquaria-protection-gloves-90cm","status":"publish","type":"product","link":"https:\/\/www.seaflowerstore.com\/de\/grotech-aquaria-protection-gloves-90cm\/","title":{"rendered":"Grotech Aquaria protection gloves 90cm"},"content":{"rendered":"<h2>Grotech Aquaria protection gloves 90cm<\/h2>\n<p>Willkommen zu unserer Produkt\u00fcbersicht f\u00fcr die Grotech Aquaria Schutzhandschuhe! Diese Handschuhe sind sowohl f\u00fcr Sicherheit als auch f\u00fcr Komfort bei der Arbeit in Ihrem Aquarium konzipiert.<\/p>\n<ul>\n<li><strong>L\u00e4nge:<\/strong> 90 cm<\/li>\n<li><strong>Mit Armschutz:<\/strong> Ja, sie bieten hervorragenden Schutz.<\/li>\n<li><strong>Schutz:<\/strong> Sie sch\u00fctzen vor Wasser und anderen potenziell sch\u00e4dlichen Lebewesen.<\/li>\n<li><strong>Packungsgr\u00f6\u00dfe:<\/strong> Erh\u00e4ltlich in Packungen zu 10 St\u00fcck.<\/li>\n<li><strong>Ideal f\u00fcr:<\/strong> Allergiker, die zus\u00e4tzlichen Schutz ben\u00f6tigen.<\/li>\n<li><strong>Material:<\/strong> Das Material ist ziemlich d\u00fcnn, seien Sie also bitte vorsichtig in der N\u00e4he von scharfen Gegenst\u00e4nden im Aquarium, wie z. B. Steinen.<\/li>\n<li><strong>Farbe:<\/strong> Die Farbe kann vom Foto abweichen, sie k\u00f6nnen beispielsweise orange sein. Der Hersteller wechselt teilweise zwischen transparenten und orangenen Farben.<\/li>\n<\/ul>\n<p>Wenn Sie Fragen haben oder weitere Informationen ben\u00f6tigen, k\u00f6nnen Sie sich gerne an uns wenden!<\/p>\n","protected":false},"excerpt":{"rendered":"<p>Grotech aquaria gloves 90cm for protecting the skin and wounds against the aquarium water<\/p>\n","protected":false},"featured_media":83654,"template":"","meta":[],"pwb-brand":[2135],"product_cat":[1431],"product_tag":[],"class_list":{"0":"post-85717","1":"product","2":"type-product","3":"status-publish","4":"has-post-thumbnail","6":"pwb-brand-grotech","7":"product_cat-nuetzliche-artikel","9":"first","10":"outofstock","11":"taxable","12":"shipping-taxable","13":"purchasable","14":"product-type-simple"},"acf":[],"brands":[{"id":2135,"name":"Grotech","slug":"grotech"}],"_links":{"self":[{"href":"https:\/\/www.seaflowerstore.com\/de\/wp-json\/wp\/v2\/product\/85717","targetHints":{"allow":["GET"]}}],"collection":[{"href":"https:\/\/www.seaflowerstore.com\/de\/wp-json\/wp\/v2\/product"}],"about":[{"href":"https:\/\/www.seaflowerstore.com\/de\/wp-json\/wp\/v2\/types\/product"}],"wp:featuredmedia":[{"embeddable":true,"href":"https:\/\/www.seaflowerstore.com\/de\/wp-json\/wp\/v2\/media\/83654"}],"wp:attachment":[{"href":"https:\/\/www.seaflowerstore.com\/de\/wp-json\/wp\/v2\/media?parent=85717"}],"wp:term":[{"taxonomy":"pwb-brand","embeddable":true,"href":"https:\/\/www.seaflowerstore.com\/de\/wp-json\/wp\/v2\/pwb-brand?post=85717"},{"taxonomy":"product_cat","embeddable":true,"href":"https:\/\/www.seaflowerstore.com\/de\/wp-json\/wp\/v2\/product_cat?post=85717"},{"taxonomy":"product_tag","embeddable":true,"href":"https:\/\/www.seaflowerstore.com\/de\/wp-json\/wp\/v2\/product_tag?post=85717"}],"curies":[{"name":"wp","href":"https:\/\/api.w.org\/{rel}","templated":true}]}}