{"id":85719,"date":"2021-08-15T12:10:50","date_gmt":"2021-08-15T10:10:50","guid":{"rendered":"https:\/\/www.seaflowerstore.com\/nl\/hanna-hi782-25-reagents-high-range-nitrate-in-seawater-25-tests\/"},"modified":"2026-04-26T13:18:06","modified_gmt":"2026-04-26T11:18:06","slug":"hanna-hi782-25-reagents-high-range-nitrate-in-seawater-25-tests","status":"publish","type":"product","link":"https:\/\/www.seaflowerstore.com\/de\/hanna-hi782-25-reagents-high-range-nitrate-in-seawater-25-tests\/","title":{"rendered":"Hanna HI782-25 Reagents high range nitrate in seawater (25 tests)"},"content":{"rendered":"<h2>Hanna HI782-25 Reagents high range nitrate in seawater (25 tests)<\/h2>\n<p>HI782-25 sind die Ersatzreagenzien f\u00fcr den HI782 Marine Nitrate High Range Checker<sup>\u00ae<\/sup> HC. Diese erstklassigen Reagenzien werden in unserer hochmodernen Anlage hergestellt und jede Packung ist zur einfachen R\u00fcckverfolgbarkeit deutlich mit der Chargennummer und dem Verfallsdatum gekennzeichnet.<\/p>\n<ul>\n<li><strong>Vorgefertigte Reagenzien<\/strong> f\u00fcr Ihre Bequemlichkeit<\/li>\n<li>Hergestellt mit <strong>hochreinen Chemikalien<\/strong><\/li>\n<li>Deutlich gekennzeichnet mit <strong>Verfallsdatum und Chargennummer<\/strong> zur R\u00fcckverfolgbarkeit<\/li>\n<\/ul>\n<div id=\"hs_cos_wrapper_product_details\" class=\"hs_cos_wrapper hs_cos_wrapper_widget hs_cos_wrapper_type_module\" data-hs-cos-general-type=\"widget\" data-hs-cos-type=\"module\">\n<div id=\"sticky-add-to-cart\" class=\"sticky-container\" data-sticky-container=\"\">\n<div class=\"sticky promo-active is-anchored ist-oben\" data-sticky=\"\" data-options=\"marginTop:0; marginBottom: 0; stickyOn: small; stickTo:top; topAnchor:hs_cos_wrapper_contents; btmAnchor:mast-footer\" data-resize=\"rjnrzz-sticky\" data-mutate=\"rjnrzz-sticky\" data-e=\"qh8h1i-e\" data-events=\"resize\">\n<div class=\"grid-container\">\n<div class=\"cell hide-for-small-only xlarge-auto align-self-middle\">\n<span class=\"h5\">High Range Checker\u00ae Reagenzien (25 Tests)<\/span>\n<\/div>\n<\/div>\n<\/div>\n<\/div>\n<\/div>\n<div id=\"hs_cos_wrapper_widget_12054511353\" class=\"hs_cos_wrapper hs_cos_wrapper_widget hs_cos_wrapper_type_module\" data-hs-cos-general-type=\"widget\" data-hs-cos-type=\"module\">\n<section class=\"banner--product-rich-text\">\n<div class=\"grid-container\">\n<div class=\"grid-x grid-padding-x grid-padding-y align-center\">\n<div class=\"cell small-12 large-10\">\n<div id=\"hs_cos_wrapper_widget_12054511353_\" class=\"hs_cos_wrapper hs_cos_wrapper_widget hs_cos_wrapper_type_inline_rich_text\" data-hs-cos-general-type=\"widget\" data-hs-cos-type=\"inline_rich_text\" data-hs-cos-field=\"content\">\n<p>Die HI782-25 sind Hochwertige, vorgemessene Reagenzien, die es Benutzern erm\u00f6glichen, mit ihrem Marine Nitrate High Range Checker<sup>\u00ae<\/sup> HC schnelle und pr\u00e4zise Messwerte zu erzielen. Diese Reagenzien nutzen die Zinkreduktionsmethode, bei der die Reaktion zwischen Nitrat und Reagenz einen rosa Farbton in der Probe erzeugt. Durch einfaches Hinzuf\u00fcgen eines P\u00e4ckchens des HI782-25-Reagenzes zu Ihrer Probe findet die Reaktion statt und das HI782 bestimmt die Konzentration anhand der erzeugten Farbe. Die Ergebnisse werden in Teilen pro Million (ppm) Nitrat (als NO3\u2013) angezeigt. Diese Reagenzien sind speziell f\u00fcr die Verwendung mit Salzwasserproben konzipiert, deren Gehalt voraussichtlich zwischen 0,0 und 75,0 ppm liegt.<\/p>\n<\/div>\n<\/div>\n<\/div>\n<\/div>\n<\/section>\n<\/div>\n<h3>Tipp f\u00fcr eine genaue Messung<\/h3>\n<p>Um sicherzustellen, dass Sie die besten Ergebnisse erzielen, ist es wichtig, dass Ihre Probe frei von jeglichem Schmutz ist. Achten Sie beim Einsetzen der K\u00fcvette in die Messzelle darauf, dass sie au\u00dfen trocken und v\u00f6llig frei von Fingerabdr\u00fccken, \u00d6l oder Schmutz ist. Sie k\u00f6nnen sie vor dem Einsetzen mit HI-731318 oder einem fusselfreien Tuch abwischen. Vermeiden Sie das Sch\u00fctteln der K\u00fcvette, da dies Blasen bilden und zu h\u00f6heren Messwerten f\u00fchren kann. Um Blasen zu beseitigen, k\u00f6nnen Sie die K\u00fcvette leicht schwenken oder darauf klopfen.<\/p>\n<p>Es ist auch wichtig, die reagierte Probe nach dem Hinzuf\u00fcgen des Reagenz nicht zu lange stehen zu lassen, da dies die Genauigkeit beeintr\u00e4chtigen kann. Entsorgen Sie die Probe nach der Messung sofort, um zu verhindern, dass das Glas dauerhaft verf\u00e4rbt wird.<\/p>\n","protected":false},"excerpt":{"rendered":"<p>Hanna HI782-25 Reagents high range nitrate in seawater (25 tests) for the Hanna HI782 Nitrate HR checker<\/p>\n","protected":false},"featured_media":83651,"template":"","meta":[],"pwb-brand":[2229],"product_cat":[1400],"product_tag":[],"class_list":{"0":"post-85719","1":"product","2":"type-product","3":"status-publish","4":"has-post-thumbnail","6":"pwb-brand-hanna-instruments","7":"product_cat-tester","9":"first","10":"instock","11":"taxable","12":"shipping-taxable","13":"purchasable","14":"product-type-simple"},"acf":[],"brands":[{"id":2229,"name":"Hanna Instruments","slug":"hanna-instruments"}],"_links":{"self":[{"href":"https:\/\/www.seaflowerstore.com\/de\/wp-json\/wp\/v2\/product\/85719","targetHints":{"allow":["GET"]}}],"collection":[{"href":"https:\/\/www.seaflowerstore.com\/de\/wp-json\/wp\/v2\/product"}],"about":[{"href":"https:\/\/www.seaflowerstore.com\/de\/wp-json\/wp\/v2\/types\/product"}],"wp:featuredmedia":[{"embeddable":true,"href":"https:\/\/www.seaflowerstore.com\/de\/wp-json\/wp\/v2\/media\/83651"}],"wp:attachment":[{"href":"https:\/\/www.seaflowerstore.com\/de\/wp-json\/wp\/v2\/media?parent=85719"}],"wp:term":[{"taxonomy":"pwb-brand","embeddable":true,"href":"https:\/\/www.seaflowerstore.com\/de\/wp-json\/wp\/v2\/pwb-brand?post=85719"},{"taxonomy":"product_cat","embeddable":true,"href":"https:\/\/www.seaflowerstore.com\/de\/wp-json\/wp\/v2\/product_cat?post=85719"},{"taxonomy":"product_tag","embeddable":true,"href":"https:\/\/www.seaflowerstore.com\/de\/wp-json\/wp\/v2\/product_tag?post=85719"}],"curies":[{"name":"wp","href":"https:\/\/api.w.org\/{rel}","templated":true}]}}