{"id":85721,"date":"2021-08-13T21:18:31","date_gmt":"2021-08-13T19:18:31","guid":{"rendered":"https:\/\/www.seaflowerstore.com\/nl\/vca-sps-kit-salinity-probe-stability-kit\/"},"modified":"2025-07-22T08:31:00","modified_gmt":"2025-07-22T06:31:00","slug":"vca-sps-kit-salinity-probe-stability-kit","status":"publish","type":"product","link":"https:\/\/www.seaflowerstore.com\/de\/vca-sps-kit-salinity-probe-stability-kit\/","title":{"rendered":"VCA SPS Kit- Salinity Probe Stability Kit"},"content":{"rendered":"<h2>VCA SPS Kit &#8211; Salinity Probe Stability Kit<\/h2>\n<p>Das VCA SPS Kit ist Ihre L\u00f6sung, um zuverl\u00e4ssige und konsistente Messwerte der Salzgehaltssonde in Ihrem Aquarium zu erhalten. Die \u00dcberwachung des Salzgehalts kann manchmal schwierig sein, aber mit dem SPS Kit k\u00f6nnen Sie den Vorgang vereinfachen.<\/p>\n<p>Eine der gr\u00f6\u00dften H\u00fcrden bei Leitf\u00e4higkeitssonden besteht darin, konsistente Messwerte zu erhalten. Oft k\u00f6nnen Messwerte durch kleine Blasen oder Schmutz am Ende der Sonde gest\u00f6rt werden. Das SPS \u2013 Salinity Probe Stability Kit behebt dieses Problem effektiv.<\/p>\n<p><strong>Einfach zu verwenden \u2013 konsistente Messwerte<\/strong><\/p>\n<p>Befestigen Sie einfach das SPS Kit am Ende der Sonde und verbinden Sie die 1\/4-Zoll-Zuleitung mit einer kleinen Pumpe, wie z. B. einer Neptune PMUP, einer SICCE 340 l\/h Micra oder sogar einem offenen Anschluss an Ihrem Verteiler. Das VCA SPS Kit ist durchdacht konzipiert, um die perfekte Menge an Wasserbewegung und \u00dcberdruck um die Sondenspitze herum zu erzeugen und so konsistente und zuverl\u00e4ssige Messwerte zu erhalten. Dar\u00fcber hinaus sch\u00fctzt es die Sonde aktiv vor Mikrobl\u00e4schen und Schmutz und verhindert so, dass diese Ihre Messungen beeintr\u00e4chtigen.<\/p>\n<p><strong>F\u00dcR DIE BESTEN ERGEBNISSE:<\/strong><\/p>\n<p>Kombinieren Sie das SPS-Kit mit einer Pumpe, die 225 bis 340 l\/h liefern kann. Zu den empfohlenen Pumpen geh\u00f6ren:<\/p>\n<ul>\n<li>Neptune PMUP<\/li>\n<li>SICCE Micra 340 l\/h<\/li>\n<\/ul>\n<p><strong>Was ist im VCA SPS-Kit enthalten?<\/strong><\/p>\n<ul>\n<li>SPS-Sondenschutzgeh\u00e4use<\/li>\n<li>SPS-Drucksieb<\/li>\n<li>Schaftabstandshalter<\/li>\n<li>1\/4 Zoll Schnellkupplungs-Kompressionsverschraubung<\/li>\n<li>86 cm (34 Zoll) L\u00e4nge des 1\/4 Zoll (AD) RO-Schlauchs<\/li>\n<li>SICCE Micra 1\/4 Zoll Schlauchadapter (nicht abgebildet)<\/li>\n<\/ul>\n<h2>Grundinstallation<\/h2>\n<ul>\n<li>St\u00fctzen Sie das Drucksieb (B) und stecken Sie das Ende der Sonde (F) vorsichtig durch die Oberseite des SPS-Kit-Geh\u00e4uses (A).<\/li>\n<li>Dr\u00fccken Sie die Sonde vorsichtig hinein bis es am Drucksieb anschl\u00e4gt.<\/li>\n<li>Verbinden Sie die 1\/4-Zoll-Versorgungsleitung (E) mit dem Steckanschluss (D).<\/li>\n<li>Verbinden Sie das Ende der Versorgungsleitung mit der Durchflussquelle.<\/li>\n<\/ul>\n<h2>Ersteinrichtung<\/h2>\n<ul>\n<li>Platzieren Sie die Sonde mit dem installierten SPS-Kit im Wasser und schalten Sie die Durchflussquelle ein.<\/li>\n<li>Sch\u00fctteln Sie die Baugruppe zun\u00e4chst vorsichtig auf und ab, um eventuell darin eingeschlossene Luftblasen zu l\u00f6sen.<\/li>\n<li>Decken Sie anschlie\u00dfend die \u00d6ffnung an der Unterseite des SPS-Kits einige Sekunden lang mit Ihrem Finger ab, um eventuell darin eingeschlossene Luft oder Blasen zu entfernen.<\/li>\n<\/ul>\n<p>Die Beruhigungsphase dauert im Allgemeinen einige Minuten bis zu einer Stunde. Sobald die Beruhigung erreicht ist, stabilisieren sich Ihre Messwerte und Sie sollten eine stetige Trendlinie beobachten.<\/p>\n","protected":false},"excerpt":{"rendered":"<p>VCA SPS kit is the Salinity Probe Stability Kit to get Reliable and Consistent salinity probe Readings<\/p>\n","protected":false},"featured_media":83644,"template":"","meta":[],"pwb-brand":[2269],"product_cat":[1429],"product_tag":[],"class_list":{"0":"post-85721","1":"product","2":"type-product","3":"status-publish","4":"has-post-thumbnail","6":"pwb-brand-vca","7":"product_cat-vivid-creative-aquatics-de","9":"first","10":"instock","11":"taxable","12":"shipping-taxable","13":"purchasable","14":"product-type-simple"},"acf":[],"brands":[{"id":2269,"name":"VCA","slug":"vca"}],"_links":{"self":[{"href":"https:\/\/www.seaflowerstore.com\/de\/wp-json\/wp\/v2\/product\/85721","targetHints":{"allow":["GET"]}}],"collection":[{"href":"https:\/\/www.seaflowerstore.com\/de\/wp-json\/wp\/v2\/product"}],"about":[{"href":"https:\/\/www.seaflowerstore.com\/de\/wp-json\/wp\/v2\/types\/product"}],"wp:featuredmedia":[{"embeddable":true,"href":"https:\/\/www.seaflowerstore.com\/de\/wp-json\/wp\/v2\/media\/83644"}],"wp:attachment":[{"href":"https:\/\/www.seaflowerstore.com\/de\/wp-json\/wp\/v2\/media?parent=85721"}],"wp:term":[{"taxonomy":"pwb-brand","embeddable":true,"href":"https:\/\/www.seaflowerstore.com\/de\/wp-json\/wp\/v2\/pwb-brand?post=85721"},{"taxonomy":"product_cat","embeddable":true,"href":"https:\/\/www.seaflowerstore.com\/de\/wp-json\/wp\/v2\/product_cat?post=85721"},{"taxonomy":"product_tag","embeddable":true,"href":"https:\/\/www.seaflowerstore.com\/de\/wp-json\/wp\/v2\/product_tag?post=85721"}],"curies":[{"name":"wp","href":"https:\/\/api.w.org\/{rel}","templated":true}]}}