{"id":85722,"date":"2021-08-10T12:24:18","date_gmt":"2021-08-10T10:24:18","guid":{"rendered":"https:\/\/www.seaflowerstore.com\/nl\/tropic-marin-pro-cichlid-mineral\/"},"modified":"2024-03-19T15:45:59","modified_gmt":"2024-03-19T14:45:59","slug":"tropic-marin-pro-cichlid-mineral","status":"publish","type":"product","link":"https:\/\/www.seaflowerstore.com\/de\/tropic-marin-pro-cichlid-mineral\/","title":{"rendered":"Tropic Marin Pro Cichlid Mineral"},"content":{"rendered":"<h2>Tropic Marin Pro Cichlid Mineral is Malawi-Tanganyika-Salt for enhancing the vitality and coloring of East African Cichlids<\/h2>\n<p>Die Rezeptur von <strong>PRO-CICHLID MINERAL<\/strong> basiert auf wissenschaftlichen Untersuchungen der Gew\u00e4sser des Malawisees und des Tanganjikasees sowie auf umfangreichen Tests in Aquarien. Diese einzigartige Mineralmischung wurde speziell f\u00fcr Fische aus diesen Seen entwickelt. Sie tr\u00e4gt dazu bei, die leuchtenden Farben der Buntbarsche hervorzuheben und liefert gleichzeitig wichtige Spurenelemente, die ihre allgemeine Gesundheit f\u00f6rdern.<\/p>\n<p><strong>PRO-CICHLID MINERAL<\/strong> verwandelt Ihr Aquarienwasser in die perfekte Umgebung f\u00fcr die Zucht und Aufzucht ostafrikanischer Buntbarsche. Es erh\u00f6ht und stabilisiert sowohl den pH-Wert als auch den Mineralgehalt des Wassers.<\/p>\n<h3>Vorteile:<\/h3>\n<ul>\n<li>Spezielles Mineralangebot, zugeschnitten auf Fische aus den Seen Malawi und Tanganjika<\/li>\n<li>Verst\u00e4rkt die atemberaubenden, nat\u00fcrlichen Farben und die Vitalit\u00e4t ostafrikanischer Buntbarsche<\/li>\n<li>Schafft optimale Bedingungen f\u00fcr eine erfolgreiche Zucht<\/li>\n<li>Erh\u00f6ht und stabilisiert den pH-Wert und den Mineralgehalt des Aquarienwassers<\/li>\n<\/ul>\n<h3>Anwendung:<\/h3>\n<p>Wenn Sie ein neues Aquarium einrichten, geben Sie einen gestrichenen Messl\u00f6ffel (ca. 6,5 g) <strong>PRO-CICHLID MINERAL<\/strong> pro 5 US-Gallonen (20 Liter) Aquarienwasser hinzu und r\u00fchren Sie, bis es vollst\u00e4ndig aufgel\u00f6st ist.<\/p>\n<p>Wenn sich bereits Fische im Becken befinden, l\u00f6sen Sie die entsprechende Menge <strong>PRO-CICHLID MINERAL<\/strong> in 3 bis 4 Liter (1 US-Gallone) Aquarienwasser und geben Sie diese L\u00f6sung dann dem Aquarium hinzu, w\u00e4hrend das Wasser zirkuliert.<\/p>\n<p>Um eine gleichbleibende Wasserqualit\u00e4t aufrechtzuerhalten, denken Sie daran, die erforderliche Menge <strong>PRO-CICHLID MINERAL<\/strong> jedem Frischwasser hinzuzuf\u00fcgen, das zum Auff\u00fcllen oder Erneuern des Wassers in Ihrem Aquarium verwendet wird.<\/p>\n","protected":false},"excerpt":{"rendered":"<p>Tropic Marin Pro Cichlid Mineral is Malawi-Tanganyika-Salt for enhancing the vitality and coloring of East African Cichlids<\/p>\n","protected":false},"featured_media":83641,"template":"","meta":[],"pwb-brand":[2151],"product_cat":[1492,1486],"product_tag":[],"class_list":{"0":"post-85722","1":"product","2":"type-product","3":"status-publish","4":"has-post-thumbnail","6":"pwb-brand-tropic-marin","7":"product_cat-suesswasser","8":"product_cat-zusatzstoffe","9":"pa_content-250-gr","10":"pa_content-600-gr","11":"pa_inhoud-250-gr-de","12":"pa_inhoud-600-gr-de","14":"first","15":"outofstock","16":"taxable","17":"shipping-taxable","18":"purchasable","19":"product-type-variable"},"acf":[],"brands":[{"id":2151,"name":"Tropic Marin","slug":"tropic-marin"}],"_links":{"self":[{"href":"https:\/\/www.seaflowerstore.com\/de\/wp-json\/wp\/v2\/product\/85722","targetHints":{"allow":["GET"]}}],"collection":[{"href":"https:\/\/www.seaflowerstore.com\/de\/wp-json\/wp\/v2\/product"}],"about":[{"href":"https:\/\/www.seaflowerstore.com\/de\/wp-json\/wp\/v2\/types\/product"}],"wp:featuredmedia":[{"embeddable":true,"href":"https:\/\/www.seaflowerstore.com\/de\/wp-json\/wp\/v2\/media\/83641"}],"wp:attachment":[{"href":"https:\/\/www.seaflowerstore.com\/de\/wp-json\/wp\/v2\/media?parent=85722"}],"wp:term":[{"taxonomy":"pwb-brand","embeddable":true,"href":"https:\/\/www.seaflowerstore.com\/de\/wp-json\/wp\/v2\/pwb-brand?post=85722"},{"taxonomy":"product_cat","embeddable":true,"href":"https:\/\/www.seaflowerstore.com\/de\/wp-json\/wp\/v2\/product_cat?post=85722"},{"taxonomy":"product_tag","embeddable":true,"href":"https:\/\/www.seaflowerstore.com\/de\/wp-json\/wp\/v2\/product_tag?post=85722"}],"curies":[{"name":"wp","href":"https:\/\/api.w.org\/{rel}","templated":true}]}}