{"id":85728,"date":"2021-08-08T09:04:02","date_gmt":"2021-08-08T07:04:02","guid":{"rendered":"https:\/\/www.seaflowerstore.com\/nl\/tropic-marin-all-for-reef-powder\/"},"modified":"2026-03-01T16:20:12","modified_gmt":"2026-03-01T15:20:12","slug":"tropic-marin-all-for-reef-powder","status":"publish","type":"product","link":"https:\/\/www.seaflowerstore.com\/de\/tropic-marin-all-for-reef-powder\/","title":{"rendered":"Tropic Marin All for Reef Powder"},"content":{"rendered":"<h2>Tropic Marin All for Reef Powder Overall mineral supply for reef aquariums<\/h2>\n<p><strong>Tropic Marin<sup>\u00ae<\/sup> All-For-Reef Powder<\/strong> ist eine hochkonzentrierte Mineralmischung, die eine einfache und effektive L\u00f6sung zur Versorgung mit lebenswichtigen Mineralien und Spurenelementen in neu eingerichteten und durchschnittlichen Riffaquarien bietet. L\u00f6sen Sie es einfach in Umkehrosmosewasser auf, um loszulegen.<\/p>\n<p>Durch das Wachstum von Organismen und andere Prozesse in Ihrem Aquarium werden Mineralien verbraucht und m\u00fcssen regelm\u00e4\u00dfig aufgef\u00fcllt werden. Zu den Schl\u00fcsselelementen geh\u00f6ren Kalzium, Magnesium und Strontium sowie Karbonath\u00e4rter, die das Wachstum von Kalziumkarbonatskeletten in Steinkorallen, Kalkrotalgen und anderen Riffbewohnern unterst\u00fctzen. <strong>Tropic Marin All For Reef<\/strong> enth\u00e4lt alle diese wichtigen Komponenten in konzentrierter Form.<\/p>\n<p>Zus\u00e4tzlich sind alle lebenswichtigen Spurenelemente enthalten, wie Jod, Brom und Fluor, die f\u00fcr das Wachstum und die St\u00e4rkung der Skelette von Hornkorallen, Schw\u00e4mmen und Krabben entscheidend sind. Selen hilft bei der Beseitigung freier Radikale, w\u00e4hrend Eisen, Mangan, Zink, Kupfer, Nickel, Chrom, Kobalt, Molybd\u00e4n und Vanadium f\u00fcr die Bildung wichtiger Enzymkomplexe wichtig sind. Durch seine ausgewogenen Konzentrationsverh\u00e4ltnisse schafft <strong>Tropic Marin All For Reef<\/strong> optimale Pflegebedingungen mit nur einer L\u00f6sung. Wichtig dabei ist, dass keine zus\u00e4tzlichen Verbindungen wie Natriumchlorid enthalten sind, die den Salzgehalt oder das Ionengleichgewicht ver\u00e4ndern w\u00fcrden.<\/p>\n<h3>Vorteile:<\/h3>\n<ul>\n<li>Vollst\u00e4ndige Mineralversorgung in einer einzigen Komponente<\/li>\n<li>Die wichtigsten Spurenelemente sind bereits enthalten (alle Elemente der Tropic Marin\u00ae K+ Elements &#038; A- Elements)<\/li>\n<li>Keine Bildung von Nebenprodukten (z. B. Natriumchlorid); Salzgehalt und Ionenhaushalt bleiben unver\u00e4ndert<\/li>\n<li>Keine \u00fcbersch\u00fcssige Kohlendioxidproduktion<\/li>\n<li>Geeignet f\u00fcr Aquarien mit Weichkorallen, LPS, SPS, anderen Filtrierern und Krebstieren<\/li>\n<li>Einfache Anwendung \u2013 nach dem Aufl\u00f6sen sowohl f\u00fcr manuelle Dosierung als auch f\u00fcr Dosierpumpen perfekt geeignet<\/li>\n<\/ul>\n<h3>Anwendung:<\/h3>\n<p>Die 800 g-Dosis Tropic Marin <strong>All For Reef Powder<\/strong> reicht f\u00fcr 5 Liter Dosierl\u00f6sung, die 1600 g-Dosis reicht f\u00fcr 10 Liter. Zur Herstellung der fl\u00fcssigen Mineralmischung l\u00f6sen Sie 6 gestrichene Messl\u00f6ffel (ca. 160 g) <strong>All-For-Reef Powder<\/strong> in 1 Liter Umkehrosmosewasser auf. Diese L\u00f6sung ist lange haltbar und enth\u00e4lt 43.000 mg Calcium, 6.000 mg Karbonath\u00e4rter, 1.900 mg Magnesium, 780 mg Strontium und 34 mg Jod sowie alle weiteren wichtigen Spurenelemente.<\/p>\n<p>Beginnen Sie mit einer Tagesdosis von 5 ml der Mineralstoffl\u00f6sung je 100 Liter Aquarienvolumen. Behalten Sie die Karbonath\u00e4rte im Auge und erh\u00f6hen Sie die Tagesdosis w\u00f6chentlich um 2,5 ml je 100 Liter Aquarienvolumen, bis Sie einen stabilen Karbonath\u00e4rtewert von 7 bis 9 \u00b0dH erreichen.<\/p>\n<p><strong>Maximaldosis:<\/strong> T\u00e4glich 25 ml L\u00f6sung je 100 Liter Aquarienvolumen.<\/p>\n","protected":false},"excerpt":{"rendered":"<p>Tropic Marin All for Reef Powder Overall mineral supply for reef aquariums<\/p>\n","protected":false},"featured_media":83638,"template":"","meta":[],"pwb-brand":[2151],"product_cat":[1391,515],"product_tag":[],"class_list":{"0":"post-85728","1":"product","2":"type-product","3":"status-publish","4":"has-post-thumbnail","6":"pwb-brand-tropic-marin","7":"product_cat-ergaenzungen","8":"product_cat-additives","9":"pa_content-1600-gr","10":"pa_content-800-gr","11":"pa_inhoud-1600-gr-de","12":"pa_inhoud-800-gr-de","14":"first","15":"instock","16":"taxable","17":"shipping-taxable","18":"purchasable","19":"product-type-variable"},"acf":[],"brands":[{"id":2151,"name":"Tropic Marin","slug":"tropic-marin"}],"_links":{"self":[{"href":"https:\/\/www.seaflowerstore.com\/de\/wp-json\/wp\/v2\/product\/85728","targetHints":{"allow":["GET"]}}],"collection":[{"href":"https:\/\/www.seaflowerstore.com\/de\/wp-json\/wp\/v2\/product"}],"about":[{"href":"https:\/\/www.seaflowerstore.com\/de\/wp-json\/wp\/v2\/types\/product"}],"wp:featuredmedia":[{"embeddable":true,"href":"https:\/\/www.seaflowerstore.com\/de\/wp-json\/wp\/v2\/media\/83638"}],"wp:attachment":[{"href":"https:\/\/www.seaflowerstore.com\/de\/wp-json\/wp\/v2\/media?parent=85728"}],"wp:term":[{"taxonomy":"pwb-brand","embeddable":true,"href":"https:\/\/www.seaflowerstore.com\/de\/wp-json\/wp\/v2\/pwb-brand?post=85728"},{"taxonomy":"product_cat","embeddable":true,"href":"https:\/\/www.seaflowerstore.com\/de\/wp-json\/wp\/v2\/product_cat?post=85728"},{"taxonomy":"product_tag","embeddable":true,"href":"https:\/\/www.seaflowerstore.com\/de\/wp-json\/wp\/v2\/product_tag?post=85728"}],"curies":[{"name":"wp","href":"https:\/\/api.w.org\/{rel}","templated":true}]}}