{"id":85732,"date":"2021-07-25T19:45:06","date_gmt":"2021-07-25T17:45:06","guid":{"rendered":"https:\/\/www.seaflowerstore.com\/nl\/esha-minaroll\/"},"modified":"2025-07-09T13:02:56","modified_gmt":"2025-07-09T11:02:56","slug":"esha-minaroll","status":"publish","type":"product","link":"https:\/\/www.seaflowerstore.com\/de\/esha-minaroll\/","title":{"rendered":"eSHa Minaroll"},"content":{"rendered":"<h2>eSHa Minaroll trace elements, vitamins and minerals for both seawater and freshwater aquarium<\/h2>\n<p><strong>Anwendungsgebiete:<\/strong> eSHa Minaroll eignet sich ideal f\u00fcr den Einsatz bei akuten und chronischen Beschwerden, in Stressphasen oder zur Unterst\u00fctzung der Genesung. Es ist auch in Zeiten hohen Verbrauchs und schnellen Wachstums sowie zur Behebung von Mangelerscheinungen von Vorteil. Dieses Produkt hilft, die nat\u00fcrliche Widerstandskraft Ihrer Wasserlebewesen zu erhalten und zu st\u00e4rken und wirkt als unterst\u00fctzende Nahrungserg\u00e4nzung. Ein ausgewogenes Vitamingleichgewicht ist f\u00fcr die Verbesserung der Gesundheit und Vitalit\u00e4t Ihrer Fische unerl\u00e4sslich.<\/p>\n<p><strong>Was ist eSHa Minaroll?<\/strong> MINAROLL ist eine einzigartige Kombination aus Vitaminen, Spurenelementen und Mineralien, die eine entscheidende Rolle bei der Entwicklung aller Organismen spielen. Ausreichende Mengen sind notwendig, um einen gesunden Stoffwechsel in jedem Lebewesen zu f\u00f6rdern und aufrechtzuerhalten. Eine nahrhafte Ern\u00e4hrung mit Vitaminzus\u00e4tzen ist f\u00fcr die Erhaltung einer gesunden Aquarienumgebung unerl\u00e4sslich, da sie die nat\u00fcrliche Widerstandskraft st\u00e4rkt und vor Infektionen und Krankheiten sch\u00fctzt, insbesondere bei Fischen, die keinen Zugang zu einer nat\u00fcrlichen Nahrungsquelle haben und mit \u201evollst\u00e4ndigem Monofutter\u201c gef\u00fcttert werden.<\/p>\n<p><strong>Welchen Nutzen haben meine Fische von MINAROLL?<\/strong> Die regelm\u00e4\u00dfige Verwendung von MINAROLL versorgt Ihre Fische mit lebenswichtigen Vitaminen, Mineralien und Spurenelementen, die in Ihrem Aquarium m\u00f6glicherweise fehlen. Hier sind einige wichtige Vorteile der Verwendung von MINAROLL:<\/p>\n<ul>\n<li><strong>Krankheitskontrolle und Genesung:<\/strong> Fische ben\u00f6tigen w\u00e4hrend einer Krankheit oder Genesung aufgrund erh\u00f6hter Zellfunktionen und -aktivit\u00e4t im Zusammenhang mit der Immunabwehr mehr Vitamine, Mineralien und Spurenelemente. MINAROLL verbessert die Widerstandskraft gegen Krankheiten, indem es die Immunreaktion st\u00e4rkt und Vitamine stabilisiert, um das Risiko einer Sch\u00e4digung von Mikroorganismen zu verringern.<\/li>\n<li><strong>Geringerer Stress:<\/strong> Ung\u00fcnstige Umweltbedingungen wie schlechte Wasserqualit\u00e4t oder Transport k\u00f6nnen die Gesundheit der Fische beeintr\u00e4chtigen und die normale Vitaminaufnahme unzureichend machen.<\/li>\n<li><strong>F\u00f6rdert die Zellaktivit\u00e4t:<\/strong> Erh\u00f6hte Zellaktivit\u00e4t kann w\u00e4hrend des Laichens auftreten oder wenn Fische zus\u00e4tzliche biologische Anstrengungen unternehmen m\u00fcssen (wie z. B. schnelles Wachstum oder hoher Energieverbrauch). MINAROLL liefert zus\u00e4tzliche Vitamine, Mineralien und Spurenelemente, um ersch\u00f6pfte N\u00e4hrstoffe wieder aufzuf\u00fcllen.<\/li>\n<li><strong>Nachteile:<\/strong> Avitaminose kann aufgrund eines direkten Gesundheitsabfalls auftreten, der m\u00f6glicherweise auf die Einnahme von Medikamenten oder einen Mangel an abwechslungsreicher Ern\u00e4hrung zur\u00fcckzuf\u00fchren ist.<\/li>\n<li><strong>Allgemeine Pflege:<\/strong> MINAROLL dient auch als allgemeine Erg\u00e4nzung zur F\u00f6rderung der Gesundheit Ihrer Fische. Gesunde Fische k\u00f6nnen aufgrund ihrer robusten biologischen Abwehrmechanismen sch\u00e4dliche Bakterien und Mikroorganismen schnell eliminieren.<\/li>\n<\/ul>\n<p><strong>eSHa Minaroll &#8211; Zusammensetzung pro 20 ml:<\/strong><\/p>\n<ul>\n<li><strong>Vitamine:<\/strong>\n<ul>\n<li>Vitamin A 600 IE<\/li>\n<li>Vitamin B1 480 mcg<\/li>\n<li>Vitamin B2 120 mcg<\/li>\n<li>Vitamin B6 240 mcg<\/li>\n<li>Vitamin E 240 mcg<\/li>\n<li>Calciumpantothenat 2,8 mcg<\/li>\n<li>Biotin (Vitamin H) 6 mcg<\/li>\n<li>Vitamin B12 0,12 mcg<\/li>\n<li>Vitamin C 3600 mcg<\/li>\n<li>Vitamin D 12 mcg<\/li>\n<\/ul>\n<\/li>\n<li><strong>Mineralien:<\/strong>\n<ul>\n<li>Kalzium 6288 mcg<\/li>\n<li>Eisen 300 mcg<\/li>\n<li>Magnesium 960 mcg<\/li>\n<li>Mangan 50 mcg<\/li>\n<li>Phosphor 1080 mcg<\/li>\n<\/ul>\n<\/li>\n<li><strong>Spurenelemente:<\/strong>\n<ul>\n<li>Kupfer 9 mcg<\/li>\n<li>Zink 55 mcg<\/li>\n<li>Molybd\u00e4n 6 mcg<\/li>\n<li>Kobalt 11 mcg<\/li>\n<li>Bor 21 mcg<\/li>\n<\/ul>\n<\/li>\n<\/ul>\n<p><strong>Dosierung:<\/strong> Lesen Sie vor der Anwendung immer sorgf\u00e4ltig die Packungsbeilage. Berechnen Sie zun\u00e4chst das Volumen Ihres Aquariums und ber\u00fccksichtigen Sie dabei nur den mit Wasser gef\u00fcllten Bereich. (Sie k\u00f6nnen das Volumen um 10 % reduzieren, wenn Ihr Aquarium stark dekoriert ist.) Suchen Sie Ihr Aquariumvolumen auf der Dosierungsskala. Um eSHa Minaroll zu dosieren, drehen Sie die Flasche um und dr\u00fccken Sie vorsichtig auf die Pipette. Sie k\u00f6nnen MINAROLL in gleicher Dosierung auch direkt auf das Futter geben.<\/p>\n<p><strong>Standarddosierung von eSHa Minaroll:<\/strong> Zur Erhaltung und St\u00e4rkung der Abwehrkr\u00e4fte: W\u00f6chentlich 20 Tropfen auf 100 Liter Wasser.<\/p>\n<p><strong>Sonderdosierungen (f\u00fcr 100 Liter):<\/strong><\/p>\n<ul>\n<li>Zur Genesung bei akuten und chronischen Erkrankungen: 25 Tropfen t\u00e4glich.<\/li>\n<li>Zur Genesung nach Erkrankungen: 20 Tropfen t\u00e4glich.<\/li>\n<li>Bei starkem Wachstum (Aufzucht von Jungfischen in Zuchtaquarien): 10 Tropfen t\u00e4glich.<\/li>\n<\/ul>\n<p><strong>\u00dcberdosierung?<\/strong> Es ist ratsam, die empfohlene Dosierung bei der Anwendung von eSHa Minaroll nicht zu \u00fcberschreiten. MINAROLL ist jedoch unter normalen Umst\u00e4nden grunds\u00e4tzlich ungiftig, selbst wenn es zu einer versehentlichen \u00dcberdosierung kommt.<\/p>\n","protected":false},"excerpt":{"rendered":"<p>eSHa Minaroll trace elements, vitamins and minerals for both seawater and freshwater aquarium<\/p>\n","protected":false},"featured_media":83636,"template":"","meta":[],"pwb-brand":[2287],"product_cat":[1390,1432,1492,515],"product_tag":[],"class_list":{"0":"post-85732","1":"product","2":"type-product","3":"status-publish","4":"has-post-thumbnail","6":"pwb-brand-esha","7":"product_cat-medikamente","8":"product_cat-medikation","9":"product_cat-suesswasser","10":"product_cat-additives","11":"pa_content-180-ml","12":"pa_content-20-ml","13":"pa_content-500-ml","14":"pa_inhoud-180-ml-de","15":"pa_inhoud-20-ml-de","16":"pa_inhoud-500-ml-de","18":"first","19":"instock","20":"taxable","21":"shipping-taxable","22":"purchasable","23":"product-type-variable"},"acf":[],"brands":[{"id":2287,"name":"eSHa","slug":"esha"}],"_links":{"self":[{"href":"https:\/\/www.seaflowerstore.com\/de\/wp-json\/wp\/v2\/product\/85732","targetHints":{"allow":["GET"]}}],"collection":[{"href":"https:\/\/www.seaflowerstore.com\/de\/wp-json\/wp\/v2\/product"}],"about":[{"href":"https:\/\/www.seaflowerstore.com\/de\/wp-json\/wp\/v2\/types\/product"}],"wp:featuredmedia":[{"embeddable":true,"href":"https:\/\/www.seaflowerstore.com\/de\/wp-json\/wp\/v2\/media\/83636"}],"wp:attachment":[{"href":"https:\/\/www.seaflowerstore.com\/de\/wp-json\/wp\/v2\/media?parent=85732"}],"wp:term":[{"taxonomy":"pwb-brand","embeddable":true,"href":"https:\/\/www.seaflowerstore.com\/de\/wp-json\/wp\/v2\/pwb-brand?post=85732"},{"taxonomy":"product_cat","embeddable":true,"href":"https:\/\/www.seaflowerstore.com\/de\/wp-json\/wp\/v2\/product_cat?post=85732"},{"taxonomy":"product_tag","embeddable":true,"href":"https:\/\/www.seaflowerstore.com\/de\/wp-json\/wp\/v2\/product_tag?post=85732"}],"curies":[{"name":"wp","href":"https:\/\/api.w.org\/{rel}","templated":true}]}}