{"id":85737,"date":"2021-07-22T16:17:50","date_gmt":"2021-07-22T14:17:50","guid":{"rendered":"https:\/\/www.seaflowerstore.com\/nl\/tropic-marin-pro-coral-k-elements\/"},"modified":"2024-03-19T15:45:33","modified_gmt":"2024-03-19T14:45:33","slug":"tropic-marin-pro-coral-k-elements","status":"publish","type":"product","link":"https:\/\/www.seaflowerstore.com\/de\/tropic-marin-pro-coral-k-elements\/","title":{"rendered":"Tropic Marin Pro Coral K+ elements"},"content":{"rendered":"<h2>Tropic Marin Pro Coral K+ elements Essential anionic and cationic trace element supplements for marine aquariums<\/h2>\n<p>F\u00fcr das Wachstum von Korallen sind neben Kalzium und Karbonath\u00e4rte auch eine Vielzahl essentieller Spurenelemente erforderlich. Diese Elemente sind f\u00fcr den Stoffwechsel und die Skelettstruktur von Wirbellosen von entscheidender Bedeutung. Im Meerwasser sind diese Spurenelemente nur in winzigen Mengen vorhanden und werden durch das Korallenwachstum und andere biologische Prozesse schnell verbraucht.<\/p>\n<p>Deshalb ist eine regelm\u00e4\u00dfige Erg\u00e4nzung dieser Spurenelemente unerl\u00e4sslich.<\/p>\n<p>Nach umfangreichen wissenschaftlichen Analysen von Wasser- und Korallenskelettproben haben wir PRO-CORAL K ELEMENTS und PRO-CORAL A-ELEMENTS entwickelt. Diese L\u00f6sungen liefern die notwendigen kationischen und anionischen Spurenelemente f\u00fcr Riffaquarien in genau dosierten Mengen.<\/p>\n<p><strong>Vorteile:<\/strong><\/p>\n<ul>\n<li>Fl\u00fcssige Form essentieller anionischer und kationischer Spurenelement-Erg\u00e4nzungen<\/li>\n<li>Ein vollst\u00e4ndiges Profil essentieller Spurenelemente mit nur zwei L\u00f6sungen erh\u00e4ltlich<\/li>\n<li>PRO-CORAL K ELEMENTS liefert Kationen von Spurenelementen wie Barium, Chrom, Kobalt, Eisen, Kupfer, Mangan, Nickel, Strontium und Zink in rein mineralischer Form<\/li>\n<li>PRO-CORAL A-ELEMENTS liefert Anionen von Spurenelementen wie Brom, Fluor, Jod, Lithium, Molybd\u00e4n, Selen und Vanadium in rein mineralischer Form<\/li>\n<li>Sichere Dosierung mit sofortiger Verf\u00fcgbarkeit von Spurenelementen f\u00fcr Meeresorganismen<\/li>\n<li>F\u00f6rdert optimales Wachstum und nat\u00fcrliche F\u00e4rbung von Korallen und Wirbellosen<\/li>\n<li>Verhindert Korallenbleiche durch Spurenelementmangel<\/li>\n<\/ul>\n<p><strong>Anwendung:<\/strong><\/p>\n<p>Zur vollst\u00e4ndigen Spurenelementversorgung empfehlen wir die Verwendung beider Spurenelementl\u00f6sungen:<\/p>\n<ul>\n<li>T\u00e4glich 1 ml jeder Spurenelementl\u00f6sung pro 100 Liter Aquarienwasser zugeben. Achten Sie darauf, dass die Spurenelementl\u00f6sung nicht in direkten Kontakt mit den Tieren kommt. Mit zunehmender Aquarienbesatzdichte steigt auch der Bedarf an Spurenelementen. In dicht besetzten Aquarien k\u00f6nnen Sie die Dosierung bis zur unten angegebenen Maximaldosis erh\u00f6hen.<\/li>\n<li><strong>Maximaldosis:<\/strong> \u00dcberschreiten Sie nicht 2 ml pro 100 Liter (oder 25 Gallonen) Aquarienwasser pro Tag.<\/li>\n<li>Wenn Sie Kalzium mit BIO-CALCIUM oder BIO-CALCIUM ACTIF hinzuf\u00fcgen, sollte die Erg\u00e4nzung der Spurenelemente der Menge des hinzugef\u00fcgten Kalziums entsprechen: 5 ml Spurenelemente pro 5 ml BIO-CALCIUM \/ BIO-CALCIUM ACTIF.<\/li>\n<li>Die regelm\u00e4\u00dfige Dosierung von PRO-CORAL ELEMENTS kann mithilfe einer Dosierpumpe automatisiert werden.<\/li>\n<\/ul>\n","protected":false},"excerpt":{"rendered":"<p>Tropic Marin Pro Coral K+ elements Essential anionic and cationic trace element supplements for marine aquariums<\/p>\n","protected":false},"featured_media":83633,"template":"","meta":[],"pwb-brand":[2151],"product_cat":[1391,515],"product_tag":[],"class_list":{"0":"post-85737","1":"product","2":"type-product","3":"status-publish","4":"has-post-thumbnail","6":"pwb-brand-tropic-marin","7":"product_cat-ergaenzungen","8":"product_cat-additives","9":"pa_content-1000-ml","10":"pa_content-200-ml","11":"pa_content-500-ml","12":"pa_inhoud-1000-ml-de","13":"pa_inhoud-200-ml-de","14":"pa_inhoud-500-ml-de","16":"first","17":"instock","18":"taxable","19":"shipping-taxable","20":"product-type-variable"},"acf":[],"brands":[{"id":2151,"name":"Tropic Marin","slug":"tropic-marin"}],"_links":{"self":[{"href":"https:\/\/www.seaflowerstore.com\/de\/wp-json\/wp\/v2\/product\/85737","targetHints":{"allow":["GET"]}}],"collection":[{"href":"https:\/\/www.seaflowerstore.com\/de\/wp-json\/wp\/v2\/product"}],"about":[{"href":"https:\/\/www.seaflowerstore.com\/de\/wp-json\/wp\/v2\/types\/product"}],"wp:featuredmedia":[{"embeddable":true,"href":"https:\/\/www.seaflowerstore.com\/de\/wp-json\/wp\/v2\/media\/83633"}],"wp:attachment":[{"href":"https:\/\/www.seaflowerstore.com\/de\/wp-json\/wp\/v2\/media?parent=85737"}],"wp:term":[{"taxonomy":"pwb-brand","embeddable":true,"href":"https:\/\/www.seaflowerstore.com\/de\/wp-json\/wp\/v2\/pwb-brand?post=85737"},{"taxonomy":"product_cat","embeddable":true,"href":"https:\/\/www.seaflowerstore.com\/de\/wp-json\/wp\/v2\/product_cat?post=85737"},{"taxonomy":"product_tag","embeddable":true,"href":"https:\/\/www.seaflowerstore.com\/de\/wp-json\/wp\/v2\/product_tag?post=85737"}],"curies":[{"name":"wp","href":"https:\/\/api.w.org\/{rel}","templated":true}]}}