{"id":85741,"date":"2021-07-22T17:54:44","date_gmt":"2021-07-22T15:54:44","guid":{"rendered":"https:\/\/www.seaflowerstore.com\/nl\/fauna-marin-red-x-500ml\/"},"modified":"2026-01-15T09:58:14","modified_gmt":"2026-01-15T08:58:14","slug":"fauna-marin-red-x-500ml","status":"publish","type":"product","link":"https:\/\/www.seaflowerstore.com\/de\/fauna-marin-red-x-500ml\/","title":{"rendered":"Fauna Marin RED X 500ml"},"content":{"rendered":"<h2>Fauna Marin RED X 500ml<\/h2>\n<h2>Fauna Marin RED X bek\u00e4mpft unerw\u00fcnschte Algen auf biologische\/organische Weise<\/h2>\n<p>RED X von Fauna Marin bietet eine biologische und organische L\u00f6sung zur Bek\u00e4mpfung unerw\u00fcnschter Algen und ist sicher f\u00fcr Ihr Aquarium. Bei richtiger Anwendung ist RED X f\u00fcr Korallen, Fische und Wirbellose v\u00f6llig unsch\u00e4dlich.<\/p>\n<h4>RED X ist wirksam gegen:<\/h4>\n<ul>\n<li>Gr\u00fcne und rote Cyanobakterien<\/li>\n<li>Leichte Dinoflagellaten (Ostreopsis sp., Amphidinium sp., Prorocentrum sp., Coolia sp., Symbiodinium und andere)<\/li>\n<li>Gold- und Panzeralgen<\/li>\n<li>Kieselalgen<\/li>\n<\/ul>\n<h4><strong>Dosierung:<\/strong><\/h4>\n<ul>\n<li>F\u00fcgen Sie 6 Tage lang t\u00e4glich 10 ml pro 100 Liter Aquarienwasser hinzu.<\/li>\n<li>Warten Sie dann 5 Tage, um klare Ergebnisse zu sehen.<\/li>\n<li>Erneuern Sie das Wasser w\u00e4hrend der Behandlung NICHT.<\/li>\n<li>Vermeiden Sie die Verwendung von Kohlenstoff, PO4-Entferner, Ozon, UV oder anderen Absorber.<\/li>\n<li>Nach 11 Tagen k\u00f6nnen Sie mit der normalen Pflege fortfahren.<\/li>\n<\/ul>\n<h4><strong>Tipp:<\/strong><\/h4>\n<p>Nach Abschluss der Fauna Marin RED X-Behandlung empfiehlt sich die Zugabe von Fauna Marin Rebiotic. Dies hilft, ein gesundes biologisches Gleichgewicht in Ihrem Aquarium wiederherzustellen und aufrechtzuerhalten. Durch die vorbeugende Zugabe von Rebiotic k\u00f6nnen Sie die R\u00fcckkehr unerw\u00fcnschter Algen oder Cyanobakterien verhindern.<\/p>\n<h4><strong>Inhaltsstoffe:<\/strong><\/h4>\n<p>Wasser, Natriumchlorid, Salicyls\u00e4ure.<\/p>\n<h4><strong>Sicherheitshinweise:<\/strong><\/h4>\n<ul>\n<li>RED X ist ausschlie\u00dflich f\u00fcr die Verwendung in Meerwasseraquarien bestimmt. Bewahren Sie es au\u00dferhalb der Reichweite von Kindern auf und es ist nicht zum menschlichen Verzehr bestimmt. <strong>ACHTUNG: \u00c4TZEND!<\/strong><\/li>\n<li>Gehen Sie mit Bioziden immer vorsichtig um und lesen Sie vor der Anwendung die Gebrauchsanweisung.<\/li>\n<li>Dieses Produkt enth\u00e4lt keine Antibiotika oder verschreibungspflichtigen Medikamente.<\/li>\n<\/ul>\n","protected":false},"excerpt":{"rendered":"<p>Fauna Marin RED X from Fauna Marin covers, among other things, the cyano bacteria<\/p>\n","protected":false},"featured_media":83632,"template":"","meta":[],"pwb-brand":[2177],"product_cat":[1531,1437],"product_tag":[],"class_list":{"0":"post-85741","1":"product","2":"type-product","3":"status-publish","4":"has-post-thumbnail","6":"pwb-brand-fauna-marin","7":"product_cat-cyano-kontrolle","8":"product_cat-fauna-marin-de","10":"first","11":"outofstock","12":"taxable","13":"shipping-taxable","14":"purchasable","15":"product-type-simple"},"acf":[],"brands":[{"id":2177,"name":"Fauna Marin","slug":"fauna-marin"}],"_links":{"self":[{"href":"https:\/\/www.seaflowerstore.com\/de\/wp-json\/wp\/v2\/product\/85741","targetHints":{"allow":["GET"]}}],"collection":[{"href":"https:\/\/www.seaflowerstore.com\/de\/wp-json\/wp\/v2\/product"}],"about":[{"href":"https:\/\/www.seaflowerstore.com\/de\/wp-json\/wp\/v2\/types\/product"}],"wp:featuredmedia":[{"embeddable":true,"href":"https:\/\/www.seaflowerstore.com\/de\/wp-json\/wp\/v2\/media\/83632"}],"wp:attachment":[{"href":"https:\/\/www.seaflowerstore.com\/de\/wp-json\/wp\/v2\/media?parent=85741"}],"wp:term":[{"taxonomy":"pwb-brand","embeddable":true,"href":"https:\/\/www.seaflowerstore.com\/de\/wp-json\/wp\/v2\/pwb-brand?post=85741"},{"taxonomy":"product_cat","embeddable":true,"href":"https:\/\/www.seaflowerstore.com\/de\/wp-json\/wp\/v2\/product_cat?post=85741"},{"taxonomy":"product_tag","embeddable":true,"href":"https:\/\/www.seaflowerstore.com\/de\/wp-json\/wp\/v2\/product_tag?post=85741"}],"curies":[{"name":"wp","href":"https:\/\/api.w.org\/{rel}","templated":true}]}}