{"id":85742,"date":"2021-07-22T17:29:58","date_gmt":"2021-07-22T13:30:48","guid":{"rendered":"https:\/\/www.seaflowerstore.com\/nl\/sicce-micra-plus\/"},"modified":"2024-03-19T15:45:26","modified_gmt":"2024-03-19T14:45:26","slug":"sicce-micra-plus","status":"publish","type":"product","link":"https:\/\/www.seaflowerstore.com\/de\/sicce-micra-plus\/","title":{"rendered":"Sicce Micra Plus"},"content":{"rendered":"<h2>Sicce Micra Plus<\/h2>\n<p>Die Sicce <strong>Micra Plus-Pumpe<\/strong> ist eine vollst\u00e4ndig tauchf\u00e4hige und kompakte Pumpe und damit eine ausgezeichnete Wahl f\u00fcr Springbrunnen, Aquarien und Terrarien im Innen- und Au\u00dfenbereich. Seine geringe Gr\u00f6\u00dfe beeintr\u00e4chtigt seine Leistung nicht.<\/p>\n<h4><strong>Funktionen:<\/strong><\/h4>\n<ul>\n<li>Geeignet f\u00fcr Anwendungen im Wasser<\/li>\n<li>Q-max von 600 Litern pro Stunde<\/li>\n<li>Maximale Kopfh\u00f6he von 85 Zentimetern<\/li>\n<li>Ausgestattet mit vibrationshemmenden Saugn\u00e4pfen<\/li>\n<li>13-mm-Auslass<\/li>\n<li>13-mm-Schlauchanschluss m\u00e4nnlich<\/li>\n<li>Langlebiger Schaft aus rostfreiem AISI 316-Stahl<\/li>\n<li>Abmessungen von 57 x 43 x 52 mm (L x B x H)<\/li>\n<li>Kabell\u00e4nge von 1,5 Metern \u2013 EU 2P<\/li>\n<li>Geringer Stromverbrauch von 6,5 Watt<\/li>\n<\/ul>\n","protected":false},"excerpt":{"rendered":"<p>Sicce <strong>micra plus pump<\/strong> is a fully submersible, compact pump, the small size is great for indoor or outdoor fountains, aquariums and terrariums<\/p>\n","protected":false},"featured_media":83630,"template":"","meta":[],"pwb-brand":[2163],"product_cat":[1466,2104],"product_tag":[],"class_list":{"0":"post-85742","1":"product","2":"type-product","3":"status-publish","4":"has-post-thumbnail","6":"pwb-brand-sicce","7":"product_cat-pumpen","8":"product_cat-sicce-de","10":"first","11":"instock","12":"taxable","13":"shipping-taxable","14":"purchasable","15":"product-type-simple"},"acf":[],"brands":[{"id":2163,"name":"Sicce","slug":"sicce"}],"_links":{"self":[{"href":"https:\/\/www.seaflowerstore.com\/de\/wp-json\/wp\/v2\/product\/85742","targetHints":{"allow":["GET"]}}],"collection":[{"href":"https:\/\/www.seaflowerstore.com\/de\/wp-json\/wp\/v2\/product"}],"about":[{"href":"https:\/\/www.seaflowerstore.com\/de\/wp-json\/wp\/v2\/types\/product"}],"wp:featuredmedia":[{"embeddable":true,"href":"https:\/\/www.seaflowerstore.com\/de\/wp-json\/wp\/v2\/media\/83630"}],"wp:attachment":[{"href":"https:\/\/www.seaflowerstore.com\/de\/wp-json\/wp\/v2\/media?parent=85742"}],"wp:term":[{"taxonomy":"pwb-brand","embeddable":true,"href":"https:\/\/www.seaflowerstore.com\/de\/wp-json\/wp\/v2\/pwb-brand?post=85742"},{"taxonomy":"product_cat","embeddable":true,"href":"https:\/\/www.seaflowerstore.com\/de\/wp-json\/wp\/v2\/product_cat?post=85742"},{"taxonomy":"product_tag","embeddable":true,"href":"https:\/\/www.seaflowerstore.com\/de\/wp-json\/wp\/v2\/product_tag?post=85742"}],"curies":[{"name":"wp","href":"https:\/\/api.w.org\/{rel}","templated":true}]}}