{"id":85743,"date":"2021-07-22T17:18:53","date_gmt":"2021-07-22T15:18:53","guid":{"rendered":"https:\/\/www.seaflowerstore.com\/nl\/sicce-micra\/"},"modified":"2024-03-19T15:45:24","modified_gmt":"2024-03-19T14:45:24","slug":"sicce-micra","status":"publish","type":"product","link":"https:\/\/www.seaflowerstore.com\/de\/sicce-micra\/","title":{"rendered":"Sicce Micra"},"content":{"rendered":"<h2>Sicce Micra submersible recirculation pump 400l\/h<\/h2>\n<p>Die Sicce <strong>Micra-Pumpe<\/strong> ist eine vollst\u00e4ndig tauchf\u00e4hige und kompakte Pumpe. Seine geringe Gr\u00f6\u00dfe macht ihn perfekt f\u00fcr Innen- und Au\u00dfenbrunnen, Aquarien und Terrarien.<\/p>\n<h4><strong>Funktionen:<\/strong><\/h4>\n<ul>\n<li>Entwickelt f\u00fcr Anwendungen im Wasser<\/li>\n<li>Maximale Durchflussrate von 400 Litern pro Stunde<\/li>\n<li>Maximale H\u00f6he von 60 Zentimetern<\/li>\n<li>Ausgestattet mit vibrationshemmenden Saugn\u00e4pfen<\/li>\n<li>13-mm-Auslass f\u00fcr einfaches Anschlie\u00dfen<\/li>\n<li>Inklusive 13-mm-Schlauchanschluss<\/li>\n<li>Langlebiger Schaft aus rostfreiem AISI 316-Stahl<\/li>\n<li>Abmessungen: 57 x 43 x 52 mm (L x B x H)<\/li>\n<li>Netzkabell\u00e4nge von 1,5 Metern \u2013 EU 2P<\/li>\n<li>Geringer Stromverbrauch von nur 6 Watt<\/li>\n<\/ul>\n","protected":false},"excerpt":{"rendered":"<p>Sicce <strong>micra pump<\/strong> is a fully submersible, compact pump, the small size is great for indoor or outdoor fountains, aquariums and terrariums<\/p>\n","protected":false},"featured_media":83628,"template":"","meta":[],"pwb-brand":[2163],"product_cat":[1466,2104],"product_tag":[],"class_list":{"0":"post-85743","1":"product","2":"type-product","3":"status-publish","4":"has-post-thumbnail","6":"pwb-brand-sicce","7":"product_cat-pumpen","8":"product_cat-sicce-de","10":"first","11":"instock","12":"taxable","13":"shipping-taxable","14":"purchasable","15":"product-type-simple"},"acf":[],"brands":[{"id":2163,"name":"Sicce","slug":"sicce"}],"_links":{"self":[{"href":"https:\/\/www.seaflowerstore.com\/de\/wp-json\/wp\/v2\/product\/85743","targetHints":{"allow":["GET"]}}],"collection":[{"href":"https:\/\/www.seaflowerstore.com\/de\/wp-json\/wp\/v2\/product"}],"about":[{"href":"https:\/\/www.seaflowerstore.com\/de\/wp-json\/wp\/v2\/types\/product"}],"wp:featuredmedia":[{"embeddable":true,"href":"https:\/\/www.seaflowerstore.com\/de\/wp-json\/wp\/v2\/media\/83628"}],"wp:attachment":[{"href":"https:\/\/www.seaflowerstore.com\/de\/wp-json\/wp\/v2\/media?parent=85743"}],"wp:term":[{"taxonomy":"pwb-brand","embeddable":true,"href":"https:\/\/www.seaflowerstore.com\/de\/wp-json\/wp\/v2\/pwb-brand?post=85743"},{"taxonomy":"product_cat","embeddable":true,"href":"https:\/\/www.seaflowerstore.com\/de\/wp-json\/wp\/v2\/product_cat?post=85743"},{"taxonomy":"product_tag","embeddable":true,"href":"https:\/\/www.seaflowerstore.com\/de\/wp-json\/wp\/v2\/product_tag?post=85743"}],"curies":[{"name":"wp","href":"https:\/\/api.w.org\/{rel}","templated":true}]}}