{"id":85744,"date":"2021-07-22T15:33:25","date_gmt":"2021-07-22T11:42:28","guid":{"rendered":"https:\/\/www.seaflowerstore.com\/nl\/moai-bio-guardian-white\/"},"modified":"2024-03-19T15:45:23","modified_gmt":"2024-03-19T14:45:23","slug":"moai-bio-guardian-white","status":"publish","type":"product","link":"https:\/\/www.seaflowerstore.com\/de\/moai-bio-guardian-white\/","title":{"rendered":"MOAI Bio-guardian White"},"content":{"rendered":"<h2>Arka MOAI Bio-guardian White is a statue to grow buttons over<\/h2>\n<p>Der W\u00e4chter ist etwa 18 cm hoch und geh\u00f6rt zur MOAI BIO Guardian Naturescape Bioactive Aquarium-Dekorationskollektion von ARKA. Dieses St\u00fcck dient nicht nur der Dekoration; seine por\u00f6se Oberfl\u00e4che spielt eine wichtige Rolle bei der Unterst\u00fctzung der Ansiedlung n\u00fctzlicher Mikroorganismen. Diese Mikroorganismen sind wichtig, da sie als Nahrung f\u00fcr Fische und Garnelen dienen.<\/p>\n<p>Der MOAI kann mit geeigneten Pflanzen wie <em>Anubia barterie<\/em> kombiniert oder mit Moosen, Farnen und anderen Gr\u00fcnpflanzen geschm\u00fcckt werden. Diese Kombination verst\u00e4rkt die nat\u00fcrliche Filterung Ihres Aquariums.<\/p>\n<h3>Die Vorteile auf einen Blick:<\/h3>\n<ul>\n<li>Unterst\u00fctzt den Abbau von Schadstoffen (sowohl aerob als auch anaerob)<\/li>\n<li>Bietet eine optimale Siedlungsfl\u00e4che f\u00fcr n\u00fctzliche Mikroorganismen<\/li>\n<li>Bepflanzbar<\/li>\n<li>Hergestellt aus nat\u00fcrlichen Rohstoffen<\/li>\n<li>Wasserneutral<\/li>\n<li>Frei von Schadstoffen<\/li>\n<\/ul>\n","protected":false},"excerpt":{"rendered":"<p>Arka MOAI Bio-guardian White is a statue to grow buttons over<\/p>\n","protected":false},"featured_media":83627,"template":"","meta":[],"pwb-brand":[2253],"product_cat":[1461,1532,1386],"product_tag":[],"class_list":{"0":"post-85744","1":"product","2":"type-product","3":"status-publish","4":"has-post-thumbnail","6":"pwb-brand-arka","7":"product_cat-schneidzubehoer","8":"product_cat-aquascaping-de","9":"product_cat-steine","11":"first","12":"outofstock","13":"taxable","14":"shipping-taxable","15":"purchasable","16":"product-type-simple"},"acf":[],"brands":[{"id":2253,"name":"Arka","slug":"arka"}],"_links":{"self":[{"href":"https:\/\/www.seaflowerstore.com\/de\/wp-json\/wp\/v2\/product\/85744","targetHints":{"allow":["GET"]}}],"collection":[{"href":"https:\/\/www.seaflowerstore.com\/de\/wp-json\/wp\/v2\/product"}],"about":[{"href":"https:\/\/www.seaflowerstore.com\/de\/wp-json\/wp\/v2\/types\/product"}],"wp:featuredmedia":[{"embeddable":true,"href":"https:\/\/www.seaflowerstore.com\/de\/wp-json\/wp\/v2\/media\/83627"}],"wp:attachment":[{"href":"https:\/\/www.seaflowerstore.com\/de\/wp-json\/wp\/v2\/media?parent=85744"}],"wp:term":[{"taxonomy":"pwb-brand","embeddable":true,"href":"https:\/\/www.seaflowerstore.com\/de\/wp-json\/wp\/v2\/pwb-brand?post=85744"},{"taxonomy":"product_cat","embeddable":true,"href":"https:\/\/www.seaflowerstore.com\/de\/wp-json\/wp\/v2\/product_cat?post=85744"},{"taxonomy":"product_tag","embeddable":true,"href":"https:\/\/www.seaflowerstore.com\/de\/wp-json\/wp\/v2\/product_tag?post=85744"}],"curies":[{"name":"wp","href":"https:\/\/api.w.org\/{rel}","templated":true}]}}